{"id":5540,"date":"2022-06-30T15:22:04","date_gmt":"2022-06-30T13:22:04","guid":{"rendered":"https:\/\/www.camminodonbosco.eu\/de-chieri-au-colle-don-bosco\/"},"modified":"2024-01-06T19:31:35","modified_gmt":"2024-01-06T18:31:35","slug":"de-chieri-au-colle-don-bosco","status":"publish","type":"page","link":"https:\/\/www.camminodonbosco.eu\/fr\/de-chieri-au-colle-don-bosco\/","title":{"rendered":"De Chieri au Colle Don Bosco"},"content":{"rendered":"\n<p><em>Excursion jusqu&rsquo;au Colle, jusqu&rsquo;\u00e0 la maison natale de S. Domenico Savio et \u00e0 travers la campagne entre Chieri, Riva presso Chieri et Buttigliera d\u2019Asti.<\/em><\/p>\n\n<p><strong>D\u00e9part<\/strong>: Chieri, piazza Duomo (283 m)<br\/><strong>Arriv\u00e9e<\/strong>: Basilica del Colle Don Bosco (260 m)<br\/><strong>Distance<\/strong>: 19,0 km<br\/><strong>D\u00e9nivel\u00e9<\/strong>: 146 m<br\/><strong>Difficult\u00e9<\/strong> : randonn\u00e9e, itin\u00e9raire plat<br\/><strong>Ravitaillement<\/strong> : apr\u00e8s Chieri, pas de points de ravitaillement jusqu&rsquo;au Colle Don Bosco<br\/><strong>Eau<\/strong> : \u00c0 Chieri, fontaines dans via Tana, piazza Duomo, Chiesa San Domenico, et deux fontaines dans via Buttigliera entre le cimeti\u00e8re et les \u00e9coles. Ensuite, fontaine \u00e0 San Giovanni di Riva (maison de Saint Dominique Savio) et 3 fontaines au Colle Don Bosco <\/p>\n\n<div style=\"height:20px\" aria-hidden=\"true\" class=\"wp-block-spacer\"><\/div>\n\n<h2 class=\"wp-block-heading\">Description<\/h2>\n\n<p>Partez de la piazza Duomo (<strong>I<\/strong>) et suivez via Vittorio Emanuele en passant sous l&rsquo;arc jusqu&rsquo;\u00e0 San Filippo (Centre Visite Don Bosco) pour atteindre l&rsquo;\u00e9glise de San Domenico. Montez via delle Rosine, tournez \u00e0 gauche dans via Avezzana, puis imm\u00e9diatement \u00e0 droite dans via Albussano, traversez corso Matteotti et continuez tout droit dans via Buttigliera. Apr\u00e8s environ 1 km, au niveau du cimeti\u00e8re, continuez sur le c\u00f4t\u00e9 gauche du mur du cimeti\u00e8re le long de via Pirandello, jusqu&rsquo;\u00e0 arriver sur un grand parking ; tournez ici \u00e0 gauche pour rejoindre la strada vecchia di Buttigliera que vous suivez ensuite \u00e0 droite &#8211; en empruntant la piste cyclable &#8211; jusqu&rsquo;\u00e0 la rotonde, atteinte apr\u00e8s environ 1,8 km de marche. Traversez pour continuer sur la route goudronn\u00e9e \u00e0 gauche de la Cascina Robbio (en passant \u00e0 c\u00f4t\u00e9 de grands enclos pour animaux) en d\u00e9passant le Rio di Cesole et le Rio Moano ; suivez l&rsquo;asphalte qui tourne \u00e0 droite (en ignorant la d\u00e9viation vers la Cascina Riviera) \u00e0 c\u00f4t\u00e9 de grands enclos, puis tournez \u00e0 droite apr\u00e8s environ 400 m\u00e8tres pour continuer tout droit jusqu&rsquo;\u00e0 rejoindre la SP121 Riva presso Chieri-Arignano dans le hameau de San Giovanni, \u00e0 environ 4,2 km de la Cascina Robbio. Traversez la route provinciale et le hameau (via Don Bosco), marchez pendant presque 1 km, d&rsquo;abord jusqu&rsquo;\u00e0 la maison natale de Saint Dominique Savio, puis jusqu&rsquo;\u00e0 l&rsquo;intersection avec la SP32 Riva presso Chieri-Buttigliera d&rsquo;Asti. En faisant tr\u00e8s attention, traversez de l&rsquo;autre c\u00f4t\u00e9 de la route provinciale, parcourez une vingtaine de m\u00e8tres vers la gauche et tournez \u00e0 droite sur un petit chemin de terre \u00e0 c\u00f4t\u00e9 de la zone industrielle (ex-Embraco). En d\u00e9crivant un large arc vers la gauche, vous arriverez sur une route bord\u00e9e de beaux ch\u00eanes qui, en laissant sur la droite la Cascina Martina, m\u00e8ne \u00e0 un croisement apr\u00e8s 1,5 km de marche. Tournez \u00e0 droite, puis continuez tout droit sur l&rsquo;interpod\u00e9ral en laissant sur la droite les Cascines Corna et Serramena et plus tard une route goudronn\u00e9e. Un peu plus loin, une belle vue panoramique \u00e0 gauche s&rsquo;\u00e9tend du clocher de Buttigliera \u00e0 la cha\u00eene des Alpes, tandis qu&rsquo;\u00e0 gauche, vous aurez une vue int\u00e9ressante sur le Colle Don Bosco. Ignorez une autre d\u00e9viation \u00e0 droite menant \u00e0 une ferme, et apr\u00e8s plus de 3,5 km, vous arriverez \u00e0 l&rsquo;endroit appel\u00e9 Croce Grande dans le hameau de Crivelle, o\u00f9 vous croiserez la SP16. Traversez la route provinciale, continuez tout droit pendant 100 m\u00e8tres, puis tournez \u00e0 droite et suivez le petit chemin qui descend \u00e0 travers les prairies (vue du Colle en arri\u00e8re-plan). Ignorez le premier chemin \u00e0 droite pour continuer \u00e0 descendre \u00e0 droite au prochain croisement. Ignorez les prochaines d\u00e9viations \u00e0 gauche et arrivez \u00e0 un carrefour (environ 2,4 km du carrefour de Croce Grande) pr\u00e8s d&rsquo;un pont.             <em>Ici, l&rsquo;itin\u00e9raire rejoint celui de l&rsquo;\u00c9tape 3 du Chemin du milieu, auquel nous renvoyons pour la description de la fin du parcours.<\/em><\/p>\n\n<div style=\"height:20px\" aria-hidden=\"true\" class=\"wp-block-spacer\"><\/div>\n\n<div class=\"wp-block-cover is-light\"><span aria-hidden=\"true\" class=\"wp-block-cover__background has-cyan-bluish-gray-background-color has-background-dim\"><\/span><div class=\"wp-block-cover__inner-container is-layout-flow wp-block-cover-is-layout-flow\">\n<div class=\"wp-block-group is-layout-flow wp-block-group-is-layout-flow\">\n<h2 class=\"wp-block-heading\">Sur les traces de Don Bosco<\/h2>\n\n\n\n<p><strong>San Domenico Savio et San Giovanni Bosco<\/strong><\/p>\n\n\n\n<figure class=\"wp-block-image alignright size-large is-resized\"><img decoding=\"async\" src=\"https:\/\/www.camminodonbosco.eu\/wp-content\/uploads\/2022\/07\/La-casa-di-San-Domenico-Savio-a-San-Giovanni-di-Riva-presso-Chieri-110x300.jpg\" alt=\"\" style=\"width:166px;height:auto\"\/><\/figure>\n\n\n\n<p>Dominique Savio est n\u00e9 dans une ferme \u00e0 San Giovanni di Riva le 2 avril 1842, fils du forgeron Carlo et de Brigida Gaiato, couturi\u00e8re. Deuxi\u00e8me de dix fr\u00e8res, il a \u00e9t\u00e9 baptis\u00e9 dans l&rsquo;\u00e9glise paroissiale de Riva le jour m\u00eame de sa naissance. Aujourd&rsquo;hui, tout le complexe a \u00e9t\u00e9 transform\u00e9 en un Centre de spiritualit\u00e9 et d&rsquo;accueil, mais la maison natale est encore visitable : la petite chapelle am\u00e9nag\u00e9e dans l&rsquo;ancienne cuisine, un petit mus\u00e9e reproduisant l&rsquo;atelier de son p\u00e8re, la chambre o\u00f9 Dominique est n\u00e9 avec les sols d&rsquo;origine en briques et la petite chambre des enfants sont ouverts aux visiteurs. Le futur saint a v\u00e9cu dans sa ville natale jusqu&rsquo;en novembre 1843, lorsque les Savio ont d\u00e9m\u00e9nag\u00e9 \u00e0 Morialdo, hameau de Castelnuovo d&rsquo;Asti, o\u00f9 ils sont rest\u00e9s jusqu&rsquo;en f\u00e9vrier 1853, date \u00e0 laquelle ils ont d\u00e9m\u00e9nag\u00e9 \u00e0 Mondonio. Le 2 octobre 1854, lors de la f\u00eate de Notre-Dame du Rosaire, le jeune Dominique, \u00e2g\u00e9 de douze ans, a rencontr\u00e9 Don Bosco aux Becchi : ce fut une \u00e9tape d\u00e9cisive pour son chemin vers la saintet\u00e9, car \u00e0 cette occasion, Dominique a demand\u00e9 \u00e0 \u00eatre admis \u00e0 l&rsquo;Oratoire, exprimant le d\u00e9sir de devenir pr\u00eatre. Le gar\u00e7on a donc \u00e9t\u00e9 accueilli \u00e0 Turin en raison de ses dons exceptionnels d&rsquo;\u00e2me et d&rsquo;intellect, sous la direction spirituelle de Don Bosco. Il y est rest\u00e9 jusqu&rsquo;en mars 1857, date \u00e0 laquelle, \u00e0 cause d&rsquo;une grave maladie, il a d\u00fb retourner \u00e0 Mondonio, o\u00f9 il est d\u00e9c\u00e9d\u00e9 le 9 mars 1857. Ses restes reposent dans la Basilique Marie-Auxiliatrice \u00e0 Turin. Le 12 juin 1954, il a \u00e9t\u00e9 proclam\u00e9 saint par le pape Pie XII, dans la Basilique Saint-Pierre de Rome. Sa f\u00eate est c\u00e9l\u00e9br\u00e9e le 6 mai et il est consid\u00e9r\u00e9 comme le \u00ab\u00a0protecteur des mamans en attente\u00a0\u00bb. Un monument en son honneur a \u00e9t\u00e9 \u00e9rig\u00e9 pr\u00e8s de sa maison natale \u00e0 l&rsquo;occasion du centenaire de sa mort.          <\/p>\n<\/div>\n<\/div><\/div>\n\n<div style=\"height:20px\" aria-hidden=\"true\" class=\"wp-block-spacer\"><\/div>\n\n<h2 class=\"wp-block-heading\">Carte<\/h2>\n\n<figure data-wp-context=\"{&quot;imageId&quot;:&quot;69f2a4cc7bc75&quot;}\" data-wp-interactive=\"core\/image\" data-wp-key=\"69f2a4cc7bc75\" class=\"wp-block-image size-full wp-lightbox-container\"><img fetchpriority=\"high\" decoding=\"async\" width=\"2560\" height=\"535\" data-wp-class--hide=\"state.isContentHidden\" data-wp-class--show=\"state.isContentVisible\" data-wp-init=\"callbacks.setButtonStyles\" data-wp-on--click=\"actions.showLightbox\" data-wp-on--load=\"callbacks.setButtonStyles\" data-wp-on-window--resize=\"callbacks.setButtonStyles\" src=\"https:\/\/www.camminodonbosco.eu\/wp-content\/uploads\/2022\/07\/Tappa-3-CDB-Basso-CHIERI-COLLE-DON-BOSCO-scaled.jpg\" alt=\"\" class=\"wp-image-1374\" style=\"object-fit:cover\" srcset=\"https:\/\/www.camminodonbosco.eu\/wp-content\/uploads\/2022\/07\/Tappa-3-CDB-Basso-CHIERI-COLLE-DON-BOSCO-scaled.jpg 2560w, https:\/\/www.camminodonbosco.eu\/wp-content\/uploads\/2022\/07\/Tappa-3-CDB-Basso-CHIERI-COLLE-DON-BOSCO-300x63.jpg 300w, https:\/\/www.camminodonbosco.eu\/wp-content\/uploads\/2022\/07\/Tappa-3-CDB-Basso-CHIERI-COLLE-DON-BOSCO-1024x214.jpg 1024w, https:\/\/www.camminodonbosco.eu\/wp-content\/uploads\/2022\/07\/Tappa-3-CDB-Basso-CHIERI-COLLE-DON-BOSCO-768x161.jpg 768w, https:\/\/www.camminodonbosco.eu\/wp-content\/uploads\/2022\/07\/Tappa-3-CDB-Basso-CHIERI-COLLE-DON-BOSCO-1536x321.jpg 1536w, https:\/\/www.camminodonbosco.eu\/wp-content\/uploads\/2022\/07\/Tappa-3-CDB-Basso-CHIERI-COLLE-DON-BOSCO-2048x428.jpg 2048w\" sizes=\"(max-width: 2560px) 100vw, 2560px\" \/><button\n\t\t\tclass=\"lightbox-trigger\"\n\t\t\ttype=\"button\"\n\t\t\taria-haspopup=\"dialog\"\n\t\t\taria-label=\"Agrandir\"\n\t\t\tdata-wp-init=\"callbacks.initTriggerButton\"\n\t\t\tdata-wp-on--click=\"actions.showLightbox\"\n\t\t\tdata-wp-style--right=\"state.imageButtonRight\"\n\t\t\tdata-wp-style--top=\"state.imageButtonTop\"\n\t\t>\n\t\t\t<svg xmlns=\"http:\/\/www.w3.org\/2000\/svg\" width=\"12\" height=\"12\" fill=\"none\" viewBox=\"0 0 12 12\">\n\t\t\t\t<path fill=\"#fff\" d=\"M2 0a2 2 0 0 0-2 2v2h1.5V2a.5.5 0 0 1 .5-.5h2V0H2Zm2 10.5H2a.5.5 0 0 1-.5-.5V8H0v2a2 2 0 0 0 2 2h2v-1.5ZM8 12v-1.5h2a.5.5 0 0 0 .5-.5V8H12v2a2 2 0 0 1-2 2H8Zm2-12a2 2 0 0 1 2 2v2h-1.5V2a.5.5 0 0 0-.5-.5H8V0h2Z\" \/>\n\t\t\t<\/svg>\n\t\t<\/button><\/figure>\n","protected":false},"excerpt":{"rendered":"<p>Excursion jusqu&rsquo;au Colle, jusqu&rsquo;\u00e0 la maison natale de S. Domenico Savio et \u00e0 travers la campagne entre Chieri, Riva presso Chieri et Buttigliera d\u2019Asti. D\u00e9part: Chieri, piazza Duomo (283 m)Arriv\u00e9e: Basilica del Colle Don Bosco (260 m)Distance: 19,0 kmD\u00e9nivel\u00e9: 146 mDifficult\u00e9 : randonn\u00e9e, itin\u00e9raire platRavitaillement : apr\u00e8s Chieri, pas de points de ravitaillement jusqu&rsquo;au Colle [&hellip;]<\/p>\n","protected":false},"author":1,"featured_media":0,"parent":0,"menu_order":0,"comment_status":"closed","ping_status":"closed","template":"","meta":{"footnotes":""},"class_list":["post-5540","page","type-page","status-publish","hentry"],"_links":{"self":[{"href":"https:\/\/www.camminodonbosco.eu\/fr\/wp-json\/wp\/v2\/pages\/5540","targetHints":{"allow":["GET"]}}],"collection":[{"href":"https:\/\/www.camminodonbosco.eu\/fr\/wp-json\/wp\/v2\/pages"}],"about":[{"href":"https:\/\/www.camminodonbosco.eu\/fr\/wp-json\/wp\/v2\/types\/page"}],"author":[{"embeddable":true,"href":"https:\/\/www.camminodonbosco.eu\/fr\/wp-json\/wp\/v2\/users\/1"}],"replies":[{"embeddable":true,"href":"https:\/\/www.camminodonbosco.eu\/fr\/wp-json\/wp\/v2\/comments?post=5540"}],"version-history":[{"count":0,"href":"https:\/\/www.camminodonbosco.eu\/fr\/wp-json\/wp\/v2\/pages\/5540\/revisions"}],"wp:attachment":[{"href":"https:\/\/www.camminodonbosco.eu\/fr\/wp-json\/wp\/v2\/media?parent=5540"}],"curies":[{"name":"wp","href":"https:\/\/api.w.org\/{rel}","templated":true}]}}