{"id":5544,"date":"2022-06-30T17:48:39","date_gmt":"2022-06-30T15:48:39","guid":{"rendered":"https:\/\/www.camminodonbosco.eu\/cinzano-arignano-tetti-chiaffredo-v1-v2\/"},"modified":"2024-02-22T21:42:50","modified_gmt":"2024-02-22T20:42:50","slug":"cinzano-arignano-tetti-chiaffredo-v1-v2","status":"publish","type":"page","link":"https:\/\/www.camminodonbosco.eu\/fr\/cinzano-arignano-tetti-chiaffredo-v1-v2\/","title":{"rendered":"Cinzano-Arignano, Tetti Chiaffredo (V1-V2)"},"content":{"rendered":"\n<h2 class=\"wp-block-heading\">Notes techniques<\/h2>\n\n<p><strong>Longueur<\/strong>: 4,2 km<br\/><strong>D\u00e9nivel\u00e9<\/strong>: 19 m<\/p>\n\n<div style=\"height:20px\" aria-hidden=\"true\" class=\"wp-block-spacer\"><\/div>\n\n<h2 class=\"wp-block-heading\">Description<\/h2>\n\n<p>Depuis le carrefour (<strong>V1<\/strong>), continuez \u00e0 droite en descendant d&rsquo;abord sur du chemin de terre puis sur de l&rsquo;asphalte, d\u00e9passant la magnifique \u00e9glise de San Giorgio di Vergnano, pour ensuite continuer tout droit au carrefour avec la route menant vers Vernone et Sciolze, jusqu&rsquo;\u00e0 croiser (apr\u00e8s environ 2,7 km) la SP32a. Tournez \u00e0 droite et suivez la route provinciale sur 1,5 km, en laissant \u00e0 gauche la Cascina le Roasine et en traversant l&rsquo;agglom\u00e9ration de Tetti Chiaffredo, jusqu&rsquo;\u00e0 l&rsquo;intersection (<strong>V2<\/strong>) avec le parcours de l&rsquo;\u00c9tape 2 du Chemin interm\u00e9diaire au niveau d&rsquo;une grande ferme sur le c\u00f4t\u00e9 droit de la route provinciale. <\/p>\n\n<div style=\"height:20px\" aria-hidden=\"true\" class=\"wp-block-spacer\"><\/div>\n\n<h2 class=\"wp-block-heading\">Carte<\/h2>\n\n<figure data-wp-context=\"{&quot;imageId&quot;:&quot;69f2dffaf1581&quot;}\" data-wp-interactive=\"core\/image\" data-wp-key=\"69f2dffaf1581\" class=\"wp-block-image size-full wp-lightbox-container\"><img fetchpriority=\"high\" decoding=\"async\" width=\"737\" height=\"1403\" data-wp-class--hide=\"state.isContentHidden\" data-wp-class--show=\"state.isContentVisible\" data-wp-init=\"callbacks.setButtonStyles\" data-wp-on--click=\"actions.showLightbox\" data-wp-on--load=\"callbacks.setButtonStyles\" data-wp-on-window--resize=\"callbacks.setButtonStyles\" src=\"https:\/\/www.camminodonbosco.eu\/wp-content\/uploads\/2024\/01\/Collegamento-V1-V2.jpg\" alt=\"\" class=\"wp-image-5040\" srcset=\"https:\/\/www.camminodonbosco.eu\/wp-content\/uploads\/2024\/01\/Collegamento-V1-V2.jpg 737w, https:\/\/www.camminodonbosco.eu\/wp-content\/uploads\/2024\/01\/Collegamento-V1-V2-158x300.jpg 158w, https:\/\/www.camminodonbosco.eu\/wp-content\/uploads\/2024\/01\/Collegamento-V1-V2-538x1024.jpg 538w\" sizes=\"(max-width: 737px) 100vw, 737px\" \/><button\n\t\t\tclass=\"lightbox-trigger\"\n\t\t\ttype=\"button\"\n\t\t\taria-haspopup=\"dialog\"\n\t\t\taria-label=\"Agrandir\"\n\t\t\tdata-wp-init=\"callbacks.initTriggerButton\"\n\t\t\tdata-wp-on--click=\"actions.showLightbox\"\n\t\t\tdata-wp-style--right=\"state.imageButtonRight\"\n\t\t\tdata-wp-style--top=\"state.imageButtonTop\"\n\t\t>\n\t\t\t<svg xmlns=\"http:\/\/www.w3.org\/2000\/svg\" width=\"12\" height=\"12\" fill=\"none\" viewBox=\"0 0 12 12\">\n\t\t\t\t<path fill=\"#fff\" d=\"M2 0a2 2 0 0 0-2 2v2h1.5V2a.5.5 0 0 1 .5-.5h2V0H2Zm2 10.5H2a.5.5 0 0 1-.5-.5V8H0v2a2 2 0 0 0 2 2h2v-1.5ZM8 12v-1.5h2a.5.5 0 0 0 .5-.5V8H12v2a2 2 0 0 1-2 2H8Zm2-12a2 2 0 0 1 2 2v2h-1.5V2a.5.5 0 0 0-.5-.5H8V0h2Z\" \/>\n\t\t\t<\/svg>\n\t\t<\/button><\/figure>\n","protected":false},"excerpt":{"rendered":"<p>Notes techniques Longueur: 4,2 kmD\u00e9nivel\u00e9: 19 m Description Depuis le carrefour (V1), continuez \u00e0 droite en descendant d&rsquo;abord sur du chemin de terre puis sur de l&rsquo;asphalte, d\u00e9passant la magnifique \u00e9glise de San Giorgio di Vergnano, pour ensuite continuer tout droit au carrefour avec la route menant vers Vernone et Sciolze, jusqu&rsquo;\u00e0 croiser (apr\u00e8s environ [&hellip;]<\/p>\n","protected":false},"author":1,"featured_media":0,"parent":0,"menu_order":0,"comment_status":"closed","ping_status":"closed","template":"","meta":{"footnotes":""},"class_list":["post-5544","page","type-page","status-publish","hentry"],"_links":{"self":[{"href":"https:\/\/www.camminodonbosco.eu\/fr\/wp-json\/wp\/v2\/pages\/5544","targetHints":{"allow":["GET"]}}],"collection":[{"href":"https:\/\/www.camminodonbosco.eu\/fr\/wp-json\/wp\/v2\/pages"}],"about":[{"href":"https:\/\/www.camminodonbosco.eu\/fr\/wp-json\/wp\/v2\/types\/page"}],"author":[{"embeddable":true,"href":"https:\/\/www.camminodonbosco.eu\/fr\/wp-json\/wp\/v2\/users\/1"}],"replies":[{"embeddable":true,"href":"https:\/\/www.camminodonbosco.eu\/fr\/wp-json\/wp\/v2\/comments?post=5544"}],"version-history":[{"count":0,"href":"https:\/\/www.camminodonbosco.eu\/fr\/wp-json\/wp\/v2\/pages\/5544\/revisions"}],"wp:attachment":[{"href":"https:\/\/www.camminodonbosco.eu\/fr\/wp-json\/wp\/v2\/media?parent=5544"}],"curies":[{"name":"wp","href":"https:\/\/api.w.org\/{rel}","templated":true}]}}