{"id":5546,"date":"2022-06-30T17:49:46","date_gmt":"2022-06-30T15:49:46","guid":{"rendered":"https:\/\/www.camminodonbosco.eu\/cinzano-moncucco-t-se-cascina-moglia-e-n\/"},"modified":"2024-02-22T21:44:11","modified_gmt":"2024-02-22T20:44:11","slug":"cinzano-moncucco-t-se-cascina-moglia-e-n","status":"publish","type":"page","link":"https:\/\/www.camminodonbosco.eu\/fr\/cinzano-moncucco-t-se-cascina-moglia-e-n\/","title":{"rendered":"Cinzano-Moncucco T.se-Cascina Moglia (E-N)"},"content":{"rendered":"\n<h2 class=\"wp-block-heading\">Notes techniques<\/h2>\n\n<p><strong>Longueur<\/strong>: 4,2 km<br\/><strong>D\u00e9nivel\u00e9<\/strong>: 147 m<br\/><strong>Point de restauration<\/strong> : \u00e0 Moncucco T.se<br\/><strong>Eau<\/strong> : \u00e0 Moncucco T.se (3 fontaines pr\u00e8s de la place Vittorio et du ch\u00e2teau)<\/p>\n\n<div style=\"height:20px\" aria-hidden=\"true\" class=\"wp-block-spacer\"><\/div>\n\n<h2 class=\"wp-block-heading\">Description<\/h2>\n\n<p>Au point E, tournez \u00e0 droite sur la route provinciale Berzano-Moncucco T.se, parcourez environ 100 m et tournez \u00e0 droite \u00e0 nouveau sur une petite route longeant un b\u00e2timent rural, puis montez progressivement dans la for\u00eat, d\u00e9crivant un large demi-cercle qui m\u00e8ne au hameau de San Giuseppe. Tournez ici \u00e0 droite, continuez jusqu&rsquo;aux limites du hameau \u00e0 l&rsquo;intersection sur la SP32 Cinzano-Moncucco, apr\u00e8s avoir parcouru 1,2 km depuis le point E. Tournez \u00e0 gauche et suivez l&rsquo;asphalte jusqu&rsquo;\u00e0 Moncucco Torinese sur environ 1,3 km, arrivant sur la gauche \u00e0 la place du ch\u00e2teau. En laissant derri\u00e8re vous le ch\u00e2teau de Moncucco, sortez du village en direction du sud et continuez tout droit sur la route principale jusqu&rsquo;\u00e0 un groupe de maisons sur le c\u00f4t\u00e9 droit ; pr\u00e8s d&rsquo;un large virage \u00e0 90\u00b0, tournez \u00e0 droite dans la Via Roma qui devient un chemin de terre confortable juste apr\u00e8s les derni\u00e8res maisons. Ignorez un premier chemin \u00e0 gauche et continuez tout droit jusqu&rsquo;\u00e0 la prochaine d\u00e9viation \u00e0 gauche, \u00e0 suivre jusqu&rsquo;\u00e0 arriver \u00e0 l&rsquo;entr\u00e9e du hameau de Moglia (<strong>N<\/strong>) apr\u00e8s un peu plus de 1,5 km depuis le d\u00e9part. De l\u00e0, vous pouvez descendre \u00e0 droite avec un court d\u00e9tour (400 m) jusqu&rsquo;\u00e0 la Cascina Moglia, qui a accueilli Giovanni Bosco dans sa jeunesse.    <\/p>\n\n<div style=\"height:20px\" aria-hidden=\"true\" class=\"wp-block-spacer\"><\/div>\n\n<h2 class=\"wp-block-heading\">Carte<\/h2>\n\n<figure data-wp-context=\"{&quot;imageId&quot;:&quot;69e34039dc49d&quot;}\" data-wp-interactive=\"core\/image\" data-wp-key=\"69e34039dc49d\" class=\"wp-block-image size-full wp-lightbox-container\"><img fetchpriority=\"high\" decoding=\"async\" width=\"737\" height=\"1190\" data-wp-class--hide=\"state.isContentHidden\" data-wp-class--show=\"state.isContentVisible\" data-wp-init=\"callbacks.setButtonStyles\" data-wp-on--click=\"actions.showLightbox\" data-wp-on--load=\"callbacks.setButtonStyles\" data-wp-on-window--resize=\"callbacks.setButtonStyles\" src=\"https:\/\/www.camminodonbosco.eu\/wp-content\/uploads\/2024\/01\/Collegamento-E-N.jpg\" alt=\"\" class=\"wp-image-5047\" style=\"object-fit:cover\" srcset=\"https:\/\/www.camminodonbosco.eu\/wp-content\/uploads\/2024\/01\/Collegamento-E-N.jpg 737w, https:\/\/www.camminodonbosco.eu\/wp-content\/uploads\/2024\/01\/Collegamento-E-N-186x300.jpg 186w, https:\/\/www.camminodonbosco.eu\/wp-content\/uploads\/2024\/01\/Collegamento-E-N-634x1024.jpg 634w\" sizes=\"(max-width: 737px) 100vw, 737px\" \/><button\n\t\t\tclass=\"lightbox-trigger\"\n\t\t\ttype=\"button\"\n\t\t\taria-haspopup=\"dialog\"\n\t\t\taria-label=\"Agrandir\"\n\t\t\tdata-wp-init=\"callbacks.initTriggerButton\"\n\t\t\tdata-wp-on--click=\"actions.showLightbox\"\n\t\t\tdata-wp-style--right=\"state.imageButtonRight\"\n\t\t\tdata-wp-style--top=\"state.imageButtonTop\"\n\t\t>\n\t\t\t<svg xmlns=\"http:\/\/www.w3.org\/2000\/svg\" width=\"12\" height=\"12\" fill=\"none\" viewBox=\"0 0 12 12\">\n\t\t\t\t<path fill=\"#fff\" d=\"M2 0a2 2 0 0 0-2 2v2h1.5V2a.5.5 0 0 1 .5-.5h2V0H2Zm2 10.5H2a.5.5 0 0 1-.5-.5V8H0v2a2 2 0 0 0 2 2h2v-1.5ZM8 12v-1.5h2a.5.5 0 0 0 .5-.5V8H12v2a2 2 0 0 1-2 2H8Zm2-12a2 2 0 0 1 2 2v2h-1.5V2a.5.5 0 0 0-.5-.5H8V0h2Z\" \/>\n\t\t\t<\/svg>\n\t\t<\/button><\/figure>\n","protected":false},"excerpt":{"rendered":"<p>Notes techniques Longueur: 4,2 kmD\u00e9nivel\u00e9: 147 mPoint de restauration : \u00e0 Moncucco T.seEau : \u00e0 Moncucco T.se (3 fontaines pr\u00e8s de la place Vittorio et du ch\u00e2teau) Description Au point E, tournez \u00e0 droite sur la route provinciale Berzano-Moncucco T.se, parcourez environ 100 m et tournez \u00e0 droite \u00e0 nouveau sur une petite route longeant [&hellip;]<\/p>\n","protected":false},"author":1,"featured_media":0,"parent":0,"menu_order":0,"comment_status":"closed","ping_status":"closed","template":"","meta":{"footnotes":""},"class_list":["post-5546","page","type-page","status-publish","hentry"],"_links":{"self":[{"href":"https:\/\/www.camminodonbosco.eu\/fr\/wp-json\/wp\/v2\/pages\/5546","targetHints":{"allow":["GET"]}}],"collection":[{"href":"https:\/\/www.camminodonbosco.eu\/fr\/wp-json\/wp\/v2\/pages"}],"about":[{"href":"https:\/\/www.camminodonbosco.eu\/fr\/wp-json\/wp\/v2\/types\/page"}],"author":[{"embeddable":true,"href":"https:\/\/www.camminodonbosco.eu\/fr\/wp-json\/wp\/v2\/users\/1"}],"replies":[{"embeddable":true,"href":"https:\/\/www.camminodonbosco.eu\/fr\/wp-json\/wp\/v2\/comments?post=5546"}],"version-history":[{"count":0,"href":"https:\/\/www.camminodonbosco.eu\/fr\/wp-json\/wp\/v2\/pages\/5546\/revisions"}],"wp:attachment":[{"href":"https:\/\/www.camminodonbosco.eu\/fr\/wp-json\/wp\/v2\/media?parent=5546"}],"curies":[{"name":"wp","href":"https:\/\/api.w.org\/{rel}","templated":true}]}}