{"id":5548,"date":"2023-08-28T18:52:32","date_gmt":"2023-08-28T16:52:32","guid":{"rendered":"https:\/\/www.camminodonbosco.eu\/anneau-de-trofarello\/"},"modified":"2024-02-22T21:48:05","modified_gmt":"2024-02-22T20:48:05","slug":"anneau-de-trofarello","status":"publish","type":"page","link":"https:\/\/www.camminodonbosco.eu\/fr\/anneau-de-trofarello\/","title":{"rendered":"Anneau de Trofarello"},"content":{"rendered":"\n<p><em>\u00c0 travers les collines entre Trofarello et Pecetto T.se, jusqu&rsquo;au Sanctuaire de la Vierge Marie de Celle.<\/em><\/p>\n\n<div style=\"height:20px\" aria-hidden=\"true\" class=\"wp-block-spacer\"><\/div>\n\n<h2 class=\"wp-block-heading\">Notes techniques<\/h2>\n\n<p><strong>D\u00e9part<\/strong>: Piazza Primo Maggio, en face de la Mairie<br\/><strong>Arriv\u00e9e<\/strong>: Piazza Primo Maggio, en face de la Mairie<br\/><strong>Longueur<\/strong>: 10,1 km <br\/><strong>D\u00e9nivel\u00e9<\/strong>: 190 m<br\/><strong>Difficult\u00e9<\/strong> : randonn\u00e9e, parcours l\u00e9g\u00e8rement vallonn\u00e9<br\/><strong>Restauration<\/strong> : apr\u00e8s Trofarello, pas de possibilit\u00e9 de restauration jusqu&rsquo;\u00e0 Pecetto (INFOpoint excursion \u00ab\u00a0Caff\u00e8 ristretto\u00a0\u00bb)<br\/><strong>Eau : fontaines \u00e0 Trofarello et point d&rsquo;eau au Sanctuaire de la Vierge Marie de Celle<\/strong><\/p>\n\n<div style=\"height:20px\" aria-hidden=\"true\" class=\"wp-block-spacer\"><\/div>\n\n<h2 class=\"wp-block-heading\">Description<\/h2>\n\n<p>Le parcours &#8211; enti\u00e8rement balis\u00e9 &#8211; d\u00e9marre de la place de la Mairie pour traverser le centre historique de Trofarello, suivre le chemin sal\u00e9sien (avec 7 repr\u00e9sentations \u00e9voquant la vie de S. Giovanni Bosco) et atteindre le Sanctuaire de la Vierge Marie de Celle. Il se poursuit le long d&rsquo;un magnifique sentier verdoyant dans les collines pour arriver \u00e0 l&rsquo;\u00c9glise de San Sebastiano \u00e0 Pecetto T.se. De l\u00e0, il descend d&rsquo;abord par la route Valle Sauglio, puis par la route Serravecchia et enfin par la via Serra jusqu&rsquo;\u00e0 Valle Sauglio, avant de revenir au point de d\u00e9part en passant devant la Cascina La Quara. <\/p>\n\n<div style=\"height:30px\" aria-hidden=\"true\" class=\"wp-block-spacer\"><\/div>\n\n<div class=\"wp-block-cover is-light\" style=\"min-height:100px;aspect-ratio:unset;\"><span aria-hidden=\"true\" class=\"wp-block-cover__background has-cyan-bluish-gray-background-color has-background-dim\"><\/span><div class=\"wp-block-cover__inner-container is-layout-flow wp-block-cover-is-layout-flow\">\n<div class=\"wp-block-group is-layout-flow wp-block-group-is-layout-flow\">\n<h2 class=\"wp-block-heading\">Sur les traces de Don Bosco<\/h2>\n\n\n\n<p><\/p>\n\n\n\n<div style=\"height:30px\" aria-hidden=\"true\" class=\"wp-block-spacer\"><\/div>\n\n\n\n<h2 class=\"wp-block-heading\">Don Bosco \u00e0 Trofarello<\/h2>\n\n\n\n<p>Les premiers exercices spirituels d\u00e9di\u00e9s exclusivement aux sal\u00e9siens ont eu lieu \u00e0 Trofarello en 1866 dans la ferme appel\u00e9e \u00ab\u00a0<strong>La Quara<\/strong>\u00ab\u00a0, situ\u00e9e entre la via IV Novembre et la via XXV Aprile. Ces premiers exercices ont dur\u00e9 cinq jours et se sont d\u00e9roul\u00e9s en deux sessions pour faciliter la participation. Les m\u00e9ditations ont \u00e9t\u00e9 pr\u00each\u00e9es par le chanoine Lorenzo Gastaldi et les instructions donn\u00e9es par Don Bosco lui-m\u00eame. La maison de Trofarello a \u00e9t\u00e9 offerte par Don Antonio Franco (pr\u00eatre trofarellois d\u00e9c\u00e9d\u00e9 en 1864) \u00e0 la Congr\u00e9gation sal\u00e9sienne et utilis\u00e9e d\u00e8s le d\u00e9but pour les exercices spirituels et le repos des confr\u00e8res convalescents ; elle sera la troisi\u00e8me \u0153uvre des Sal\u00e9siens en dehors de Turin. En 1863, Don Bosco avait ouvert la premi\u00e8re maison sal\u00e9sienne en dehors de Turin : le \u00ab\u00a0petit s\u00e9minaire\u00a0\u00bb de Mirabello Monferrato, dirig\u00e9 par Don Michele Rua. En revanche, en 1864, a d\u00e9but\u00e9 l&rsquo;activit\u00e9 du Coll\u00e8ge de Lanzo Torinese. En 1866, ce fut le tour de Trofarello.      <\/p>\n\n\n\n<p>Don Bosco \u00e9crit dans une m\u00e9moire historique : \u201c<em>La casa di Trofarello, diocesi di Torino, \u00e8 specialmente destinata a fare gli esercizi spirituali che ogni anno, in tempo di vacanza, si tengono regolarmente per tutti quelli della Societ\u00e0<\/em>\u201d.<\/p>\n\n\n\n<div style=\"height:30px\" aria-hidden=\"true\" class=\"wp-block-spacer\"><\/div>\n\n\n\n<h2 class=\"wp-block-heading\">Chemins sal\u00e9siens \u00e0 Trofarello<\/h2>\n\n\n\n<p>\u00c0 l&rsquo;occasion du cent-vingti\u00e8me anniversaire de la mort de saint Jean Bosco, la municipalit\u00e9 de Trofarello &#8211; en collaboration avec la paroisse &#8211; a cr\u00e9\u00e9 les \u00ab\u00a0Chemins sal\u00e9siens\u00a0\u00bb : un parcours historico-religieux qui part de l&rsquo;\u00c9glise Santa Croce et s&rsquo;\u00e9tend vers les campagnes de Trofarello jusqu&rsquo;au sanctuaire de Santa Maria di Celle. Il est compos\u00e9 de sept repr\u00e9sentations \u00e9voquant les principaux \u00e9v\u00e9nements de la vie du saint :<\/p>\n\n\n\n<ol class=\"wp-block-list\">\n<li>La naissance de Don Bosco<\/li>\n\n\n\n<li>Le r\u00eave des neuf ans<\/li>\n\n\n\n<li>Le premier Oratoire<\/li>\n\n\n\n<li>La construction de la Basilique de Marie Auxiliatrice<\/li>\n\n\n\n<li>Les premiers exercices spirituels \u00e0 Trofarello<\/li>\n\n\n\n<li>Les premiers missionnaires sal\u00e9siens<\/li>\n\n\n\n<li>La mort de Don Bosco et ses premiers successeurs<\/li>\n<\/ol>\n\n\n\n<p><\/p>\n<\/div>\n<\/div><\/div>\n\n<div style=\"height:20px\" aria-hidden=\"true\" class=\"wp-block-spacer\"><\/div>\n\n<h2 class=\"wp-block-heading\">Carte<\/h2>\n\n<figure class=\"wp-block-image size-large\"><img fetchpriority=\"high\" decoding=\"async\" width=\"634\" height=\"1024\" src=\"https:\/\/www.camminodonbosco.eu\/wp-content\/uploads\/2024\/01\/IT1-634x1024.jpg\" alt=\"\" class=\"wp-image-5053\" srcset=\"https:\/\/www.camminodonbosco.eu\/wp-content\/uploads\/2024\/01\/IT1-634x1024.jpg 634w, https:\/\/www.camminodonbosco.eu\/wp-content\/uploads\/2024\/01\/IT1-186x300.jpg 186w, https:\/\/www.camminodonbosco.eu\/wp-content\/uploads\/2024\/01\/IT1.jpg 737w\" sizes=\"(max-width: 634px) 100vw, 634px\" \/><\/figure>\n","protected":false},"excerpt":{"rendered":"<p>\u00c0 travers les collines entre Trofarello et Pecetto T.se, jusqu&rsquo;au Sanctuaire de la Vierge Marie de Celle. Notes techniques D\u00e9part: Piazza Primo Maggio, en face de la MairieArriv\u00e9e: Piazza Primo Maggio, en face de la MairieLongueur: 10,1 km D\u00e9nivel\u00e9: 190 mDifficult\u00e9 : randonn\u00e9e, parcours l\u00e9g\u00e8rement vallonn\u00e9Restauration : apr\u00e8s Trofarello, pas de possibilit\u00e9 de restauration jusqu&rsquo;\u00e0 [&hellip;]<\/p>\n","protected":false},"author":1,"featured_media":0,"parent":0,"menu_order":0,"comment_status":"closed","ping_status":"closed","template":"","meta":{"footnotes":""},"class_list":["post-5548","page","type-page","status-publish","hentry"],"_links":{"self":[{"href":"https:\/\/www.camminodonbosco.eu\/fr\/wp-json\/wp\/v2\/pages\/5548","targetHints":{"allow":["GET"]}}],"collection":[{"href":"https:\/\/www.camminodonbosco.eu\/fr\/wp-json\/wp\/v2\/pages"}],"about":[{"href":"https:\/\/www.camminodonbosco.eu\/fr\/wp-json\/wp\/v2\/types\/page"}],"author":[{"embeddable":true,"href":"https:\/\/www.camminodonbosco.eu\/fr\/wp-json\/wp\/v2\/users\/1"}],"replies":[{"embeddable":true,"href":"https:\/\/www.camminodonbosco.eu\/fr\/wp-json\/wp\/v2\/comments?post=5548"}],"version-history":[{"count":0,"href":"https:\/\/www.camminodonbosco.eu\/fr\/wp-json\/wp\/v2\/pages\/5548\/revisions"}],"wp:attachment":[{"href":"https:\/\/www.camminodonbosco.eu\/fr\/wp-json\/wp\/v2\/media?parent=5548"}],"curies":[{"name":"wp","href":"https:\/\/api.w.org\/{rel}","templated":true}]}}