{"id":5550,"date":"2022-06-30T17:52:46","date_gmt":"2022-06-30T15:52:46","guid":{"rendered":"https:\/\/www.camminodonbosco.eu\/de-villanova-dasti-au-colle-don-bosco\/"},"modified":"2024-02-22T21:52:32","modified_gmt":"2024-02-22T20:52:32","slug":"de-villanova-dasti-au-colle-don-bosco","status":"publish","type":"page","link":"https:\/\/www.camminodonbosco.eu\/fr\/de-villanova-dasti-au-colle-don-bosco\/","title":{"rendered":"De Villanova d\u2019Asti au Colle Don Bosco"},"content":{"rendered":"\n<p><em>Excursion du Fontanino au Colle Don Bosco, en traversant le Bois des aulnes.<\/em><\/p>\n\n<div style=\"height:20px\" aria-hidden=\"true\" class=\"wp-block-spacer\"><\/div>\n\n<h2 class=\"wp-block-heading\">Notes techniques<\/h2>\n\n<p><strong>D\u00e9part<\/strong>: Villanova d\u2019Asti, Santuario della Madonna delle Grazie, in viale Maria Baj (260 m)<br\/><strong>Arriv\u00e9e<\/strong>: Basilica del Colle Don Bosco (269 m)<br\/><strong>Longueur<\/strong>: 12,6 km<br\/><strong>D\u00e9nivel\u00e9<\/strong>: 119 m<br\/><strong>Difficult\u00e9<\/strong> : randonn\u00e9e, trajet d&rsquo;abord plat, puis l\u00e9g\u00e8rement vallonn\u00e9<br\/><strong>Restauration<\/strong> : apr\u00e8s le centre de Villanova d\u2019Asti, aucune possibilit\u00e9 de restauration jusqu&rsquo;au Colle Don Bosco<br\/><strong>Eau<\/strong> : Fontanino dans le Jardin du Sanctuaire, maison H2O \u00e0 100 m du Mulino del Casale, fontaine dans le hameau de Savi pr\u00e8s de l&rsquo;\u00c9glise de San Marco (d\u00e9tour), 3 fontaines au Colle Don Bosco<\/p>\n\n<div style=\"height:20px\" aria-hidden=\"true\" class=\"wp-block-spacer\"><\/div>\n\n<h2 class=\"wp-block-heading\">Description<\/h2>\n\n<p>Le parcours d\u00e9bute au Sanctuaire de la Madonna (ou Beata Vergine) delle Grazie (<strong>P<\/strong>), empruntant les rues Francesco I, Tommaso Villa, Adolfo Villa et traversant apr\u00e8s 400 m la route SP vers Buttigliera, puis suit un court tron\u00e7on de l&rsquo;ancienne route vers Chieri, l&rsquo;ancienne route de Brassicarda et la piste cyclable pour ensuite passer le pont au-dessus de l&rsquo;A21. Apr\u00e8s un virage, prendre la premi\u00e8re route \u00e0 droite qui, sur environ 500 m le long d&rsquo;un canal, rejoint \u00e0 nouveau la route SP vers Buttigliera, travers\u00e9e pr\u00e8s d&rsquo;un autre pont sur l&rsquo;A21, puis tourner \u00e0 droite et imm\u00e9diatement apr\u00e8s \u00e0 gauche sur un chemin \u00e0 suivre pendant 2 km. Apr\u00e8s avoir atteint la SP allant de la gare de Villanova \u00e0 San Paolo Solbrito, franchir le pont sur la voie ferr\u00e9e, puis tourner \u00e0 droite apr\u00e8s quelques m\u00e8tres sur une route asphalt\u00e9e pour rejoindre rapidement le Sanctuaire de la Madonna di Serra. Une dizaine de m\u00e8tres apr\u00e8s, au carrefour, descendre \u00e0 gauche sur la route Cormaglione (initialement asphalt\u00e9e) pendant environ 1 km, puis tourner \u00e0 droite pr\u00e8s de quelques maisons, atteignant une villa, puis tourner \u00e0 gauche. La route se transforme en sentier le long d&rsquo;une prairie cl\u00f4tur\u00e9e, puis descend sur un chemin qui tourne \u00e0 gauche. Apr\u00e8s moins de 1 km, traverser la SP2 pour Montafia, atteignant le Mulino del Casale, aujourd&rsquo;hui une structure d&rsquo;accueil. Du parking du Mulino, prendre le sentier \u00e0 travers une for\u00eat de peupliers, puis tourner \u00e0 gauche sur le sentier \u00e9troit longeant le canal vif, un canal artificiel alimentant le Mulino depuis 1400.       <em>(Itin\u00e9raire alternatif : passer le Mulino del Casale, continuer sur la route provinciale jusqu&rsquo;au premier carrefour \u00e0 gauche et emprunter le chemin montant vers le hameau de Savi. Tourner \u00e0 droite et traverser le village le long de la via Circonvallazione Savi, puis tourner \u00e0 droite pr\u00e8s de la Paroisse de San Marco et ensuite \u00e0 gauche pr\u00e8s de la chapelle de San Giuseppe. Descendre vers la vall\u00e9e pour rejoindre le chemin principal).<\/em> Pas sans difficult\u00e9 en raison de son \u00e9troitesse, continuer sur ce sentier pendant environ 1 500 m, traversant un merveilleux bois d&rsquo;aulnes noirs (<em>Alnus glutinosa<\/em>), le seul restant dans tout l&rsquo;Asti, color\u00e9 au printemps par la magnifique floraison jaune du <em>Caltha palustris<\/em>. Le sentier se termine sur une piste qui monte rapidement \u00e0 la fraction Savi de Villanova : tourner \u00e0 droite pour atteindre apr\u00e8s environ 400 m en l\u00e9g\u00e8re descente un pont en fer sur le Rio della Valle. Quelques m\u00e8tres apr\u00e8s, tourner \u00e0 gauche en empruntant un sentier le long du ruisseau, p\u00e9n\u00e9trant dans une dense for\u00eat de ch\u00eanes et de robiniers, continuant ensuite sur plus de 1 km en ignorant les divers embranchements. Continuer encore longuement le long du ruisseau (au loin \u00e0 gauche, on aper\u00e7oit l&rsquo;agglom\u00e9ration du hameau de Crivelle de Buttigliera), atteignant un carrefour o\u00f9 l&rsquo;on tourne d&rsquo;abord \u00e0 gauche, puis imm\u00e9diatement \u00e0 droite, toujours sur une route en terre, pour arriver \u00e0 une maison de campagne et apr\u00e8s une courte mont\u00e9e \u00e0 la Cascina Mainito, maintenant un centre \u00e9questre (Circolo Ippico il Gelso). Continuer sur 500 m sur une route d&rsquo;abord caillouteuse puis asphalt\u00e9e pour atteindre la SP33 pour Capriglio, la parcourir bri\u00e8vement vers la gauche en restant sur le c\u00f4t\u00e9 gauche pour \u00eatre tr\u00e8s attentif \u00e0 la circulation. La traverser pr\u00e8s d&rsquo;un pilier votif pour atteindre un portail, \u00e0 franchir sur la droite sur un petit sentier d\u00e9bouchant sur une piste montant rapidement au Colle Don Bosco (<strong>H<\/strong>).     <\/p>\n\n<div style=\"height:30px\" aria-hidden=\"true\" class=\"wp-block-spacer\"><\/div>\n\n<div class=\"wp-block-cover is-light\" style=\"min-height:100px;aspect-ratio:unset;\"><span aria-hidden=\"true\" class=\"wp-block-cover__background has-cyan-bluish-gray-background-color has-background-dim\"><\/span><div class=\"wp-block-cover__inner-container is-layout-flow wp-block-cover-is-layout-flow\">\n<div class=\"wp-block-group is-layout-flow wp-block-group-is-layout-flow\">\n<h2 class=\"wp-block-heading\">Sur les traces de Don Bosco<\/h2>\n\n\n\n<p>Don Bosco et la <strong>Madonna delle Grazie<\/strong> : en 1823, Giovannino Bosco se rendit avec sa m\u00e8re Margherita de Becchi \u00e0 Villanova pour boire l&rsquo;eau miraculeuse du Fontanino et gu\u00e9rir de la \u00ab\u00a0<em>ruffa<\/em>\u00a0\u00bb (cro\u00fbte de lait), une maladie de la peau tr\u00e8s r\u00e9pandue \u00e0 l&rsquo;\u00e9poque due \u00e0 une carence en vitamines. Don Bosco y retourna en 1871 pour c\u00e9l\u00e9brer le premier anniversaire de l&rsquo;inauguration de l&rsquo;\u00e9glise. <\/p>\n<\/div>\n<\/div><\/div>\n\n<div style=\"height:30px\" aria-hidden=\"true\" class=\"wp-block-spacer\"><\/div>\n\n<h2 class=\"wp-block-heading\">Carte<\/h2>\n\n<figure data-wp-context=\"{&quot;imageId&quot;:&quot;69f2e0142c5b6&quot;}\" data-wp-interactive=\"core\/image\" data-wp-key=\"69f2e0142c5b6\" class=\"wp-block-image size-full wp-lightbox-container\"><img fetchpriority=\"high\" decoding=\"async\" width=\"1190\" height=\"949\" data-wp-class--hide=\"state.isContentHidden\" data-wp-class--show=\"state.isContentVisible\" data-wp-init=\"callbacks.setButtonStyles\" data-wp-on--click=\"actions.showLightbox\" data-wp-on--load=\"callbacks.setButtonStyles\" data-wp-on-window--resize=\"callbacks.setButtonStyles\" src=\"https:\/\/www.camminodonbosco.eu\/wp-content\/uploads\/2024\/01\/IT2.jpg\" alt=\"\" class=\"wp-image-5060\" style=\"object-fit:cover\" srcset=\"https:\/\/www.camminodonbosco.eu\/wp-content\/uploads\/2024\/01\/IT2.jpg 1190w, https:\/\/www.camminodonbosco.eu\/wp-content\/uploads\/2024\/01\/IT2-300x239.jpg 300w, https:\/\/www.camminodonbosco.eu\/wp-content\/uploads\/2024\/01\/IT2-1024x817.jpg 1024w, https:\/\/www.camminodonbosco.eu\/wp-content\/uploads\/2024\/01\/IT2-768x612.jpg 768w\" sizes=\"(max-width: 1190px) 100vw, 1190px\" \/><button\n\t\t\tclass=\"lightbox-trigger\"\n\t\t\ttype=\"button\"\n\t\t\taria-haspopup=\"dialog\"\n\t\t\taria-label=\"Agrandir\"\n\t\t\tdata-wp-init=\"callbacks.initTriggerButton\"\n\t\t\tdata-wp-on--click=\"actions.showLightbox\"\n\t\t\tdata-wp-style--right=\"state.imageButtonRight\"\n\t\t\tdata-wp-style--top=\"state.imageButtonTop\"\n\t\t>\n\t\t\t<svg xmlns=\"http:\/\/www.w3.org\/2000\/svg\" width=\"12\" height=\"12\" fill=\"none\" viewBox=\"0 0 12 12\">\n\t\t\t\t<path fill=\"#fff\" d=\"M2 0a2 2 0 0 0-2 2v2h1.5V2a.5.5 0 0 1 .5-.5h2V0H2Zm2 10.5H2a.5.5 0 0 1-.5-.5V8H0v2a2 2 0 0 0 2 2h2v-1.5ZM8 12v-1.5h2a.5.5 0 0 0 .5-.5V8H12v2a2 2 0 0 1-2 2H8Zm2-12a2 2 0 0 1 2 2v2h-1.5V2a.5.5 0 0 0-.5-.5H8V0h2Z\" \/>\n\t\t\t<\/svg>\n\t\t<\/button><\/figure>\n","protected":false},"excerpt":{"rendered":"<p>Excursion du Fontanino au Colle Don Bosco, en traversant le Bois des aulnes. Notes techniques D\u00e9part: Villanova d\u2019Asti, Santuario della Madonna delle Grazie, in viale Maria Baj (260 m)Arriv\u00e9e: Basilica del Colle Don Bosco (269 m)Longueur: 12,6 kmD\u00e9nivel\u00e9: 119 mDifficult\u00e9 : randonn\u00e9e, trajet d&rsquo;abord plat, puis l\u00e9g\u00e8rement vallonn\u00e9Restauration : apr\u00e8s le centre de Villanova d\u2019Asti, [&hellip;]<\/p>\n","protected":false},"author":1,"featured_media":0,"parent":0,"menu_order":0,"comment_status":"closed","ping_status":"closed","template":"","meta":{"footnotes":""},"class_list":["post-5550","page","type-page","status-publish","hentry"],"_links":{"self":[{"href":"https:\/\/www.camminodonbosco.eu\/fr\/wp-json\/wp\/v2\/pages\/5550","targetHints":{"allow":["GET"]}}],"collection":[{"href":"https:\/\/www.camminodonbosco.eu\/fr\/wp-json\/wp\/v2\/pages"}],"about":[{"href":"https:\/\/www.camminodonbosco.eu\/fr\/wp-json\/wp\/v2\/types\/page"}],"author":[{"embeddable":true,"href":"https:\/\/www.camminodonbosco.eu\/fr\/wp-json\/wp\/v2\/users\/1"}],"replies":[{"embeddable":true,"href":"https:\/\/www.camminodonbosco.eu\/fr\/wp-json\/wp\/v2\/comments?post=5550"}],"version-history":[{"count":0,"href":"https:\/\/www.camminodonbosco.eu\/fr\/wp-json\/wp\/v2\/pages\/5550\/revisions"}],"wp:attachment":[{"href":"https:\/\/www.camminodonbosco.eu\/fr\/wp-json\/wp\/v2\/media?parent=5550"}],"curies":[{"name":"wp","href":"https:\/\/api.w.org\/{rel}","templated":true}]}}