{"id":5552,"date":"2022-06-30T17:51:15","date_gmt":"2022-06-30T15:51:15","guid":{"rendered":"https:\/\/www.camminodonbosco.eu\/de-buttigliera-dasti-au-colle-don-bosco\/"},"modified":"2024-02-22T21:54:30","modified_gmt":"2024-02-22T20:54:30","slug":"de-buttigliera-dasti-au-colle-don-bosco","status":"publish","type":"page","link":"https:\/\/www.camminodonbosco.eu\/fr\/de-buttigliera-dasti-au-colle-don-bosco\/","title":{"rendered":"De Buttigliera d\u2019Asti au Colle Don Bosco"},"content":{"rendered":"\n<p><em>De Buttigliera au Colle, en passant par l&rsquo;\u00c9glise de San Martino.<\/em><\/p>\n\n<div style=\"height:20px\" aria-hidden=\"true\" class=\"wp-block-spacer\"><\/div>\n\n<h2 class=\"wp-block-heading\">Notes techniques<\/h2>\n\n<p><strong>D\u00e9part<\/strong>: Buttigliera d\u2019Asti, piazza Umberto I (291 m)<br\/><strong>Arriv\u00e9e<\/strong>: Basilica du Colle Don Bosco (260 m)<br\/><strong>Longueur<\/strong>: 7,3 km<br\/><strong>D\u00e9nivel\u00e9<\/strong>: 113 m<br\/><strong>Difficult\u00e9<\/strong> : randonn\u00e9e, parcours l\u00e9g\u00e8rement vallonn\u00e9<br\/><strong>Restauration<\/strong> : une fois Buttigliera quitt\u00e9e, aucune possibilit\u00e9 de restauration jusqu&rsquo;au Colle Don Bosco<br\/><strong>Eau<\/strong> : fontaine pr\u00e8s de l&rsquo;\u00c9glise de S.<\/p>\n\n<div style=\"height:20px\" aria-hidden=\"true\" class=\"wp-block-spacer\"><\/div>\n\n<h2 class=\"wp-block-heading\">Description<\/h2>\n\n<p>En partant de la place Umberto I (<strong>O<\/strong>) (devant l&rsquo;\u00c9glise de San Biagio), emprunter la via Don Bosco, puis tourner \u00e0 droite apr\u00e8s 100 m dans la via IV Novembre. Apr\u00e8s avoir parcouru 100 m de plus, tourner \u00e0 gauche vers le hameau Serra. Apr\u00e8s avoir atteint une petite \u00e9glise, passer \u00e0 droite de celle-ci et continuer tout droit pour arriver apr\u00e8s 700 m \u00e0 l&rsquo;\u00c9glise de San Martino, situ\u00e9e dans le cimeti\u00e8re. Apr\u00e8s avoir d\u00e9pass\u00e9 l&rsquo;\u00e9glise, continuer tout droit sur le chemin de terre qui descend l\u00e9g\u00e8rement entre champs cultiv\u00e9s, prairies et bosquets, pouvant \u00eatre tr\u00e8s boueux en cas de pr\u00e9cipitations. Ignorant trois bifurcations successives (deux \u00e0 droite, la derni\u00e8re \u00e0 gauche), apr\u00e8s environ 1 km, tourner \u00e0 gauche sur une route l\u00e9g\u00e8rement ascendante, passant devant l&rsquo;agritourisme Cascina Campora. Une fois sur une route asphalt\u00e9e, tourner \u00e0 droite, puis peu apr\u00e8s \u00e0 gauche, atteignant la route principale traversant le hameau Serra de Buttigliera d\u2019Asti, o\u00f9 se croise l&rsquo;\u00c9tape 3 du Cammino medio, pour la description de la fin de l&rsquo;itin\u00e9raire.     <\/p>\n\n<div style=\"height:20px\" aria-hidden=\"true\" class=\"wp-block-spacer\"><\/div>\n\n<div class=\"wp-block-cover is-light\" style=\"min-height:100px;aspect-ratio:unset;\"><span aria-hidden=\"true\" class=\"wp-block-cover__background has-cyan-bluish-gray-background-color has-background-dim\"><\/span><div class=\"wp-block-cover__inner-container is-layout-flow wp-block-cover-is-layout-flow\">\n<div class=\"wp-block-group is-layout-flow wp-block-group-is-layout-flow\">\n<h2 class=\"wp-block-heading\">Sur les traces de Don Bosco<\/h2>\n\n\n\n<p>Don Bosco \u00e0 Buttigliera d\u2019Asti : en 1829, sortant de l&rsquo;\u00c9glise de San Biagio, Giovanni fut approch\u00e9 par le vieux chapelain don Calosso qui, en plaisantant, lui demanda de r\u00e9p\u00e9ter au moins quatre mots du sermon qu&rsquo;il avait entendu. Calmement, Giovanni le r\u00e9cita dans son int\u00e9gralit\u00e9, du d\u00e9but \u00e0 la fin. \u00c9tonn\u00e9 par la m\u00e9moire du jeune homme, don Calosso invita maman Margherita dans l&rsquo;\u00e9glise de Morialdo, dont la cure le gar\u00e7on occupa ensuite. En 1833, Giovanni Bosco re\u00e7ut le sacrement de la Confirmation dans l&rsquo;\u00c9glise de San Biagio.   <\/p>\n<\/div>\n<\/div><\/div>\n\n<div style=\"height:20px\" aria-hidden=\"true\" class=\"wp-block-spacer\"><\/div>\n\n<h2 class=\"wp-block-heading\">Carte<\/h2>\n\n<figure data-wp-context=\"{&quot;imageId&quot;:&quot;69f2dce12aa43&quot;}\" data-wp-interactive=\"core\/image\" data-wp-key=\"69f2dce12aa43\" class=\"wp-block-image size-full wp-lightbox-container\"><img fetchpriority=\"high\" decoding=\"async\" width=\"1488\" height=\"2324\" data-wp-class--hide=\"state.isContentHidden\" data-wp-class--show=\"state.isContentVisible\" data-wp-init=\"callbacks.setButtonStyles\" data-wp-on--click=\"actions.showLightbox\" data-wp-on--load=\"callbacks.setButtonStyles\" data-wp-on-window--resize=\"callbacks.setButtonStyles\" src=\"https:\/\/www.camminodonbosco.eu\/wp-content\/uploads\/2024\/01\/IT3.jpg\" alt=\"\" class=\"wp-image-5066\" style=\"object-fit:cover\" srcset=\"https:\/\/www.camminodonbosco.eu\/wp-content\/uploads\/2024\/01\/IT3.jpg 1488w, https:\/\/www.camminodonbosco.eu\/wp-content\/uploads\/2024\/01\/IT3-192x300.jpg 192w, https:\/\/www.camminodonbosco.eu\/wp-content\/uploads\/2024\/01\/IT3-656x1024.jpg 656w, https:\/\/www.camminodonbosco.eu\/wp-content\/uploads\/2024\/01\/IT3-768x1199.jpg 768w, https:\/\/www.camminodonbosco.eu\/wp-content\/uploads\/2024\/01\/IT3-983x1536.jpg 983w, https:\/\/www.camminodonbosco.eu\/wp-content\/uploads\/2024\/01\/IT3-1311x2048.jpg 1311w\" sizes=\"(max-width: 1488px) 100vw, 1488px\" \/><button\n\t\t\tclass=\"lightbox-trigger\"\n\t\t\ttype=\"button\"\n\t\t\taria-haspopup=\"dialog\"\n\t\t\taria-label=\"Agrandir\"\n\t\t\tdata-wp-init=\"callbacks.initTriggerButton\"\n\t\t\tdata-wp-on--click=\"actions.showLightbox\"\n\t\t\tdata-wp-style--right=\"state.imageButtonRight\"\n\t\t\tdata-wp-style--top=\"state.imageButtonTop\"\n\t\t>\n\t\t\t<svg xmlns=\"http:\/\/www.w3.org\/2000\/svg\" width=\"12\" height=\"12\" fill=\"none\" viewBox=\"0 0 12 12\">\n\t\t\t\t<path fill=\"#fff\" d=\"M2 0a2 2 0 0 0-2 2v2h1.5V2a.5.5 0 0 1 .5-.5h2V0H2Zm2 10.5H2a.5.5 0 0 1-.5-.5V8H0v2a2 2 0 0 0 2 2h2v-1.5ZM8 12v-1.5h2a.5.5 0 0 0 .5-.5V8H12v2a2 2 0 0 1-2 2H8Zm2-12a2 2 0 0 1 2 2v2h-1.5V2a.5.5 0 0 0-.5-.5H8V0h2Z\" \/>\n\t\t\t<\/svg>\n\t\t<\/button><\/figure>\n","protected":false},"excerpt":{"rendered":"<p>De Buttigliera au Colle, en passant par l&rsquo;\u00c9glise de San Martino. Notes techniques D\u00e9part: Buttigliera d\u2019Asti, piazza Umberto I (291 m)Arriv\u00e9e: Basilica du Colle Don Bosco (260 m)Longueur: 7,3 kmD\u00e9nivel\u00e9: 113 mDifficult\u00e9 : randonn\u00e9e, parcours l\u00e9g\u00e8rement vallonn\u00e9Restauration : une fois Buttigliera quitt\u00e9e, aucune possibilit\u00e9 de restauration jusqu&rsquo;au Colle Don BoscoEau : fontaine pr\u00e8s de l&rsquo;\u00c9glise [&hellip;]<\/p>\n","protected":false},"author":1,"featured_media":0,"parent":0,"menu_order":0,"comment_status":"closed","ping_status":"closed","template":"","meta":{"footnotes":""},"class_list":["post-5552","page","type-page","status-publish","hentry"],"_links":{"self":[{"href":"https:\/\/www.camminodonbosco.eu\/fr\/wp-json\/wp\/v2\/pages\/5552","targetHints":{"allow":["GET"]}}],"collection":[{"href":"https:\/\/www.camminodonbosco.eu\/fr\/wp-json\/wp\/v2\/pages"}],"about":[{"href":"https:\/\/www.camminodonbosco.eu\/fr\/wp-json\/wp\/v2\/types\/page"}],"author":[{"embeddable":true,"href":"https:\/\/www.camminodonbosco.eu\/fr\/wp-json\/wp\/v2\/users\/1"}],"replies":[{"embeddable":true,"href":"https:\/\/www.camminodonbosco.eu\/fr\/wp-json\/wp\/v2\/comments?post=5552"}],"version-history":[{"count":0,"href":"https:\/\/www.camminodonbosco.eu\/fr\/wp-json\/wp\/v2\/pages\/5552\/revisions"}],"wp:attachment":[{"href":"https:\/\/www.camminodonbosco.eu\/fr\/wp-json\/wp\/v2\/media?parent=5552"}],"curies":[{"name":"wp","href":"https:\/\/api.w.org\/{rel}","templated":true}]}}