{"id":5554,"date":"2023-11-12T22:17:57","date_gmt":"2023-11-12T21:17:57","guid":{"rendered":"https:\/\/www.camminodonbosco.eu\/anneau-de-capriglio\/"},"modified":"2024-02-22T22:10:07","modified_gmt":"2024-02-22T21:10:07","slug":"anneau-de-capriglio","status":"publish","type":"page","link":"https:\/\/www.camminodonbosco.eu\/fr\/anneau-de-capriglio\/","title":{"rendered":"Anneau de Capriglio"},"content":{"rendered":"\n<p><strong>D\u00e9part et arriv\u00e9e<\/strong> Piazzale Basilica Colle Don Bosco<br\/><strong>Longueur<\/strong> : environ 9,80 km D\u00e9nivel\u00e9 + 205 m <br\/><strong>Difficult\u00e9<\/strong> : parcours facile avec balisage, l\u00e9g\u00e8rement vallonn\u00e9<\/p>\n\n<div style=\"height:30px\" aria-hidden=\"true\" class=\"wp-block-spacer\"><\/div>\n\n<p>En partant du <strong>piazzale de la Basilique<\/strong>, rejoindre le <strong>Mus\u00e9e de la Civilisation paysanne du XIXe si\u00e8cle<\/strong>, puis descendre les escaliers et suivre \u00e0 droite le Chemin Don Bosco jusqu&rsquo;\u00e0 la SP33. Tourner \u00e0 gauche sur la route provinciale, puis tourner \u00e0 droite environ 120 m plus loin, continuer pendant environ 1 km en passant par la Cascina Mainito et atteindre le carrefour pr\u00e8s du pont sur le Rio della Valle. Au carrefour, continuer \u00e0 gauche pendant 200 m, puis tourner \u00e0 nouveau \u00e0 gauche au prochain carrefour et encore une fois \u00e0 gauche apr\u00e8s 100 m. Suivre le sentier principal dans la for\u00eat, en ignorant les diff\u00e9rentes bifurcations, jusqu&rsquo;\u00e0 atteindre un pilier votif (environ 3,2 km depuis le d\u00e9part). Continuer en ignorant la bifurcation \u00e0 gauche apr\u00e8s environ 300 m, puis croiser Via Gianoli. Tourner \u00e0 droite et ignorer les deux prochaines bifurcations pour continuer sur Via Cecca jusqu&rsquo;\u00e0 croiser la SP33. La traverser pour monter au cimeti\u00e8re et continuer sur Via Boschignolo pendant environ 800 m jusqu&rsquo;au pilier votif \u00e0 l&rsquo;entr\u00e9e de Capriglio. Continuer \u00e0 gauche sur Via San Giovanni pour arriver \u00e0 Piazza Mamma Margherita (<strong>Mairie, Mus\u00e9e Mamma Margherita et \u00c9glise de S. Martino<\/strong>). Descendre ensuite vers la vall\u00e9e, le long de la belle promenade longeant Via San Giovanni, pour atteindre le croisement avec Via Bacolla. Au stop, continuer tout droit, puis tourner \u00e0 droite apr\u00e8s environ 10 m, suivant le sentier n.111. 111. Apr\u00e8s environ 300 m, en laissant un \u00e9tang sur la droite, continuer tout droit en ignorant la premi\u00e8re bifurcation \u00e0 droite et \u00e9galement les suivantes, en suivant le sentier pendant environ 1,9 km, et &#8211; apr\u00e8s avoir d\u00e9pass\u00e9 les enclos d&rsquo;un centre \u00e9questre &#8211; croiser \u00e0 Morialdo la Strada del papa. Tourner \u00e0 gauche sur cette route pour arriver rapidement (environ 900 m) au point de d\u00e9part sur le piazzale de la Basilique du Colle.<\/p>\n\n<div style=\"height:30px\" aria-hidden=\"true\" class=\"wp-block-spacer\"><\/div>\n\n<div style=\"height:20px\" aria-hidden=\"true\" class=\"wp-block-spacer\"><\/div>\n\n<h2 class=\"wp-block-heading\">Carte<\/h2>\n\n<figure data-wp-context=\"{&quot;imageId&quot;:&quot;69f2dffae1b03&quot;}\" data-wp-interactive=\"core\/image\" data-wp-key=\"69f2dffae1b03\" class=\"wp-block-image size-full wp-lightbox-container\"><img fetchpriority=\"high\" decoding=\"async\" width=\"779\" height=\"765\" data-wp-class--hide=\"state.isContentHidden\" data-wp-class--show=\"state.isContentVisible\" data-wp-init=\"callbacks.setButtonStyles\" data-wp-on--click=\"actions.showLightbox\" data-wp-on--load=\"callbacks.setButtonStyles\" data-wp-on-window--resize=\"callbacks.setButtonStyles\" src=\"https:\/\/www.camminodonbosco.eu\/wp-content\/uploads\/2024\/01\/IT4.jpg\" alt=\"\" class=\"wp-image-5072\" srcset=\"https:\/\/www.camminodonbosco.eu\/wp-content\/uploads\/2024\/01\/IT4.jpg 779w, https:\/\/www.camminodonbosco.eu\/wp-content\/uploads\/2024\/01\/IT4-300x295.jpg 300w, https:\/\/www.camminodonbosco.eu\/wp-content\/uploads\/2024\/01\/IT4-768x754.jpg 768w\" sizes=\"(max-width: 779px) 100vw, 779px\" \/><button\n\t\t\tclass=\"lightbox-trigger\"\n\t\t\ttype=\"button\"\n\t\t\taria-haspopup=\"dialog\"\n\t\t\taria-label=\"Agrandir\"\n\t\t\tdata-wp-init=\"callbacks.initTriggerButton\"\n\t\t\tdata-wp-on--click=\"actions.showLightbox\"\n\t\t\tdata-wp-style--right=\"state.imageButtonRight\"\n\t\t\tdata-wp-style--top=\"state.imageButtonTop\"\n\t\t>\n\t\t\t<svg xmlns=\"http:\/\/www.w3.org\/2000\/svg\" width=\"12\" height=\"12\" fill=\"none\" viewBox=\"0 0 12 12\">\n\t\t\t\t<path fill=\"#fff\" d=\"M2 0a2 2 0 0 0-2 2v2h1.5V2a.5.5 0 0 1 .5-.5h2V0H2Zm2 10.5H2a.5.5 0 0 1-.5-.5V8H0v2a2 2 0 0 0 2 2h2v-1.5ZM8 12v-1.5h2a.5.5 0 0 0 .5-.5V8H12v2a2 2 0 0 1-2 2H8Zm2-12a2 2 0 0 1 2 2v2h-1.5V2a.5.5 0 0 0-.5-.5H8V0h2Z\" \/>\n\t\t\t<\/svg>\n\t\t<\/button><\/figure>\n","protected":false},"excerpt":{"rendered":"<p>D\u00e9part et arriv\u00e9e Piazzale Basilica Colle Don BoscoLongueur : environ 9,80 km D\u00e9nivel\u00e9 + 205 m Difficult\u00e9 : parcours facile avec balisage, l\u00e9g\u00e8rement vallonn\u00e9 En partant du piazzale de la Basilique, rejoindre le Mus\u00e9e de la Civilisation paysanne du XIXe si\u00e8cle, puis descendre les escaliers et suivre \u00e0 droite le Chemin Don Bosco jusqu&rsquo;\u00e0 la [&hellip;]<\/p>\n","protected":false},"author":1,"featured_media":0,"parent":0,"menu_order":0,"comment_status":"closed","ping_status":"closed","template":"","meta":{"footnotes":""},"class_list":["post-5554","page","type-page","status-publish","hentry"],"_links":{"self":[{"href":"https:\/\/www.camminodonbosco.eu\/fr\/wp-json\/wp\/v2\/pages\/5554","targetHints":{"allow":["GET"]}}],"collection":[{"href":"https:\/\/www.camminodonbosco.eu\/fr\/wp-json\/wp\/v2\/pages"}],"about":[{"href":"https:\/\/www.camminodonbosco.eu\/fr\/wp-json\/wp\/v2\/types\/page"}],"author":[{"embeddable":true,"href":"https:\/\/www.camminodonbosco.eu\/fr\/wp-json\/wp\/v2\/users\/1"}],"replies":[{"embeddable":true,"href":"https:\/\/www.camminodonbosco.eu\/fr\/wp-json\/wp\/v2\/comments?post=5554"}],"version-history":[{"count":0,"href":"https:\/\/www.camminodonbosco.eu\/fr\/wp-json\/wp\/v2\/pages\/5554\/revisions"}],"wp:attachment":[{"href":"https:\/\/www.camminodonbosco.eu\/fr\/wp-json\/wp\/v2\/media?parent=5554"}],"curies":[{"name":"wp","href":"https:\/\/api.w.org\/{rel}","templated":true}]}}