{"id":5583,"date":"2022-07-04T14:40:37","date_gmt":"2022-07-04T12:40:37","guid":{"rendered":"https:\/\/www.camminodonbosco.eu\/anneaux-de-andezeno\/"},"modified":"2024-01-07T09:13:32","modified_gmt":"2024-01-07T08:13:32","slug":"anneaux-de-andezeno","status":"publish","type":"page","link":"https:\/\/www.camminodonbosco.eu\/fr\/anneaux-de-andezeno\/","title":{"rendered":"Anneaux de Andezeno"},"content":{"rendered":"\n<h2 class=\"wp-block-heading has-text-color\" style=\"color:#40a95a\">ANNEAU DU BRIC ANDIO &#8211; BATAILLE DE BARBAROSSA<\/h2>\n\n<p><strong>D\u00e9part et arriv\u00e9e<\/strong> Parking adjacent au terrain de sport (route de la Faiteria)<br\/><strong>Longueur<\/strong> environ 5,80 km <strong>D\u00e9nivel\u00e9<\/strong> + 94 m <strong>Difficult\u00e9<\/strong> du parcours facile, l\u00e9g\u00e8rement vallonn\u00e9<\/p>\n\n<p>En partant du <strong>parking<\/strong> dans le pr\u00e9 adjacent au terrain de sport, tournez \u00e0 gauche, puis tournez \u00e0 gauche \u00e0 nouveau dans la r\u00e9gion de la Faiteria apr\u00e8s 240 m\u00e8tres. Apr\u00e8s avoir travers\u00e9 le hameau, la route devient un chemin de terre. Suivez les indications du sentier balis\u00e9 222 en direction du Pilone San Carlo &#8211; Bric Andio. Ignorez une premi\u00e8re d\u00e9viation \u00e0 gauche (statue de la Madonna) et, \u00e0 0,6 km du d\u00e9part, tournez \u00e0 gauche en suivant le sentier en l\u00e9g\u00e8re mont\u00e9e. Apr\u00e8s avoir parcouru 520 m\u00e8tres, ignorez la d\u00e9viation \u00e0 droite pour atteindre le <strong>pilone San Carlo<\/strong> apr\u00e8s 380 m\u00e8tres. L\u00e0, suivez le sentier qui contourne la colline et offre une vue panoramique magnifique sur le hameau d&rsquo;Airali de Chieri, Superga, Pavarolo et Montaldo T.se. Le sentier descend ensuite en direction de Montaldo. Tournez \u00e0 droite (2 km depuis le d\u00e9part) sur le Sentiero 234, en marchant parmi les ch\u00eanes, les cerisiers, les noyers et les vignes jusqu&rsquo;\u00e0 tourner \u00e0 droite (<strong>1<\/strong>) apr\u00e8s 450 m\u00e8tres sur le Sentiero 220 en direction du Cimeti\u00e8re d&rsquo;Andezeno &#8211; \u00c9glise Saint-Georges. Ignorez la route \u00e0 droite apr\u00e8s 100 m\u00e8tres, puis montez \u00e0 droite apr\u00e8s 310 m\u00e8tres, en suivant un petit sentier qui m\u00e8ne au ch\u00eane s\u00e9culaire du <strong>Bric Andio<\/strong> (3,2 km depuis le d\u00e9part). Revenez sur vos pas, puis tournez \u00e0 droite apr\u00e8s 200 m\u00e8tres en direction d&rsquo;Andezeno. Ignorez la d\u00e9viation \u00e0 droite apr\u00e8s 460 m\u00e8tres, puis continuez tout droit apr\u00e8s 340 m\u00e8tres (belle vue sur Marentino, le sentier \u00e0 droite ram\u00e8ne au Pilone San Carlo). \u00c0 4,65 km du d\u00e9part, vous atteindrez le cimeti\u00e8re d&rsquo;Andezeno et <strong>l&rsquo;\u00e9glise romane de San Giorgio<\/strong>. Descendez ensuite \u00e0 gauche sur la route goudronn\u00e9e, en ignorant la d\u00e9viation \u00e0 droite apr\u00e8s 250 m\u00e8tres (chemin vers le lac d&rsquo;Arignano et Marentino) en continuant tout droit. Apr\u00e8s 270 m\u00e8tres, \u00e0 hauteur d&rsquo;une chapelle votive avec une belle statue en bois de la Vierge Marie, tournez \u00e0 droite vers la r\u00e9gion de la Faiteria. Apr\u00e8s avoir parcouru 330 m\u00e8tres, tournez en direction du point de d\u00e9part, que vous atteindrez apr\u00e8s 300 autres m\u00e8tres (5,80 km depuis le d\u00e9part).            <\/p>\n\n<p>1.  <em>\u00c0 partir de l\u00e0, vous pouvez rejoindre Montaldo T.se et le Chemin Don Bosco en descendant tout droit pendant 860 m\u00e8tres jusqu&rsquo;au cimeti\u00e8re de Montaldo, en ignorant toutes les d\u00e9viations \u00e0 droite. Du cimeti\u00e8re, continuez tout droit pendant encore 650 m\u00e8tres pour atteindre d&rsquo;abord la chapelle de San Rocco, puis Piazza Fornace, et enfin la route qui m\u00e8ne de Montaldo \u00e0 Marentino (\u00e0 droite, sur le Chemin Don Bosco).  <\/em><\/p>\n\n<p><em><br\/>L&rsquo;ancien ch\u00eane plant\u00e9 au d\u00e9but du XIXe si\u00e8cle marque la fronti\u00e8re entre les territoires de Montaldo Torinese et d&rsquo;Andezeno, au sommet du Bric Andio. Selon la tradition orale, c&rsquo;est en cet endroit qu&rsquo;a eu lieu une bataille f\u00e9roce lorsque, en 1158, l&#8217;empereur Fr\u00e9d\u00e9ric Barberousse a travers\u00e9 cette colline pour conqu\u00e9rir le territoire de Chieri. <\/em><\/p>\n\n<div style=\"height:100px\" aria-hidden=\"true\" class=\"wp-block-spacer\"><\/div>\n\n<h2 class=\"wp-block-heading has-text-color\" style=\"color:#d42ac6\">ANNEAU DE VILLA SIMEOM<\/h2>\n\n<p><strong>D\u00e9part et arriv\u00e9e<\/strong> Parking place Italia<br\/><strong>Longueur<\/strong> environ 2,50 km D\u00e9nivel\u00e9 + 40 m <strong>Difficult\u00e9<\/strong> de l&rsquo;excursion, parcours facile avec l\u00e9g\u00e8re mont\u00e9e<br\/><strong>Eau<\/strong> Petite maison d&rsquo;eau SMAT via Cesole<\/p>\n\n<p>En partant du <strong>parking de la place Italia<\/strong>, tournez \u00e0 gauche dans la via Cesole, au niveau de la petite maison d&rsquo;eau SMAT. Continuez sur la via Cesole pendant 650 m\u00e8tres, puis tournez \u00e0 gauche sur le chemin interpod\u00e9ral juste apr\u00e8s une rang\u00e9e de ch\u00eanes. Apr\u00e8s 170 m\u00e8tres, continuez \u00e0 gauche en l\u00e9g\u00e8re mont\u00e9e, puis apr\u00e8s 210 m\u00e8tres, continuez tout droit en ignorant la d\u00e9viation \u00e0 gauche. Apr\u00e8s 170 m\u00e8tres, traversez une belle clairi\u00e8re pour arriver apr\u00e8s 230 m\u00e8tres au portail arri\u00e8re de <strong>Villa Simeom<\/strong>. Continuez sur 330 m\u00e8tres le long de la cl\u00f4ture de la demeure (avec de remarquables sp\u00e9cimens de charmes) pour ensuite descendre sur la SP119 au niveau du Pilone San Pancrazio. Continuez \u00e0 gauche en faisant attention \u00e0 la circulation pour retourner rapidement au parking de la place Italia.<\/p>\n\n<div style=\"height:100px\" aria-hidden=\"true\" class=\"wp-block-spacer\"><\/div>\n\n<h2 class=\"wp-block-heading has-luminous-vivid-amber-color has-text-color\">PROMENADE DANS LE CENTRE HISTORIQUE<\/h2>\n\n<p><strong>D\u00e9part et arriv\u00e9e<\/strong> Parking place Italia<br\/><strong>Longueur<\/strong> environ 1,80 km D\u00e9nivel\u00e9 + 45 m <strong>Difficult\u00e9<\/strong> de l&rsquo;excursion, parcours facile avec l\u00e9g\u00e8re mont\u00e9e<\/p>\n\n<p>Il existe peu de t\u00e9moignages du tissu urbain m\u00e9di\u00e9val d&rsquo;origine, qui forme aujourd&rsquo;hui le centre historique en haut de la colline, fortifi\u00e9 avec des <strong>murs datant du XVIIIe si\u00e8cle<\/strong>. La Villa San Carlo est remarquable, r\u00e9sidence de la famille Villa reconstruite au XVIIIe si\u00e8cle.<br\/>En partant du <strong>parking de la place Italia<\/strong>, traversez le Corso Vittorio Emanuele II pour emprunter la via Roma, montant sur 450 m\u00e8tres jusqu&rsquo;\u00e0 croiser la via Cavour. Tournez \u00e0 gauche pour continuer ensuite dans la via Balbiano et enfin arriver \u00e0 <strong>l&rsquo;\u00e9glise paroissiale de San Giorgio Martire<\/strong> (point de vue). Descendez ensuite \u00e0 nouveau sur la via Cavour jusqu&rsquo;\u00e0 la via Coppi, puis la via Piovano, qui vous ram\u00e8ne au Corso Vittorio Emanuele II.<\/p>\n\n<div style=\"height:100px\" aria-hidden=\"true\" class=\"wp-block-spacer\"><\/div>\n\n<figure class=\"wp-block-image size-full is-resized\"><img fetchpriority=\"high\" decoding=\"async\" src=\"https:\/\/www.camminodonbosco.eu\/wp-content\/uploads\/2022\/03\/ANELLO-5_Andezeno.jpg\" alt=\"\" class=\"wp-image-708\" style=\"width:1920px;height:1359px\" width=\"1920\" height=\"1359\" srcset=\"https:\/\/www.camminodonbosco.eu\/wp-content\/uploads\/2022\/03\/ANELLO-5_Andezeno.jpg 1920w, https:\/\/www.camminodonbosco.eu\/wp-content\/uploads\/2022\/03\/ANELLO-5_Andezeno-300x212.jpg 300w, https:\/\/www.camminodonbosco.eu\/wp-content\/uploads\/2022\/03\/ANELLO-5_Andezeno-1024x725.jpg 1024w, https:\/\/www.camminodonbosco.eu\/wp-content\/uploads\/2022\/03\/ANELLO-5_Andezeno-768x544.jpg 768w, https:\/\/www.camminodonbosco.eu\/wp-content\/uploads\/2022\/03\/ANELLO-5_Andezeno-1536x1087.jpg 1536w\" sizes=\"(max-width: 1920px) 100vw, 1920px\" \/><\/figure>\n","protected":false},"excerpt":{"rendered":"<p>ANNEAU DU BRIC ANDIO &#8211; BATAILLE DE BARBAROSSA D\u00e9part et arriv\u00e9e Parking adjacent au terrain de sport (route de la Faiteria)Longueur environ 5,80 km D\u00e9nivel\u00e9 + 94 m Difficult\u00e9 du parcours facile, l\u00e9g\u00e8rement vallonn\u00e9 En partant du parking dans le pr\u00e9 adjacent au terrain de sport, tournez \u00e0 gauche, puis tournez \u00e0 gauche \u00e0 nouveau [&hellip;]<\/p>\n","protected":false},"author":1,"featured_media":0,"parent":0,"menu_order":0,"comment_status":"closed","ping_status":"closed","template":"","meta":{"footnotes":""},"class_list":["post-5583","page","type-page","status-publish","hentry"],"_links":{"self":[{"href":"https:\/\/www.camminodonbosco.eu\/fr\/wp-json\/wp\/v2\/pages\/5583","targetHints":{"allow":["GET"]}}],"collection":[{"href":"https:\/\/www.camminodonbosco.eu\/fr\/wp-json\/wp\/v2\/pages"}],"about":[{"href":"https:\/\/www.camminodonbosco.eu\/fr\/wp-json\/wp\/v2\/types\/page"}],"author":[{"embeddable":true,"href":"https:\/\/www.camminodonbosco.eu\/fr\/wp-json\/wp\/v2\/users\/1"}],"replies":[{"embeddable":true,"href":"https:\/\/www.camminodonbosco.eu\/fr\/wp-json\/wp\/v2\/comments?post=5583"}],"version-history":[{"count":0,"href":"https:\/\/www.camminodonbosco.eu\/fr\/wp-json\/wp\/v2\/pages\/5583\/revisions"}],"wp:attachment":[{"href":"https:\/\/www.camminodonbosco.eu\/fr\/wp-json\/wp\/v2\/media?parent=5583"}],"curies":[{"name":"wp","href":"https:\/\/api.w.org\/{rel}","templated":true}]}}