{"id":5591,"date":"2022-07-04T14:41:12","date_gmt":"2022-07-04T12:41:12","guid":{"rendered":"https:\/\/www.camminodonbosco.eu\/les-anneaux-de-baldissero-torinese\/"},"modified":"2024-01-07T09:23:00","modified_gmt":"2024-01-07T08:23:00","slug":"les-anneaux-de-baldissero-torinese","status":"publish","type":"page","link":"https:\/\/www.camminodonbosco.eu\/fr\/les-anneaux-de-baldissero-torinese\/","title":{"rendered":"Les Anneaux de Baldissero Torinese"},"content":{"rendered":"\n<h2 class=\"has-luminous-vivid-amber-color has-text-color wp-block-heading\">ANNEAU DE RIVODORA (Sentier de la chaux)<\/h2>\n\n<p><strong>D\u00e9part et arriv\u00e9e<\/strong> Parking adjacent au village de Paluch<br\/><strong>Longueur<\/strong> environ 8 km D\u00e9nivel\u00e9 + 46 m <strong>Difficult\u00e9<\/strong> de randonn\u00e9e, parcours difficile en descente avec des sections expos\u00e9es sur des pentes raides<br\/><strong>Eau<\/strong> 3 fontaines dans les aires de repos sur la portion pi\u00e9tonne de la SP4 en direction de Superga<\/p>\n\n<div style=\"height:30px\" aria-hidden=\"true\" class=\"wp-block-spacer\"><\/div>\n\n<p>En partant du <strong>parking adjacent au village de Paluch<\/strong>, tournez \u00e0 gauche sur la SP4 en direction de Superga, en continuant sur la portion pi\u00e9tonne pendant 1,5 km jusqu&rsquo;\u00e0 ce que vous croisiez sur votre droite la petite route asphalt\u00e9e qui descend vers l&rsquo;<strong>Agriturismo Ai Guiet.<\/strong> Parcourez 100 m\u00e8tres, puis tournez \u00e0 droite sur le sentier 59 dans la for\u00eat. Apr\u00e8s 130 m\u00e8tres, traversez un tron\u00e7on accident\u00e9 en dessous de l&rsquo;agritourisme et continuez dans la for\u00eat de ch\u00eanes, d&rsquo;\u00e9rables, de ch\u00e2taigniers et de cerisiers sauvages pendant 270 m\u00e8tres, puis tournez \u00e0 droite. Continuez pendant environ 1 km sur le sentier transversal en passant plusieurs rigoles \u00e9rod\u00e9es par les petits ruisseaux qui se jettent dans le Rio Tabuss, <strong>en faisant tr\u00e8s attention en raison de la petite taille du sentier, qui peut \u00eatre glissant par endroits,<\/strong> jusqu&rsquo;\u00e0 ce que vous croisiez le Sentier du romarin. L\u00e0, tournez \u00e0 gauche, en descendant vers le <strong>Bric Castl\u00e8tt.<\/strong> Apr\u00e8s avoir d\u00e9pass\u00e9 les vestiges des guies (\u00e0 courte distance des ruines du Castl\u00e8tt), apr\u00e8s un autre tron\u00e7on dangereux (continuez tout droit en mont\u00e9e), descendez vers Rivodora apr\u00e8s 540 m\u00e8tres. \u00c0 4 km du d\u00e9part, vous atteignez la petite route asphalt\u00e9e qui m\u00e8ne de Tetti Ronchi au <strong>hameau de Rivodora<\/strong> (tournez \u00e0 gauche pour rejoindre le village, point d&rsquo;eau pr\u00e8s de l&rsquo;\u00e9glise). Traversez la petite route et prenez le sentier 54 (appel\u00e9 \u00ab\u00a0<strong>la saponetta<\/strong>\u00ab\u00a0, tr\u00e8s glissant apr\u00e8s les pr\u00e9cipitations) qui monte le long du Rio Dora dans la vall\u00e9e de Rivodora. Ignorez la trace \u00e0 droite apr\u00e8s 1,5 km, continuez sur la trace principale pendant 180 m\u00e8tres, puis tournez \u00e0 droite en l\u00e9g\u00e8re mont\u00e9e apr\u00e8s 130 m\u00e8tres, puis traversez la route asphalt\u00e9e apr\u00e8s 50 m\u00e8tres pour prendre le sentier 54 qui monte vers Tetti Bertone. Tournez \u00e0 droite apr\u00e8s 200 m\u00e8tres, puis encore \u00e0 droite apr\u00e8s avoir parcouru 400 m\u00e8tres de plus. Enfin, lorsque vous atteignez la <strong>Strada della Croce<\/strong> (Chemin Don Bosco), tournez \u00e0 droite. Apr\u00e8s 550 m\u00e8tres, tournez \u00e0 gauche dans la rue Bellavista, puis \u00e0 droite apr\u00e8s 360 m\u00e8tres. Continuez pendant environ 500 m\u00e8tres sur la SP4 en faisant attention \u00e0 la circulation, jusqu&rsquo;\u00e0 ce que vous atteigniez le point de d\u00e9part.<\/p>\n\n<div style=\"height:30px\" aria-hidden=\"true\" class=\"wp-block-spacer\"><\/div>\n\n<p><em>Dans la r\u00e9gion du Bric Castl\u00e8tt, sur la colline de Superga, se trouvent les traces de l&rsquo;activit\u00e9 d&rsquo;extraction dans les carri\u00e8res de pierre blanche, d&rsquo;o\u00f9 \u00e9tait extraite la chaux vive utilis\u00e9e dans la construction de la Basilique de Superga, de l&rsquo;\u00c9glise de Santa Maria della Spina \u00e0 Baldissero T.se et de nombreux b\u00e2timents dans le Turin du XVIIIe si\u00e8cle. Les eaux pluviales \u00e9taient canalis\u00e9es et dirig\u00e9es vers les guies, des digues construites en pierre avec une ouverture au centre, utilis\u00e9es pour faire remonter les pierres blanches gr\u00e2ce \u00e0 l&rsquo;\u00e9coulement de l&rsquo;eau. Les pierres \u00e9taient ensuite collect\u00e9es et cuites au four pendant 2 jours, jusqu&rsquo;\u00e0 ce qu&rsquo;elles atteignent une couleur dor\u00e9e. Ensuite, elles \u00e9taient fondues pour obtenir de la chaux vive.<\/em><\/p>\n\n<div style=\"height:100px\" aria-hidden=\"true\" class=\"wp-block-spacer\"><\/div>\n\n<h2 class=\"has-vivid-red-color has-text-color wp-block-heading\"><strong>ANNEAU DU TOETTO<\/strong><\/h2>\n\n<p><strong>D\u00e9part et arriv\u00e9e<\/strong> Parking du Campo Sportivo de Baldissero T.se &#8211; via Cordova, 9 (283 m d&rsquo;altitude)<br\/><strong>Longueur<\/strong> environ 8,50 km D\u00e9nivel\u00e9 + 130 m <strong>Difficult\u00e9<\/strong> de randonn\u00e9e, parcours facile l\u00e9g\u00e8rement vallonn\u00e9<br\/><strong>Eau<\/strong> Fontaine dans le Jardin San Giuliano<\/p>\n\n<div style=\"height:30px\" aria-hidden=\"true\" class=\"wp-block-spacer\"><\/div>\n\n<p>En partant du <strong>parking du Campo Sportivo<\/strong>, tournez \u00e0 gauche sur la SP117 en direction de Cordova, en passant par le <strong>Jardin San Giuliano<\/strong> (point d&rsquo;eau), et montez en utilisant le trottoir jusqu&rsquo;\u00e0 ce que vous croisiez la route du Toetto sur votre droite apr\u00e8s 850 m\u00e8tres, pr\u00e8s de la <strong>Chapelle de la Madonna della Delibera<\/strong>. Parcourez 780 m\u00e8tres sur le chemin de terre, ignorez la route \u00e0 droite et descendez encore pendant 600 m\u00e8tres pour rejoindre la route goudronn\u00e9e et croiser, \u00e0 2,5 km du d\u00e9part, la SP4 en direction de Pavarolo pr\u00e8s de la  <strong>Chapelle du Toetto.<\/strong> Tournez \u00e0 gauche et faites attention \u00e0 la circulation pendant 120 m\u00e8tres, puis tournez \u00e0 droite en direction de<strong> Tetti Valentino <\/strong>(sentier 53). Parcourez 80 m\u00e8tres, puis tournez \u00e0 gauche dans la rue Valentino, ignorez la route \u00e0 gauche apr\u00e8s 300 m\u00e8tres en continuant sur l&rsquo;asphalte (avec une belle vue \u00e0 gauche sur le <strong>hameau d&rsquo;Airali<\/strong> de Chieri), puis continuez pendant 450 m\u00e8tres sur l&rsquo;interpoderale en direction d&rsquo;Airali (vue panoramique). Passez Tetti Quaglino (avec une vue \u00e0 gauche sur le <strong>Bric Andio<\/strong>, le ch\u00eane de Barberousse) et continuez tout droit sur la route du Valentino apr\u00e8s 650 m\u00e8tres, en ignorant la d\u00e9viation \u00e0 droite, en descendant dans la vall\u00e9e. Parcourez encore 600 m\u00e8tres, puis tournez \u00e0 gauche, puis encore \u00e0 gauche apr\u00e8s 160 m\u00e8tres pour marcher dans la vall\u00e9e. Ignorez la premi\u00e8re d\u00e9viation \u00e0 gauche apr\u00e8s 900 m\u00e8tres, puis la d\u00e9viation suivante \u00e0 droite vers le hameau d&rsquo;Airali apr\u00e8s 120 m\u00e8tres. Parcourez encore 200 m\u00e8tres, puis tournez sur l&rsquo;asphalte et prenez imm\u00e9diatement \u00e0 droite pr\u00e8s de la <strong>Chapelle de S. Rita<\/strong>. Montez entre les vignes, les prairies et les bois (avec une belle vue \u00e0 droite sur Pavarolo, Montaldo T.se et Marentino), en laissant de c\u00f4t\u00e9 la d\u00e9viation \u00e0 droite apr\u00e8s 650 m\u00e8tres. Tournez \u00e0 droite sur l&rsquo;asphalte en descendant la route du Valentino apr\u00e8s 150 m\u00e8tres (sentier 53). Parcourez 350 m\u00e8tres, tournez \u00e0 droite \u00e0 l&rsquo;arr\u00eat, puis imm\u00e9diatement \u00e0 gauche sur la SP4 en direction de Baldissero, puis tournez \u00e0 droite apr\u00e8s 720 m\u00e8tres sur la SP117 en direction de Cordova et rejoignez le point de d\u00e9part apr\u00e8s 300 autres m\u00e8tres.         <\/p>\n\n<div style=\"height:100px\" aria-hidden=\"true\" class=\"wp-block-spacer\"><\/div>\n\n<figure class=\"wp-block-image size-full is-resized\"><img fetchpriority=\"high\" decoding=\"async\" src=\"https:\/\/www.camminodonbosco.eu\/wp-content\/uploads\/2022\/03\/ANELLO-4_Baldissero-T.se_.jpg\" alt=\"\" class=\"wp-image-707\" width=\"1920\" height=\"1361\" srcset=\"https:\/\/www.camminodonbosco.eu\/wp-content\/uploads\/2022\/03\/ANELLO-4_Baldissero-T.se_.jpg 1920w, https:\/\/www.camminodonbosco.eu\/wp-content\/uploads\/2022\/03\/ANELLO-4_Baldissero-T.se_-300x213.jpg 300w, https:\/\/www.camminodonbosco.eu\/wp-content\/uploads\/2022\/03\/ANELLO-4_Baldissero-T.se_-1024x726.jpg 1024w, https:\/\/www.camminodonbosco.eu\/wp-content\/uploads\/2022\/03\/ANELLO-4_Baldissero-T.se_-768x544.jpg 768w, https:\/\/www.camminodonbosco.eu\/wp-content\/uploads\/2022\/03\/ANELLO-4_Baldissero-T.se_-1536x1089.jpg 1536w\" sizes=\"(max-width: 1920px) 100vw, 1920px\" \/><\/figure>\n","protected":false},"excerpt":{"rendered":"<p>ANNEAU DE RIVODORA (Sentier de la chaux) D\u00e9part et arriv\u00e9e Parking adjacent au village de PaluchLongueur environ 8 km D\u00e9nivel\u00e9 + 46 m Difficult\u00e9 de randonn\u00e9e, parcours difficile en descente avec des sections expos\u00e9es sur des pentes raidesEau 3 fontaines dans les aires de repos sur la portion pi\u00e9tonne de la SP4 en direction de [&hellip;]<\/p>\n","protected":false},"author":1,"featured_media":0,"parent":0,"menu_order":0,"comment_status":"closed","ping_status":"closed","template":"","meta":{"footnotes":""},"class_list":["post-5591","page","type-page","status-publish","hentry"],"_links":{"self":[{"href":"https:\/\/www.camminodonbosco.eu\/fr\/wp-json\/wp\/v2\/pages\/5591","targetHints":{"allow":["GET"]}}],"collection":[{"href":"https:\/\/www.camminodonbosco.eu\/fr\/wp-json\/wp\/v2\/pages"}],"about":[{"href":"https:\/\/www.camminodonbosco.eu\/fr\/wp-json\/wp\/v2\/types\/page"}],"author":[{"embeddable":true,"href":"https:\/\/www.camminodonbosco.eu\/fr\/wp-json\/wp\/v2\/users\/1"}],"replies":[{"embeddable":true,"href":"https:\/\/www.camminodonbosco.eu\/fr\/wp-json\/wp\/v2\/comments?post=5591"}],"version-history":[{"count":0,"href":"https:\/\/www.camminodonbosco.eu\/fr\/wp-json\/wp\/v2\/pages\/5591\/revisions"}],"wp:attachment":[{"href":"https:\/\/www.camminodonbosco.eu\/fr\/wp-json\/wp\/v2\/media?parent=5591"}],"curies":[{"name":"wp","href":"https:\/\/api.w.org\/{rel}","templated":true}]}}