{"id":5595,"date":"2022-07-04T14:41:31","date_gmt":"2022-07-04T12:41:31","guid":{"rendered":"https:\/\/www.camminodonbosco.eu\/les-anneaux-de-chieri\/"},"modified":"2024-01-07T09:38:32","modified_gmt":"2024-01-07T08:38:32","slug":"les-anneaux-de-chieri","status":"publish","type":"page","link":"https:\/\/www.camminodonbosco.eu\/fr\/les-anneaux-de-chieri\/","title":{"rendered":"Les Anneaux de Chieri"},"content":{"rendered":"\n<h2 class=\"has-vivid-green-cyan-color has-text-color wp-block-heading\">ANNEAU DE MADONNA DELLA SCALA<\/h2>\n\n<p><strong>D\u00e9part et arriv\u00e9e<\/strong> Strada del Verde (intersection avec Viale Cappuccini, possibilit\u00e9 de se garer) &#8211; Chieri<br\/><strong>Longueur<\/strong> 9,5 km &#8211; <strong>D\u00e9nivel\u00e9<\/strong> positif de 181 m<br\/><strong>Difficult\u00e9<\/strong> de randonn\u00e9e, parcours de plat \u00e0 vallonn\u00e9<br\/><strong>Eau<\/strong> disponible \u00e0 la fontaine du parc public &#8211; hameau de Madonna della Scala<\/p>\n\n<div style=\"height:30px\" aria-hidden=\"true\" class=\"wp-block-spacer\"><\/div>\n\n<p>Suivez la <strong>Strada del Verde<\/strong> pour continuer \u00e0 gauche apr\u00e8s environ 370 m\u00e8tres sur un petit chemin d\u00e9limit\u00e9 par une barri\u00e8re. Parcourez 180 m\u00e8tres suppl\u00e9mentaires, puis tournez \u00e0 droite pr\u00e8s d&rsquo;un ch\u00eane, en suivant le sentier entre les champs. Apr\u00e8s 380 m\u00e8tres, passez devant une cabane adjacente \u00e0 une rang\u00e9e de vignes, puis tournez \u00e0 gauche sur un chemin de terre apr\u00e8s 70 m\u00e8tres (<strong>Via dei Tigli<\/strong>) \u00e0 c\u00f4t\u00e9 d&rsquo;une cabine. Apr\u00e8s avoir d\u00e9pass\u00e9 un majestueux ch\u00eane, tournez \u00e0 droite le long de la cl\u00f4ture d&rsquo;une maison, en passant une barri\u00e8re et en continuant en descente. Parcourez 150 m\u00e8tres, puis tournez \u00e0 droite sur la Strada del Chiaventone, d\u00e9passez l&rsquo;ancien couvent et atteignez un carrefour apr\u00e8s environ 750 m\u00e8tres. Tournez \u00e0 gauche sur la <strong>Strada del Vibernone<\/strong>, ignorez le prochain petit chemin \u00e0 gauche, puis tournez \u00e0 gauche apr\u00e8s environ 300 m\u00e8tres sur la <strong>Strada della Molina<\/strong>, puis tournez \u00e0 droite \u00e0 200 m\u00e8tres pr\u00e8s de Villa Rasero. Continuez jusqu&rsquo;\u00e0 ce que vous croisiez la <strong>Via Madonna della Scala<\/strong> (3,5 km depuis le d\u00e9part, pr\u00e8s d&rsquo;un parc public). Tournez \u00e0 droite et traversez le <strong>hameau Madonna della Scala<\/strong> en faisant attention \u00e0 la circulation, d\u00e9passez la belle \u00e9glise <strong>Santa Maria della Scala<\/strong> \u00e0 gauche, puis tournez \u00e0 gauche sur un chemin de terre (indication restaurant Establo) apr\u00e8s avoir parcouru environ 500 m\u00e8tres depuis le carrefour. Apr\u00e8s environ 600 m\u00e8tres, tournez \u00e0 droite juste apr\u00e8s avoir d\u00e9pass\u00e9 le restaurant (ancien couvent), en marchant le long de sa cl\u00f4ture, puis continuez sur un petit sentier le long d&rsquo;un champ, qui devient bient\u00f4t un sentier inter-pod\u00e9r\u00e9 confortable. Parcourez environ 880 m\u00e8tres, puis tournez \u00e0 droite sur un petit chemin pr\u00e8s du <strong>Meandre San Felice<\/strong> (5,5 km depuis le d\u00e9part). Arriv\u00e9 sur la SP 123, tournez \u00e0 droite et continuez sur 600 m\u00e8tres le long du mur de la <strong>Villa Passatempo<\/strong> en faisant attention \u00e0 la circulation, puis tournez \u00e0 gauche sur la <strong>Strada Tetti Rocco<\/strong>. Montez environ 700 m\u00e8tres jusqu&rsquo;\u00e0 ce que vous croisiez la <strong>Strada Tetti Marsino<\/strong>. Tournez \u00e0 droite (belle vue sur Villa Brea) pour arriver apr\u00e8s 700 m\u00e8tres au carrefour d\u00e9j\u00e0 travers\u00e9 \u00e0 l&rsquo;aller. Continuez tout droit sur le chemin de terre de la <strong>Strada del Chiaventone<\/strong>, puis tournez \u00e0 gauche apr\u00e8s 450 m\u00e8tres, en montant sur un sentier pr\u00e8s d&rsquo;un bosquet qui, apr\u00e8s environ 200 m\u00e8tres, rejoint la <strong>Via degli Tigli<\/strong>. Tournez \u00e0 gauche ici pour rejoindre <strong>Viale Cappuccini<\/strong> apr\u00e8s 300 m\u00e8tres. Ici, tournez \u00e0 droite, en faisant attention \u00e0 la circulation intense, pour revenir au point de d\u00e9part apr\u00e8s un peu plus de 650 m\u00e8tres.              <\/p>\n\n<div style=\"height:30px\" aria-hidden=\"true\" class=\"wp-block-spacer\"><\/div>\n\n<p><em>Les d\u00e9p\u00f4ts limoneux et argileux du <strong>m\u00e9andre de San Felice <\/strong>remontent au d\u00e9but du Pl\u00e9istoc\u00e8ne moyen (correspondant \u00e0 une p\u00e9riode post\u00e9rieure \u00e0 environ 781 000 ans), constituant une trace de la formation fluviale effectu\u00e9e par l&rsquo;ancien cours d&rsquo;eau <strong>(paleo-Po<\/strong>) lorsqu&rsquo;il s&rsquo;\u00e9coulait au sud de la colline de Turin, se dirigeant vers l&rsquo;est \u00e0 travers les collines d&rsquo;Asti.<\/em><\/p>\n\n<div style=\"height:30px\" aria-hidden=\"true\" class=\"wp-block-spacer\"><\/div>\n\n<p><em>La Villa <strong>Il Passatempo delle Dame di Verrua<\/strong> a \u00e9t\u00e9 construite \u00e0 la fin du XVIIe si\u00e8cle. Le b\u00e2timent, entour\u00e9 d&rsquo;un parc s\u00e9culaire avec des all\u00e9es qui s&rsquo;enfoncent parmi les ch\u00eanes, les peupliers cypr\u00e8s, les c\u00e8dres et les plans d&rsquo;eau, r\u00e9v\u00e8le dans ses lignes \u00e0 la fois harmonieuses et s\u00e9v\u00e8res le go\u00fbt n\u00e9oclassique de l&rsquo;\u00e9poque. Un escalier \u00e0 rampes sym\u00e9triques m\u00e8ne \u00e0 l&rsquo;\u00e9tage noble, avec une salle d&rsquo;honneur d\u00e9cor\u00e9e d&rsquo;une imposante vasque en marbre, une grande chemin\u00e9e rev\u00eatue de c\u00e9ramiques des anciennes fabriques pi\u00e9montaises et une majestueuse sculpture en bois repr\u00e9sentant la bataille de Vienne en 1683.<\/em><\/p>\n\n<div style=\"height:100px\" aria-hidden=\"true\" class=\"wp-block-spacer\"><\/div>\n\n<figure class=\"wp-block-image size-full is-resized\"><img fetchpriority=\"high\" decoding=\"async\" src=\"https:\/\/www.camminodonbosco.eu\/wp-content\/uploads\/2022\/03\/ANELLO-3_Chieri.jpg\" alt=\"\" class=\"wp-image-706\" width=\"1920\" height=\"1361\" srcset=\"https:\/\/www.camminodonbosco.eu\/wp-content\/uploads\/2022\/03\/ANELLO-3_Chieri.jpg 1920w, https:\/\/www.camminodonbosco.eu\/wp-content\/uploads\/2022\/03\/ANELLO-3_Chieri-300x213.jpg 300w, https:\/\/www.camminodonbosco.eu\/wp-content\/uploads\/2022\/03\/ANELLO-3_Chieri-1024x726.jpg 1024w, https:\/\/www.camminodonbosco.eu\/wp-content\/uploads\/2022\/03\/ANELLO-3_Chieri-768x544.jpg 768w, https:\/\/www.camminodonbosco.eu\/wp-content\/uploads\/2022\/03\/ANELLO-3_Chieri-1536x1089.jpg 1536w\" sizes=\"(max-width: 1920px) 100vw, 1920px\" \/><\/figure>\n\n<div style=\"height:100px\" aria-hidden=\"true\" class=\"wp-block-spacer\"><\/div>\n\n<h2 class=\"has-vivid-cyan-blue-color has-text-color wp-block-heading\">EXPLORER L&rsquo;ESCARGOT<br\/>PROMENADE \u00c0 TRAVERS L&rsquo;ART, L&rsquo;HISTOIRE ET LA CULTURE DE CHIERI<\/h2>\n\n<p><strong>D\u00e9part<\/strong> et arriv\u00e9e au Parking de la Place Europa &#8211; Chieri.<br\/><strong>Longueur<\/strong> de 3,5 km<br\/><strong>Difficult\u00e9<\/strong> touristique<\/p>\n\n<div style=\"height:50px\" aria-hidden=\"true\" class=\"wp-block-spacer\"><\/div>\n\n<p>Partir de la <strong>Place Europa<\/strong> en marchant le long du c\u00f4t\u00e9 adjacent au mur de l&rsquo;Institut Salesiano San Luigi en direction des vestiges des remparts de l&rsquo;ancien <strong>Fort de la Rocchetta<\/strong>. Juste avant les remparts, descendre par le passage pi\u00e9ton, traverser la Piazzetta Brigata Alpina Taurinense puis tourner \u00e0 gauche sur Via Vittorio Emanuele II. D\u00e9passer sur la gauche l&rsquo;\u00c9glise de S. Margherita, l&rsquo;oratoire San Luigi et la Chapelle de S. Croce pour atteindre le <strong>Couvent de San Domenico<\/strong> (entr\u00e9e de l&rsquo;\u00e9glise sur Via San Donato, entr\u00e9e du clo\u00eetre sur Via della Gualderia). Continuer sur Via V. Emanuele II, puis tourner \u00e0 droite apr\u00e8s 50 m\u00e8tres dans Via della Pace, o\u00f9 se trouve le <strong>Ghetto juif<\/strong> au num\u00e9ro 8. Revenir sur ses pas, puis tourner \u00e0 droite dans Via V. Emanuele pour arriver d&rsquo;abord \u00e0 l&rsquo;ancien Couvent <strong>San Filippo Neri<\/strong> (qui abrite le <strong>Centre de Visite Don Bosco<\/strong> et la <strong>StArt Gallery<\/strong>) et \u00e0 l&rsquo;\u00e9glise baroque adjacente de San Filippo, puis \u00e0 l&rsquo;<strong>Arco di Piazza<\/strong>. Apr\u00e8s avoir d\u00e9pass\u00e9 l&rsquo;Arco (<strong>Piazza Umberto I<\/strong>), tournez \u00e0 droite dans Via Carlo Alberto et rejoignez <strong>Piazza Mazzini<\/strong> pour continuer \u00e0 gauche dans Via San Giorgio. Juste avant les deux beaux palais qui donnent sur la rue (Palazzo Opesso et Palazzo Valfr\u00e8), montez \u00e0 droite le long de Via Giacomo Nel pour arriver \u00e0 l&rsquo;<strong>\u00c9glise de San Giorgio<\/strong> (\u00e0 1,950 km du d\u00e9part), situ\u00e9e sur la colline o\u00f9 se trouvait le ch\u00e2teau m\u00e9di\u00e9val de d\u00e9fense de Chieri. Descendez \u00e0 gauche de l&rsquo;\u00e9glise et suivez Via S. Giorgio jusqu&rsquo;au num\u00e9ro 17, puis descendez un escalier qui m\u00e8ne \u00e0 Via Diverio, suivez-la jusqu&rsquo;\u00e0 <strong>Piazza Cavour<\/strong> (\u00c9glise de San Bernardino, \u00c9glise de Sant&rsquo;Antonio). Traversez la place et Via Vittorio Emanuele II, puis continuez sur Via Palazzo di Citt\u00e0. En face de l&rsquo;H\u00f4tel de Ville, tournez \u00e0 gauche dans Via Cottolengo, traversez Via Balbo et atteignez <strong>Piazza Duomo<\/strong> (<strong>Cath\u00e9drale et Baptist\u00e8re<\/strong> &#8211; \u00e0 2,9 km du d\u00e9part). Apr\u00e8s avoir d\u00e9pass\u00e9 la <strong>tour du clocher<\/strong>, prenez Via XX Settembre, puis tournez dans Via S. Domenico pour atteindre Piazza Umberto I. Une fois pass\u00e9 l&rsquo;Arco, continuez sur Via V. Emanuele II jusqu&rsquo;au Couvent San Domenico. Ensuite, continuez tout droit, puis tournez \u00e0 droite dans Via Roma. Juste avant le rond-point, tournez \u00e0 gauche pour revenir \u00e0 Piazza Europa.<\/p>\n\n<div style=\"height:30px\" aria-hidden=\"true\" class=\"wp-block-spacer\"><\/div>\n\n<p><em><strong>StArt gallery<\/strong> (via V. Emanuele II 63, Chieri)<br\/>Situ\u00e9e dans l&rsquo;ancien couvent de San Filippo, la StArt Gallery &#8211; prochaine ouverture &#8211; est une exposition permanente qui retrace l&rsquo;histoire de Chieri : l&rsquo;histoire ancienne, le Moyen \u00c2ge, la ville au XVe si\u00e8cle, le XVIe si\u00e8cle, l&rsquo;\u00e8re baroque, la soci\u00e9t\u00e9 du XVIIIe si\u00e8cle, l&rsquo;\u00e9poque contemporaine et l&rsquo;industrie textile.<\/em><\/p>\n\n<div style=\"height:100px\" aria-hidden=\"true\" class=\"wp-block-spacer\"><\/div>\n\n<figure class=\"wp-block-image size-full is-resized\"><img decoding=\"async\" src=\"https:\/\/www.camminodonbosco.eu\/wp-content\/uploads\/2022\/07\/Cartina-escursione-CHIERI.jpg\" alt=\"\" class=\"wp-image-1356\" width=\"1280\" height=\"878\" srcset=\"https:\/\/www.camminodonbosco.eu\/wp-content\/uploads\/2022\/07\/Cartina-escursione-CHIERI.jpg 1280w, https:\/\/www.camminodonbosco.eu\/wp-content\/uploads\/2022\/07\/Cartina-escursione-CHIERI-300x206.jpg 300w, https:\/\/www.camminodonbosco.eu\/wp-content\/uploads\/2022\/07\/Cartina-escursione-CHIERI-1024x702.jpg 1024w, https:\/\/www.camminodonbosco.eu\/wp-content\/uploads\/2022\/07\/Cartina-escursione-CHIERI-768x527.jpg 768w\" sizes=\"(max-width: 1280px) 100vw, 1280px\" \/><\/figure>\n","protected":false},"excerpt":{"rendered":"<p>ANNEAU DE MADONNA DELLA SCALA D\u00e9part et arriv\u00e9e Strada del Verde (intersection avec Viale Cappuccini, possibilit\u00e9 de se garer) &#8211; ChieriLongueur 9,5 km &#8211; D\u00e9nivel\u00e9 positif de 181 mDifficult\u00e9 de randonn\u00e9e, parcours de plat \u00e0 vallonn\u00e9Eau disponible \u00e0 la fontaine du parc public &#8211; hameau de Madonna della Scala Suivez la Strada del Verde pour [&hellip;]<\/p>\n","protected":false},"author":1,"featured_media":0,"parent":0,"menu_order":0,"comment_status":"closed","ping_status":"closed","template":"","meta":{"footnotes":""},"class_list":["post-5595","page","type-page","status-publish","hentry"],"_links":{"self":[{"href":"https:\/\/www.camminodonbosco.eu\/fr\/wp-json\/wp\/v2\/pages\/5595","targetHints":{"allow":["GET"]}}],"collection":[{"href":"https:\/\/www.camminodonbosco.eu\/fr\/wp-json\/wp\/v2\/pages"}],"about":[{"href":"https:\/\/www.camminodonbosco.eu\/fr\/wp-json\/wp\/v2\/types\/page"}],"author":[{"embeddable":true,"href":"https:\/\/www.camminodonbosco.eu\/fr\/wp-json\/wp\/v2\/users\/1"}],"replies":[{"embeddable":true,"href":"https:\/\/www.camminodonbosco.eu\/fr\/wp-json\/wp\/v2\/comments?post=5595"}],"version-history":[{"count":0,"href":"https:\/\/www.camminodonbosco.eu\/fr\/wp-json\/wp\/v2\/pages\/5595\/revisions"}],"wp:attachment":[{"href":"https:\/\/www.camminodonbosco.eu\/fr\/wp-json\/wp\/v2\/media?parent=5595"}],"curies":[{"name":"wp","href":"https:\/\/api.w.org\/{rel}","templated":true}]}}