{"id":5597,"date":"2022-07-04T14:41:52","date_gmt":"2022-07-04T12:41:52","guid":{"rendered":"https:\/\/www.camminodonbosco.eu\/les-anneaux-de-cinzano\/"},"modified":"2024-01-07T09:43:51","modified_gmt":"2024-01-07T08:43:51","slug":"les-anneaux-de-cinzano","status":"publish","type":"page","link":"https:\/\/www.camminodonbosco.eu\/fr\/les-anneaux-de-cinzano\/","title":{"rendered":"Les Anneaux de Cinzano\u200b"},"content":{"rendered":"\n<h2 class=\"wp-block-heading has-vivid-red-color has-text-color\">ANNEAU DE SAN ROCCO &#8211; MAISON COMOLLO<\/h2>\n\n<p><strong>D\u00e9part et arriv\u00e9e<\/strong> Parking adjacent au terrain de sport (route de la Faiteria)<br\/><strong>Longueur<\/strong> environ 7,5 km <strong>D\u00e9nivel\u00e9<\/strong> positif de 200 m <strong>Difficult\u00e9<\/strong> du parcours facile, l\u00e9g\u00e8rement vallonn\u00e9<\/p>\n\n<div style=\"height:30px\" aria-hidden=\"true\" class=\"wp-block-spacer\"><\/div>\n\n<p>En partant du <strong>parking de San Rocco <\/strong>(croix en fer), suivez la SP97 en direction de Moncucco T.se, puis tournez \u00e0 gauche apr\u00e8s 110 m\u00e8tres en direction de la Serra (ferme agriturismo <strong>Cascina Serra<\/strong> apr\u00e8s 120 m\u00e8tres) et descendez sur le <strong>Cammino Don Bosco<\/strong> pendant environ 500 m\u00e8tres jusqu&rsquo;\u00e0 traverser un grand pr\u00e9 (trace \u00e9vidente en toute saison, belle vue panoramique). Lorsque vous atteignez la via <strong>Regione Torrazza<\/strong>, tournez \u00e0 gauche et continuez tout droit pendant 180 m\u00e8tres pr\u00e8s d&rsquo;une chapelle, en ignorant le d\u00e9tour pour Cascina Bui. Apr\u00e8s 170 m\u00e8tres, tournez \u00e0 droite sur le chemin de terre qui m\u00e8ne au <strong>B&amp;B Letto&amp;Latte.<\/strong> Passez devant le B&amp;B en continuant tout droit sur le sentier (ignorez le d\u00e9tour \u00e0 gauche en descente apr\u00e8s 70 m\u00e8tres) pendant environ 400 m\u00e8tres, puis montez sur l&rsquo;asphalte et croisez la SP97 apr\u00e8s avoir parcouru 270 m\u00e8tres suppl\u00e9mentaires. Tournez \u00e0 gauche ici, puis \u00e0 droite 70 m\u00e8tres plus loin, pr\u00e8s du panneau Moncucco T.se. Apr\u00e8s 170 m\u00e8tres, continuez tout droit, puis tournez \u00e0 gauche apr\u00e8s 80 m\u00e8tres de plus, puis continuez tout droit apr\u00e8s avoir parcouru 190 m\u00e8tres. Le sentier commence bient\u00f4t \u00e0 descendre (belles vues panoramiques), continuez tout droit apr\u00e8s 380 m\u00e8tres, jusqu&rsquo;\u00e0 croiser une petite route de terre au fond de la vall\u00e9e apr\u00e8s 470 m\u00e8tres suppl\u00e9mentaires. Tournez \u00e0 droite ici pour continuer tout droit apr\u00e8s environ 600 m\u00e8tres (en haut \u00e0 gauche, l&rsquo;<strong>\u00e9glise de San Giorgio di Vergnano<\/strong>) et atteindre le <strong>d\u00e9p\u00f4t d&rsquo;explosifs<\/strong> apr\u00e8s 500 m\u00e8tres de plus. Apr\u00e8s avoir parcouru 270 m\u00e8tres, tournez \u00e0 gauche sur le sentier 146 (indications Rio Fontanelle-S.Rocco-Cinzano). \u00c0 l&rsquo;ombre de beaux sp\u00e9cimens de ch\u00eanes, apr\u00e8s 280 m\u00e8tres, continuez tout droit en direction de la fraction Apr\u00e0- Casa Comollo. Apr\u00e8s 140 m\u00e8tres, continuez tout droit en passant un petit pont, ignorez les deux prochains d\u00e9viations \u00e0 droite, puis passez encore \u00e0 c\u00f4t\u00e9 de la prochaine d\u00e9viation \u00e0 gauche, en parcourant environ 600 m\u00e8tres depuis le pont. Continuez tout droit jusqu&rsquo;\u00e0 atteindre l&rsquo;asphalte de la <strong>route Apr\u00e0<\/strong> apr\u00e8s 170 m\u00e8tres. Tournez \u00e0 droite ici pendant 120 m\u00e8tres, en passant \u00e0 c\u00f4t\u00e9 de <strong>Casa Comollo<\/strong>, puis tournez \u00e0 gauche imm\u00e9diatement apr\u00e8s. Parcourez 30 m\u00e8tres, puis continuez tout droit pendant 190 m\u00e8tres de plus. Continuez pendant 450 m\u00e8tres pour monter \u00e0 droite entre les noisetiers et les vignes vers <strong>San Rocco<\/strong>, parcourant environ 1 km jusqu&rsquo;\u00e0 ce que vous croisiez la SP97. Tournez \u00e0 droite pour revenir rapidement au point de d\u00e9part.               <\/p>\n\n<div style=\"height:100px\" aria-hidden=\"true\" class=\"wp-block-spacer\"><\/div>\n\n<h2 class=\"wp-block-heading has-luminous-vivid-amber-color has-text-color\">ANNEAU DU BRIC MONTALDO<\/h2>\n\n<p><strong>D\u00e9part et arriv\u00e9e<\/strong> Zone de traitement des eaux us\u00e9es (route communale Cinzano-Berzano San Pietro)<br\/><strong>Longueur<\/strong> environ 1,50 km <strong>D\u00e9nivel\u00e9<\/strong> positif de 50 m <strong>Difficult\u00e9<\/strong> du parcours facile, l\u00e9g\u00e8rement vallonn\u00e9<\/p>\n\n<div style=\"height:30px\" aria-hidden=\"true\" class=\"wp-block-spacer\"><\/div>\n\n<p>Garez-vous pr\u00e8s de la station d&rsquo;\u00e9puration et passez sur le chemin de terre \u00e0 c\u00f4t\u00e9 de celle-ci, puis avancez de 60 m\u00e8tres \u00e0 gauche sur un sentier qui descend dans la for\u00eat parmi les ch\u00e2taigniers, les ch\u00eanes, les robiniers, les cerisiers sauvages et les noisetiers. Apr\u00e8s 240 m\u00e8tres, tournez \u00e0 droite, puis continuez tout droit apr\u00e8s 80 m\u00e8tres (au niveau du poteau jaune du gazoduc). Continuez pendant 110 m\u00e8tres, puis n\u00e9gligez le sentier en descente en continuant tout droit (fronti\u00e8re entre les provinces d&rsquo;Asti et de Turin, avec vue sur Berzano S. Pietro &#8211; en bas, la ferme Bosa). Marchez pendant 100 m\u00e8tres, puis tournez \u00e0 droite en mont\u00e9e pour atteindre les vignes (<em>Sauvignon<\/em>) apr\u00e8s 220 m\u00e8tres, en tournant \u00e0 droite en mont\u00e9e vers le <strong>Bric Montaldo<\/strong> atteint apr\u00e8s 150 m\u00e8tres (point de vue panoramique). Reprenez la descente pendant environ 500 m\u00e8tres pour revenir au point de d\u00e9part.    <\/p>\n\n<div style=\"height:100px\" aria-hidden=\"true\" class=\"wp-block-spacer\"><\/div>\n\n<h2 class=\"wp-block-heading has-vivid-cyan-blue-color has-text-color\">ANNEAU DE LA BOCCHETTA<\/h2>\n\n<p><strong>D\u00e9part et arriv\u00e9e<\/strong> Zone de traitement des eaux us\u00e9es (route communale Cinzano-Berzano San Pietro)<br\/><strong>Longueur<\/strong> environ 3,0 km <strong>D\u00e9nivel\u00e9<\/strong> positif de 50 m <strong>Difficult\u00e9<\/strong> du parcours facile, l\u00e9g\u00e8rement vallonn\u00e9<\/p>\n\n<div style=\"height:30px\" aria-hidden=\"true\" class=\"wp-block-spacer\"><\/div>\n\n<p>Garez-vous pr\u00e8s de la station d&rsquo;\u00e9puration et remontez la route asphalt\u00e9e vers Cinzano sur 60 m\u00e8tres, puis tournez \u00e0 droite en descente sur l&rsquo;interpoderale en direction de Serramiana. Apr\u00e8s avoir parcouru 440 m\u00e8tres, tournez \u00e0 gauche, puis \u00e0 gauche \u00e0 nouveau apr\u00e8s 110 m\u00e8tres, en ignorant le chemin en descente. Le parcours, d&rsquo;abord plat, commence ensuite \u00e0 monter pr\u00e8s de la ferme Capriolo qui se trouve \u00e0 droite. Apr\u00e8s un peu moins de 700 m\u00e8tres, tournez \u00e0 droite (intersection avec le sentier 142). Continuez pendant 350 m\u00e8tres jusqu&rsquo;\u00e0 ce que vous atteigniez la SP97 qui m\u00e8ne \u00e0 Gassino, puis tournez \u00e0 gauche, puis \u00e0 gauche \u00e0 nouveau apr\u00e8s 30 m\u00e8tres en empruntant la <strong>route Antica pour Casalborgone<\/strong>. Apr\u00e8s avoir parcouru 550 m\u00e8tres, vous croiserez \u00e0 nouveau la SP97, tournez \u00e0 gauche, puis \u00e0 droite 40 m\u00e8tres plus bas en descente. Continuez pendant 160 m\u00e8tres, puis descendez tout droit dans la <strong>via Rossi<\/strong> jusqu&rsquo;\u00e0 revenir au point de d\u00e9part.      <\/p>\n\n<div style=\"height:100px\" aria-hidden=\"true\" class=\"wp-block-spacer\"><\/div>\n\n<figure class=\"wp-block-image size-full is-resized\"><img fetchpriority=\"high\" decoding=\"async\" src=\"https:\/\/www.camminodonbosco.eu\/wp-content\/uploads\/2022\/03\/ANELLO-9_Cinzano.jpg\" alt=\"\" class=\"wp-image-712\" style=\"width:1920px;height:1361px\" width=\"1920\" height=\"1361\" srcset=\"https:\/\/www.camminodonbosco.eu\/wp-content\/uploads\/2022\/03\/ANELLO-9_Cinzano.jpg 1920w, https:\/\/www.camminodonbosco.eu\/wp-content\/uploads\/2022\/03\/ANELLO-9_Cinzano-300x213.jpg 300w, https:\/\/www.camminodonbosco.eu\/wp-content\/uploads\/2022\/03\/ANELLO-9_Cinzano-1024x726.jpg 1024w, https:\/\/www.camminodonbosco.eu\/wp-content\/uploads\/2022\/03\/ANELLO-9_Cinzano-768x544.jpg 768w, https:\/\/www.camminodonbosco.eu\/wp-content\/uploads\/2022\/03\/ANELLO-9_Cinzano-1536x1089.jpg 1536w\" sizes=\"(max-width: 1920px) 100vw, 1920px\" \/><\/figure>\n\n<div style=\"height:100px\" aria-hidden=\"true\" class=\"wp-block-spacer\"><\/div>\n","protected":false},"excerpt":{"rendered":"<p>ANNEAU DE SAN ROCCO &#8211; MAISON COMOLLO D\u00e9part et arriv\u00e9e Parking adjacent au terrain de sport (route de la Faiteria)Longueur environ 7,5 km D\u00e9nivel\u00e9 positif de 200 m Difficult\u00e9 du parcours facile, l\u00e9g\u00e8rement vallonn\u00e9 En partant du parking de San Rocco (croix en fer), suivez la SP97 en direction de Moncucco T.se, puis tournez \u00e0 [&hellip;]<\/p>\n","protected":false},"author":1,"featured_media":0,"parent":0,"menu_order":0,"comment_status":"closed","ping_status":"closed","template":"","meta":{"footnotes":""},"class_list":["post-5597","page","type-page","status-publish","hentry"],"_links":{"self":[{"href":"https:\/\/www.camminodonbosco.eu\/fr\/wp-json\/wp\/v2\/pages\/5597","targetHints":{"allow":["GET"]}}],"collection":[{"href":"https:\/\/www.camminodonbosco.eu\/fr\/wp-json\/wp\/v2\/pages"}],"about":[{"href":"https:\/\/www.camminodonbosco.eu\/fr\/wp-json\/wp\/v2\/types\/page"}],"author":[{"embeddable":true,"href":"https:\/\/www.camminodonbosco.eu\/fr\/wp-json\/wp\/v2\/users\/1"}],"replies":[{"embeddable":true,"href":"https:\/\/www.camminodonbosco.eu\/fr\/wp-json\/wp\/v2\/comments?post=5597"}],"version-history":[{"count":0,"href":"https:\/\/www.camminodonbosco.eu\/fr\/wp-json\/wp\/v2\/pages\/5597\/revisions"}],"wp:attachment":[{"href":"https:\/\/www.camminodonbosco.eu\/fr\/wp-json\/wp\/v2\/media?parent=5597"}],"curies":[{"name":"wp","href":"https:\/\/api.w.org\/{rel}","templated":true}]}}