{"id":5601,"date":"2022-07-04T14:42:18","date_gmt":"2022-07-04T12:42:18","guid":{"rendered":"https:\/\/www.camminodonbosco.eu\/les-anneaux-marentino-montaldo-torinese-et-pavarolo\/"},"modified":"2024-01-07T09:49:59","modified_gmt":"2024-01-07T08:49:59","slug":"les-anneaux-marentino-montaldo-torinese-et-pavarolo","status":"publish","type":"page","link":"https:\/\/www.camminodonbosco.eu\/fr\/les-anneaux-marentino-montaldo-torinese-et-pavarolo\/","title":{"rendered":"Les Anneaux Marentino, Montaldo Torinese et Pavarolo"},"content":{"rendered":"\n<h2 class=\"wp-block-heading has-vivid-red-color has-text-color\">ANNEAU PAVAROLO-MONTALDO TORINESE-MARENTINO-PAVAROLO<\/h2>\n\n<p><strong>D\u00e9part et arriv\u00e9e<\/strong> Pavarolo, parking de la Via Maestra<br\/><strong>Longueur<\/strong> 12,40 km <strong>D\u00e9nivel\u00e9<\/strong> positif de 134 m <strong>Difficult\u00e9<\/strong> de randonn\u00e9e, parcours vallonn\u00e9<br\/><strong>Points d&rsquo;eau<\/strong> \u00e0 Pavarolo : petite maison SMAT dans la Via Maestra et fontaine sur la place S. Defendente, \u00e0 Montaldo T.se : petite maison SMAT sur la place Superga et fontaine sur la place Fornace, \u00e0 Marentino : petite maison SMAT sur la place Giardino<\/p>\n\n<div style=\"height:30px\" aria-hidden=\"true\" class=\"wp-block-spacer\"><\/div>\n\n<p>En partant de <strong>Pavarolo<\/strong> depuis le <strong>parking de la Via Maestra<\/strong>, \u00e0 c\u00f4t\u00e9 de l&rsquo;escalier de la Tour, suivez le Chemin Don Bosco : tournez \u00e0 gauche, puis \u00e0 gauche au premier carrefour, pour descendre \u00e0 droite (300 m\u00e8tres depuis la Tour) le long de la Via Generale Zavattaro. Une fois arriv\u00e9 sur la SP122, tournez \u00e0 gauche en faisant tr\u00e8s attention \u00e0 la circulation, traversez-la apr\u00e8s environ 50 m\u00e8tres \u00e0 proximit\u00e9 d&rsquo;une zone artisanale, puis tournez presque imm\u00e9diatement \u00e0 droite sur la route qui la traverse, en la suivant sur environ 150 m\u00e8tres, puis tournez \u00e0 gauche pr\u00e8s du dernier hangar. En laissant la structure \u00e0 gauche, continuez sur environ 700 m\u00e8tres sur un chemin de terre qui monte progressivement vers <strong>Montaldo T.se<\/strong> en suivant un demi-cercle. Une fois sur l&rsquo;asphalte, tournez \u00e0 droite en direction de la place Superga (petite maison d&rsquo;eau SMAT), continuez tout droit pendant environ 300 m\u00e8tres jusqu&rsquo;\u00e0 ce que vous croisiez la route vers Marentino \u00e0 gauche que vous ignorerez. Continuez tout droit en traversant la <strong>Piazza Fornace<\/strong> en direction du cimeti\u00e8re sur le sentier 233. Apr\u00e8s 350 m\u00e8tres, vous pourrez admirer un sp\u00e9cimen monumental de <em>Sophora<\/em> pr\u00e8s d&rsquo;un pilier votif. Parcourez encore 300 m\u00e8tres en gardant la droite sur un chemin de terre en descente pr\u00e8s du cimeti\u00e8re. Ignorez les deux prochaines d\u00e9viations \u00e0 droite et \u00e0 gauche, puis tournez \u00e0 gauche apr\u00e8s 460 m\u00e8tres pr\u00e8s d&rsquo;un pilier votif (<strong>1<\/strong>), pour rejoindre apr\u00e8s 400 m\u00e8tres la route Montaldo-Marentino. Tournez \u00e0 droite et continuez dans la vall\u00e9e sur 1 200 m\u00e8tres, en passant devant le terrain de sport pour monter \u00e0 <strong>Marentino<\/strong> par la route del Pozzetto, en entrant dans la ville au niveau de <strong>Casa Zuccala<\/strong>. Ici (petite maison d&rsquo;eau SMAT), tournez \u00e0 gauche, puis continuez tout droit pendant 400 m\u00e8tres sur la SP98, en passant par l&rsquo;Apiario sperimentale, jusqu&rsquo;\u00e0 atteindre l&rsquo;<strong>\u00e9glise S. Maria dei Morti<\/strong>. Continuez tout droit pendant encore 200 m\u00e8tres, puis tournez \u00e0 gauche vers <strong>Tetti Ottone<\/strong> \u00e0 la hauteur d&rsquo;une croix en fer. Au prochain carrefour, tournez \u00e0 droite pendant 1,55 km sur le sentier 210, ignorez la d\u00e9viation \u00e0 gauche vers Tetti Ottone et continuez tout droit. Apr\u00e8s 150 m\u00e8tres, ignorez \u00e0 nouveau la d\u00e9viation \u00e0 gauche (sentier 232 qui ram\u00e8ne \u00e0 Montaldo T.se) pour continuer tout droit et arriver apr\u00e8s 400 m\u00e8tres \u00e0             <strong>Tetti Trinit\u00e0<\/strong> di Montaldo T.se ; ici, gardez la gauche sur l&rsquo;asphalte pendant 180 m\u00e8tres, puis &#8211; apr\u00e8s avoir d\u00e9pass\u00e9 la petite place &#8211; prenez \u00e0 droite le sentier 230 en direction de Tetti Gaffolo. Continuez tout droit pendant 250 m\u00e8tres en ignorant la premi\u00e8re d\u00e9viation \u00e0 droite, puis tournez \u00e0 droite pr\u00e8s d&rsquo;une maison. Parcourez 230 m\u00e8tres et, une fois arriv\u00e9 \u00e0 <strong>Tetti Gaffolo<\/strong>, gardez la droite sur le sentier 230. Apr\u00e8s un premier tron\u00e7on asphalt\u00e9, le chemin herbeux vous conduira en 780 m\u00e8tres \u00e0 <strong>Tetti Vernai<\/strong>. Ici, gardez la droite, puis la gauche 300 m\u00e8tres plus loin, continuez pendant 430 m\u00e8tres jusqu&rsquo;\u00e0 la zone artisanale de Montaldo. Tournez \u00e0 droite pour croiser la SP122 apr\u00e8s 150 m\u00e8tres, puis tournez \u00e0 gauche en faisant tr\u00e8s attention \u00e0 la circulation et tournez \u00e0 droite apr\u00e8s 50 m\u00e8tres pour remonter la Via Generale Zavattaro, puis tournez \u00e0 droite sur la SP224. Parcourez 220 m\u00e8tres (petite maison d&rsquo;eau SMAT), puis engagez-vous \u00e0 droite dans la Via Rubino en continuant tout droit (ignorez apr\u00e8s 200 m\u00e8tres la d\u00e9viation \u00e0 droite sur le Chemin Don Bosco vers Bardassano) sur un beau sentier p\u00e9destre qui vous ram\u00e8nera au point de d\u00e9part.      <\/p>\n\n<div style=\"height:100px\" aria-hidden=\"true\" class=\"wp-block-spacer\"><\/div>\n\n<h2 class=\"wp-block-heading has-vivid-green-cyan-color has-text-color\">(1) VARIANTE DU BRIC ANDIO<\/h2>\n\n<p><strong>Pour atteindre Marentino<\/strong> (en suivant cet itin\u00e9raire, le parcours est rallong\u00e9 de plus de 1,5 km). Continuez tout droit pr\u00e8s du pilier. Apr\u00e8s 280 m\u00e8tres, continuez tout droit en ignorant le sentier \u00e0 gauche, puis continuez tout droit apr\u00e8s 80 m\u00e8tres en ignorant le sentier \u00e0 droite. Parcourez 300 m\u00e8tres suppl\u00e9mentaires en continuant tout droit, en ignorant le sentier qui monte \u00e0 droite, puis croisez \u00e0 nouveau apr\u00e8s 300 m\u00e8tres le petit sentier \u00e0 droite qui monte vers le Bric Andio. Empruntez le sentier pour atteindre le <strong>s\u00e9culaire ch\u00eane plant\u00e9<\/strong> au d\u00e9but des ann\u00e9es 1800, qui marque la fronti\u00e8re entre les territoires de Montaldo Torinese et Andezeno, au sommet du <strong>Bric Andio<\/strong>. Selon la tradition orale, une bataille sanglante a eu lieu en 1158 lorsque l&#8217;empereur <strong>Federico Barbarossa<\/strong> a travers\u00e9 cette colline pour conqu\u00e9rir la r\u00e9gion de Chieri.     <\/p>\n\n<p>Revenez sur vos pas et continuez tout droit en ignorant les deux traces suivantes \u00e0 gauche. Apr\u00e8s 150 m\u00e8tres, ignorez la route \u00e0 droite et continuez tout droit. Faites de m\u00eame 50 m\u00e8tres plus loin, puis apr\u00e8s avoir parcouru 300 m\u00e8tres suppl\u00e9mentaires toujours sur le sentier 220, prenez la route \u00e0 gauche qui descend vers Marentino. Parcourez 200 m\u00e8tres, puis suivez la route en descente \u00e0 droite. Apr\u00e8s 200 m\u00e8tres suppl\u00e9mentaires, continuez sur l&rsquo;interpoderale, puis tournez \u00e0 gauche apr\u00e8s 200 m\u00e8tres sur le sentier 221 (indiqu\u00e9 sur le panneau). Parcourez 500 m\u00e8tres sur le sentier 221, en ignorant la d\u00e9viation \u00e0 gauche. Marchez 200 m\u00e8tres de plus, puis continuez tout droit en ignorant les routes \u00e0 droite et \u00e0 gauche. Apr\u00e8s 400 m\u00e8tres, tournez \u00e0 droite dans la Via Marentino, en montant jusqu&rsquo;au point SMAT.       <\/p>\n\n<div style=\"height:100px\" aria-hidden=\"true\" class=\"wp-block-spacer\"><\/div>\n\n<figure class=\"wp-block-image size-full is-resized\"><img fetchpriority=\"high\" decoding=\"async\" src=\"https:\/\/www.camminodonbosco.eu\/wp-content\/uploads\/2022\/03\/ANELLO-6_Marentino-Montaldo-Pavarolo.jpg\" alt=\"\" class=\"wp-image-709\" style=\"width:1920px;height:2034px\" width=\"1920\" height=\"2034\" srcset=\"https:\/\/www.camminodonbosco.eu\/wp-content\/uploads\/2022\/03\/ANELLO-6_Marentino-Montaldo-Pavarolo.jpg 1920w, https:\/\/www.camminodonbosco.eu\/wp-content\/uploads\/2022\/03\/ANELLO-6_Marentino-Montaldo-Pavarolo-283x300.jpg 283w, https:\/\/www.camminodonbosco.eu\/wp-content\/uploads\/2022\/03\/ANELLO-6_Marentino-Montaldo-Pavarolo-967x1024.jpg 967w, https:\/\/www.camminodonbosco.eu\/wp-content\/uploads\/2022\/03\/ANELLO-6_Marentino-Montaldo-Pavarolo-768x814.jpg 768w, https:\/\/www.camminodonbosco.eu\/wp-content\/uploads\/2022\/03\/ANELLO-6_Marentino-Montaldo-Pavarolo-1450x1536.jpg 1450w\" sizes=\"(max-width: 1920px) 100vw, 1920px\" \/><\/figure>\n","protected":false},"excerpt":{"rendered":"<p>ANNEAU PAVAROLO-MONTALDO TORINESE-MARENTINO-PAVAROLO D\u00e9part et arriv\u00e9e Pavarolo, parking de la Via MaestraLongueur 12,40 km D\u00e9nivel\u00e9 positif de 134 m Difficult\u00e9 de randonn\u00e9e, parcours vallonn\u00e9Points d&rsquo;eau \u00e0 Pavarolo : petite maison SMAT dans la Via Maestra et fontaine sur la place S. Defendente, \u00e0 Montaldo T.se : petite maison SMAT sur la place Superga et fontaine [&hellip;]<\/p>\n","protected":false},"author":1,"featured_media":0,"parent":0,"menu_order":0,"comment_status":"closed","ping_status":"closed","template":"","meta":{"footnotes":""},"class_list":["post-5601","page","type-page","status-publish","hentry"],"_links":{"self":[{"href":"https:\/\/www.camminodonbosco.eu\/fr\/wp-json\/wp\/v2\/pages\/5601","targetHints":{"allow":["GET"]}}],"collection":[{"href":"https:\/\/www.camminodonbosco.eu\/fr\/wp-json\/wp\/v2\/pages"}],"about":[{"href":"https:\/\/www.camminodonbosco.eu\/fr\/wp-json\/wp\/v2\/types\/page"}],"author":[{"embeddable":true,"href":"https:\/\/www.camminodonbosco.eu\/fr\/wp-json\/wp\/v2\/users\/1"}],"replies":[{"embeddable":true,"href":"https:\/\/www.camminodonbosco.eu\/fr\/wp-json\/wp\/v2\/comments?post=5601"}],"version-history":[{"count":0,"href":"https:\/\/www.camminodonbosco.eu\/fr\/wp-json\/wp\/v2\/pages\/5601\/revisions"}],"wp:attachment":[{"href":"https:\/\/www.camminodonbosco.eu\/fr\/wp-json\/wp\/v2\/media?parent=5601"}],"curies":[{"name":"wp","href":"https:\/\/api.w.org\/{rel}","templated":true}]}}