{"id":5609,"date":"2022-07-04T14:43:02","date_gmt":"2022-07-04T12:43:02","guid":{"rendered":"https:\/\/www.camminodonbosco.eu\/les-anneaux-de-pino-torinese\/"},"modified":"2024-01-07T10:45:01","modified_gmt":"2024-01-07T09:45:01","slug":"les-anneaux-de-pino-torinese","status":"publish","type":"page","link":"https:\/\/www.camminodonbosco.eu\/fr\/les-anneaux-de-pino-torinese\/","title":{"rendered":"Les Anneaux de Pino Torinese\u200b"},"content":{"rendered":"\n<h2 class=\"wp-block-heading has-vivid-red-color has-text-color\">ANNEAU DU MONTE AMAN<\/h2>\n\n<p><strong>D\u00e9part et arriv\u00e9e<\/strong> au parking de la place de la Mairie<br\/><strong>Longueur<\/strong> d&rsquo;environ 10,50 km <strong>D\u00e9nivel\u00e9<\/strong> positif de +362 m <strong>Difficult\u00e9<\/strong> du parcours de randonn\u00e9e avec des sections en mont\u00e9e<\/p>\n\n<div style=\"height:30px\" aria-hidden=\"true\" class=\"wp-block-spacer\"><\/div>\n\n<p>En partant du <strong>parking de la Piazza Italia<\/strong>, tournez \u00e0 gauche puis montez \u00e0 droite apr\u00e8s 50 m\u00e8tres en empruntant les escaliers de la <strong>Galleria Le Scalette<\/strong>, rejoignant ainsi <strong>Via Roma<\/strong>. Traversez en continuant \u00e0 monter sur 400 m\u00e8tres le long de <strong>Via Martini<\/strong>. Ici, tournez \u00e0 gauche (\u00e0 droite, vous atteindrez rapidement l&rsquo;<strong>\u00e9glise de la Santissima Annunziata<\/strong>, avec son cypr\u00e8s s\u00e9culaire, un <strong>magnifique point de vue<\/strong>), puis tournez \u00e0 droite dans <strong>Via Maria Cristina<\/strong> apr\u00e8s 270 m\u00e8tres, pr\u00e8s d&rsquo;une chapelle votive. Apr\u00e8s 280 m\u00e8tres, atteignez le cimeti\u00e8re et la zone Ferrero, montez \u00e0 gauche le long de <strong>Via Montosolo<\/strong>. Continuez \u00e0 descendre \u00e0 gauche apr\u00e8s 150 m\u00e8tres, puis passez un portail apr\u00e8s 60 m\u00e8tres pour entrer sur le sentier GTC. Apr\u00e8s 390 m\u00e8tres, continuez \u00e0 descendre jusqu&rsquo;\u00e0 ce que vous croisiez et traversiez la <strong>Strada Panoramica<\/strong> apr\u00e8s 230 m\u00e8tres (interdite aux motocyclettes, faites attention \u00e0 la circulation). Puis, tournez \u00e0 gauche et engagez-vous sur un chemin de terre apr\u00e8s 140 m\u00e8tres. Apr\u00e8s avoir parcouru 50 m\u00e8tres, continuez tout droit (ignorez le chemin \u00e0 gauche) pendant 880 m\u00e8tres jusqu&rsquo;\u00e0 ce que vous croisiez le Sentiero Brunassa. Tournez \u00e0 gauche, puis continuez tout droit apr\u00e8s 50 m\u00e8tres pour atteindre bient\u00f4t le <strong>Bric Brunassa<\/strong> (540 m\u00e8tres d&rsquo;altitude) et ensuite la Strada Panoramica. Continuez \u00e0 gauche pendant 250 m\u00e8tres, en passant \u00e0 c\u00f4t\u00e9 du <strong>Parco Avventura Tre Querce<\/strong>, jusqu&rsquo;\u00e0 atteindre la <strong>zone \u00e9quip\u00e9e<\/strong> de tables, de toilettes, d&rsquo;eau potable et d&rsquo;une zone ombrag\u00e9e. \u00c0 la fin de la zone de repos, prenez le sentier \u00e0 gauche, puis continuez \u00e0 gauche apr\u00e8s 60 m\u00e8tres jusqu&rsquo;au carrefour. Apr\u00e8s avoir parcouru 170 m\u00e8tres, continuez tout droit en ignorant la d\u00e9viation \u00e0 gauche, puis continuez pendant 600 m\u00e8tres jusqu&rsquo;\u00e0 croiser le <strong>Sentiero degli alberi<\/strong>. Gardez la gauche, puis tournez \u00e0 droite apr\u00e8s 180 m\u00e8tres (belle vue sur Superga) pour revenir \u00e0 la Strada Panoramica apr\u00e8s avoir march\u00e9 510 m\u00e8tres. Continuez \u00e0 gauche pendant 340 m\u00e8tres, puis traversez et continuez \u00e0 descendre \u00e0 droite sur le sentier en descente qui d\u00e9marre \u00e0 c\u00f4t\u00e9 de la route goudronn\u00e9e qui monte vers la zone r\u00e9sidentielle du <strong>Monte Aman<\/strong>. Ignorez la d\u00e9viation \u00e0 gauche apr\u00e8s 130 m\u00e8tres, continuez \u00e0 gauche apr\u00e8s 220 m\u00e8tres en \u00e9vitant la mont\u00e9e. Imm\u00e9diatement apr\u00e8s avoir travers\u00e9 la Panoramica, tournez \u00e0 gauche, puis continuez pendant 210 m\u00e8tres avant de tourner \u00e0 gauche sur le Sentiero 44 du <strong>Mont Cervet<\/strong>. Apr\u00e8s avoir parcouru 440 m\u00e8tres, tournez \u00e0 droite pour rejoindre la <strong>zone du kiosque<\/strong> apr\u00e8s 130 m\u00e8tres. Pr\u00e8s du <strong>belv\u00e9d\u00e8re panoramique<\/strong> avec un m\u00e2t. Juste avant la mont\u00e9e goudronn\u00e9e menant au belv\u00e9d\u00e8re, descendez le sentier \u00e0 droite. Apr\u00e8s 80 m\u00e8tres, traversez la Panoramica et descendez le sentier pendant 230 m\u00e8tres, ignorez le chemin \u00e0 droite pour tourner \u00e0 droite apr\u00e8s 30 m\u00e8tres. Apr\u00e8s 150 m\u00e8tres, tournez \u00e0 gauche pour atteindre un grand pr\u00e9 apr\u00e8s 200 m\u00e8tres. Traversez le pr\u00e9 et continuez \u00e0 gauche sur la continuation du sentier. Apr\u00e8s 130 m\u00e8tres, <strong>traversez le rio<\/strong> en descendant vers la vall\u00e9e \u00e0 droite, puis montez dans la for\u00eat sur un sentier peu \u00e9vident. Continuez pendant plus de 600 m\u00e8tres, puis tournez \u00e0 gauche sur le GTC \u00e0 l&rsquo;intersection d&rsquo;un grand pr\u00e9. Apr\u00e8s 400 m\u00e8tres, gardez la droite pour passer par le portail et rejoindre le <strong>parking de la zone Ferrero<\/strong>. Apr\u00e8s \u00eatre pass\u00e9 devant le cimeti\u00e8re, tournez \u00e0 gauche dans <strong>Via Maria Cristina<\/strong>, puis tournez \u00e0 droite apr\u00e8s 230 m\u00e8tres.                          Apr\u00e8s avoir parcouru 350 m\u00e8tres, traversez <strong>Via Roma<\/strong> et descendez les escaliers de la <strong>Galleria Le Scalette<\/strong> (Via Roma n. 50) pour revenir au point de d\u00e9part.<\/p>\n\n<div style=\"height:100px\" aria-hidden=\"true\" class=\"wp-block-spacer\"><\/div>\n\n<h2 class=\"wp-block-heading has-vivid-cyan-blue-color has-text-color\">ANNEAU DU PARC ASTRONOMIQUE INFINI-TO<\/h2>\n\n<p><strong>D\u00e9part et arriv\u00e9e<\/strong> au parking de Via Pietra del Gallo<br\/><strong>Longueur<\/strong> d&rsquo;environ 3,85 km <strong>D\u00e9nivel\u00e9<\/strong> positif de +128 m <strong>Difficult\u00e9<\/strong> du parcours de randonn\u00e9e avec des sections en mont\u00e9e<\/p>\n\n<div style=\"height:30px\" aria-hidden=\"true\" class=\"wp-block-spacer\"><\/div>\n\n<p>D\u00e9marrez du petit <strong>parking de la via Pietra del Gallo<\/strong> (coordinate 45.03942897053443, 7.767341355682237). Apr\u00e8s 690 m\u00e8tres, ignorez le sentier qui monte et continuez tout droit sur <strong>Via Pietra del Gallo<\/strong>. \u00c0 1,30 km, continuez tout droit en ignorant le sentier \u00e0 droite. \u00c0 1,45 km, prenez la <strong>route de l&rsquo;Eremo<\/strong> (sur la gauche se trouve le Cammino Don Bosco). Revenez sur vos pas \u00e0 1,60 km et suivez le sentier qui monte \u00e0 gauche. \u00c0 1,86 km, suivez le sentier \u00e0 gauche, puis \u00e0 2,33 km, ignorez le sentier \u00e0 droite et continuez tout droit en descendant sur le sentier. \u00c0 2,33 km, ignorez le sentier \u00e0 droite et descendez en continuant tout droit.     <\/p>\n\n<p>\u00c0 2,60 km, ignorez la piste \u00e0 gauche et continuez sur le sentier. Bient\u00f4t (2,72 km), vous atteindrez le parking du <strong>Parc Astronomique<\/strong> (l&rsquo;ascenseur sur la droite n&rsquo;est plus en service). \u00c0 2,95 km, une fois que vous avez atteint la sortie du parking, descendez <strong>Via Osservatorio<\/strong>. \u00c0 3,30 km, tournez \u00e0 droite et continuez sur <strong>Via Pietra del Gallo<\/strong>. \u00c0 3,50 km, montez \u00e0 droite en restant sur Via Pietra del Gallo. \u00c0 3,70 km, continuez tout droit sur via Pietra del Gallo pour revenir au point de d\u00e9part.     <\/p>\n\n<div style=\"height:100px\" aria-hidden=\"true\" class=\"wp-block-spacer\"><\/div>\n\n<figure class=\"wp-block-image size-full is-resized\"><img fetchpriority=\"high\" decoding=\"async\" src=\"https:\/\/www.camminodonbosco.eu\/wp-content\/uploads\/2022\/03\/ANELLO-7_Pino-T.se_.jpg\" alt=\"\" class=\"wp-image-710\" style=\"width:1920px;height:1361px\" width=\"1920\" height=\"1361\" srcset=\"https:\/\/www.camminodonbosco.eu\/wp-content\/uploads\/2022\/03\/ANELLO-7_Pino-T.se_.jpg 1920w, https:\/\/www.camminodonbosco.eu\/wp-content\/uploads\/2022\/03\/ANELLO-7_Pino-T.se_-300x213.jpg 300w, https:\/\/www.camminodonbosco.eu\/wp-content\/uploads\/2022\/03\/ANELLO-7_Pino-T.se_-1024x726.jpg 1024w, https:\/\/www.camminodonbosco.eu\/wp-content\/uploads\/2022\/03\/ANELLO-7_Pino-T.se_-768x544.jpg 768w, https:\/\/www.camminodonbosco.eu\/wp-content\/uploads\/2022\/03\/ANELLO-7_Pino-T.se_-1536x1089.jpg 1536w\" sizes=\"(max-width: 1920px) 100vw, 1920px\" \/><\/figure>\n","protected":false},"excerpt":{"rendered":"<p>ANNEAU DU MONTE AMAN D\u00e9part et arriv\u00e9e au parking de la place de la MairieLongueur d&rsquo;environ 10,50 km D\u00e9nivel\u00e9 positif de +362 m Difficult\u00e9 du parcours de randonn\u00e9e avec des sections en mont\u00e9e En partant du parking de la Piazza Italia, tournez \u00e0 gauche puis montez \u00e0 droite apr\u00e8s 50 m\u00e8tres en empruntant les escaliers [&hellip;]<\/p>\n","protected":false},"author":1,"featured_media":0,"parent":0,"menu_order":0,"comment_status":"closed","ping_status":"closed","template":"","meta":{"footnotes":""},"class_list":["post-5609","page","type-page","status-publish","hentry"],"_links":{"self":[{"href":"https:\/\/www.camminodonbosco.eu\/fr\/wp-json\/wp\/v2\/pages\/5609","targetHints":{"allow":["GET"]}}],"collection":[{"href":"https:\/\/www.camminodonbosco.eu\/fr\/wp-json\/wp\/v2\/pages"}],"about":[{"href":"https:\/\/www.camminodonbosco.eu\/fr\/wp-json\/wp\/v2\/types\/page"}],"author":[{"embeddable":true,"href":"https:\/\/www.camminodonbosco.eu\/fr\/wp-json\/wp\/v2\/users\/1"}],"replies":[{"embeddable":true,"href":"https:\/\/www.camminodonbosco.eu\/fr\/wp-json\/wp\/v2\/comments?post=5609"}],"version-history":[{"count":0,"href":"https:\/\/www.camminodonbosco.eu\/fr\/wp-json\/wp\/v2\/pages\/5609\/revisions"}],"wp:attachment":[{"href":"https:\/\/www.camminodonbosco.eu\/fr\/wp-json\/wp\/v2\/media?parent=5609"}],"curies":[{"name":"wp","href":"https:\/\/api.w.org\/{rel}","templated":true}]}}