{"id":5611,"date":"2022-07-04T14:43:20","date_gmt":"2022-07-04T12:43:20","guid":{"rendered":"https:\/\/www.camminodonbosco.eu\/les-anneaux-de-riva-presso-chieri\/"},"modified":"2024-01-07T10:51:02","modified_gmt":"2024-01-07T09:51:02","slug":"les-anneaux-de-riva-presso-chieri","status":"publish","type":"page","link":"https:\/\/www.camminodonbosco.eu\/fr\/les-anneaux-de-riva-presso-chieri\/","title":{"rendered":"Les Anneaux de Riva presso Chieri\u200b"},"content":{"rendered":"\n<p><strong>D\u00e9part et arriv\u00e9e<\/strong> au parking du cimeti\u00e8re de Chieri, adjacent \u00e0 la via Pirandello (283 m d&rsquo;altitude).<br\/><strong>Longueur<\/strong> d&rsquo;environ 15 km D\u00e9nivel\u00e9 positif de +4 m. <strong>Difficult\u00e9<\/strong> de randonn\u00e9e, parcours facile et plat.<br\/><strong>Eau<\/strong> \u00c0 Chieri, il y a 2 fontaines situ\u00e9es Via Buttigliera, entre le cimeti\u00e8re et les \u00e9coles. Fontaine \u00e0 S. Giovanni di Riva (maison S. Domenico). Point d&rsquo;eau SMAT \u00e0 Riva, Piazza C. Emanuele 3 et fontaine devant le Moulin de la Torre.<\/p>\n\n<div style=\"height:30px\" aria-hidden=\"true\" class=\"wp-block-spacer\"><\/div>\n\n<p>En partant du parking du cimeti\u00e8re, suivez la <strong>Via Pirandello<\/strong> jusqu&rsquo;\u00e0 d\u00e9passer le Centro cinofilo, puis continuez \u00e0 gauche sur la route en gravier qui m\u00e8ne \u00e0 <strong>Via Buttigliera<\/strong>. Tournez \u00e0 droite et continuez jusqu&rsquo;\u00e0 la rotonde, atteinte apr\u00e8s 1,8 km de marche depuis le d\u00e9part. Traversez pour continuer sur la route goudronn\u00e9e \u00e0 gauche de la <strong>Cascina Robbio<\/strong> (en passant \u00e0 c\u00f4t\u00e9 d&rsquo;enclos pour animaux), en franchissant le Rio di Cesole et le Rio Moano, suivez le bitume \u00e0 droite (en laissant de c\u00f4t\u00e9 la d\u00e9viation vers C.na Riviera) \u00e0 c\u00f4t\u00e9 de grands enclos, puis tournez \u00e0 droite \u00e0 nouveau apr\u00e8s 400 m\u00e8tres, puis continuez tout droit jusqu&rsquo;\u00e0 croiser la SP121 Riva pr\u00e8s de Chieri-Arignano dans la    <strong>fraz. S. Giovanni <\/strong>, situ\u00e9e \u00e0 environ 4,2 km de C.na Robbio. Apr\u00e8s avoir travers\u00e9 la route provinciale puis le hameau le long de la Via D. Bosco, marchez pendant presque 1 km jusqu&rsquo;\u00e0 la <strong>maison natale de S. Domenico Savio<\/strong> et au <strong>Centre de Spiritualit\u00e9.<\/strong> De l\u00e0, suivez la <strong>Via della Grena<\/strong> jusqu&rsquo;\u00e0 ce que vous recroisiez la route provinciale, puis suivez d&rsquo;abord la <strong>Via dei Finelli<\/strong> et ensuite la <strong>route Rivassola<\/strong> jusqu&rsquo;\u00e0 la ferme du m\u00eame nom. Environ 300 m\u00e8tres apr\u00e8s la ferme, continuez \u00e0 gauche pendant 700 m\u00e8tres sur le chemin rural, jusqu&rsquo;au carrefour qui m\u00e8ne \u00e0 la C.na Belvedere et \u00e0 la route provinciale.   <\/p>\n\n<p>Ignorez cette d\u00e9viation (*) en continuant toujours tout droit pendant environ 750 m\u00e8tres sur l&rsquo;interpod\u00e9rale entre les champs, puis tournez \u00e0 gauche au niveau d&rsquo;un b\u00e2timent et regagnez rapidement (150 m\u00e8tres) la route provinciale. Ici, tournez \u00e0 droite sur le trottoir et continuez jusqu&rsquo;\u00e0 traverser la <strong>Strada Padana inferiore<\/strong> \u00e0 la hauteur du rond-point, en entrant \u00e0 Riva. <\/p>\n\n<div style=\"height:30px\" aria-hidden=\"true\" class=\"wp-block-spacer\"><\/div>\n\n<p><em>Le chemin \u00e0 travers les champs \u00e0 partir de la Cascina Rivassola fait l&rsquo;objet d&rsquo;un projet de la commune de Riva pr\u00e8s de Chieri pour la cr\u00e9ation d&rsquo;un sentier botanique le long de l&rsquo;ancien cours du <strong>Rio Mulino del Castello<\/strong>, un cours d&rsquo;eau artificiel en partie sur\u00e9lev\u00e9, qui transportait l&rsquo;eau du ruisseau qui alimente le lac d&rsquo;Arignano \u00e0 Palazzo Grosso, utilis\u00e9e pour arroser le jardin et alimenter les pales du moulin.<\/em><\/p>\n\n<div style=\"height:30px\" aria-hidden=\"true\" class=\"wp-block-spacer\"><\/div>\n\n<p>Suivez la <strong>Via V. Veneto<\/strong>, puis tournez \u00e0 droite dans la <strong>Via T. Rossi di Montelera<\/strong>, en passant sous la <strong>Tour Astense<\/strong> (XIIe si\u00e8cle, ainsi appel\u00e9e car elle est tourn\u00e9e vers Asti). Continuez \u00e0 gauche devant l&rsquo;<strong>\u00e9glise de la Confraternita de Santa Croce<\/strong> (XVIIIe si\u00e8cle), puis \u00e0 droite dans la <strong>Via della Confraternita<\/strong> jusqu&rsquo;\u00e0 la Piazza dei Caduti, puis \u00e0 la <strong>Piazza della Parrocchia<\/strong>, o\u00f9 se trouve le <strong>Palazzo Grosso<\/strong>, si\u00e8ge de l&rsquo;ancien H\u00f4tel de Ville et du <strong>Mus\u00e9e du Paysage Sonore<\/strong>. <\/p>\n\n<p>Suivez ensuite la piste cyclable qui part \u00e0 gauche du palais et qui m\u00e8ne avec un parcours goudronn\u00e9 de 3 km d&rsquo;abord au <strong>Moulin de la Torre<\/strong> (ancien moulin datant de 1400) puis \u00e0 Chieri. \u00c0 la fin de la piste, tournez \u00e0 gauche en suivant la piste cyclable avec un rev\u00eatement rose (\u00e0 c\u00f4t\u00e9 de la COOP), continuez tout droit au rond-point (<strong>Via Polesina<\/strong>), traversez le rond-point de Via A. Moro, puis empruntez la piste cyclable avec un rev\u00eatement gris de Corso Matteotti jusqu&rsquo;au feu de circulation. Tournez \u00e0 droite pour retourner au cimeti\u00e8re que vous atteindrez apr\u00e8s avoir parcouru environ 1,3 km depuis la fin de la piste Riva-Chieri.  <\/p>\n\n<p>(*) En cas d&rsquo;impraticabilit\u00e9 du sentier, tournez vers C.na Belvedere et ensuite tournez \u00e0 droite sur la SP121 en direction de Riva, en faisant tr\u00e8s attention \u00e0 la circulation.<\/p>\n\n<div style=\"height:100px\" aria-hidden=\"true\" class=\"wp-block-spacer\"><\/div>\n\n<figure class=\"wp-block-image size-full is-resized\"><img fetchpriority=\"high\" decoding=\"async\" src=\"https:\/\/www.camminodonbosco.eu\/wp-content\/uploads\/2022\/03\/ANELLO-1_Riva-Presso-Chieri.jpg\" alt=\"\" class=\"wp-image-704\" width=\"1920\" height=\"1359\" srcset=\"https:\/\/www.camminodonbosco.eu\/wp-content\/uploads\/2022\/03\/ANELLO-1_Riva-Presso-Chieri.jpg 1920w, https:\/\/www.camminodonbosco.eu\/wp-content\/uploads\/2022\/03\/ANELLO-1_Riva-Presso-Chieri-300x212.jpg 300w, https:\/\/www.camminodonbosco.eu\/wp-content\/uploads\/2022\/03\/ANELLO-1_Riva-Presso-Chieri-1024x725.jpg 1024w, https:\/\/www.camminodonbosco.eu\/wp-content\/uploads\/2022\/03\/ANELLO-1_Riva-Presso-Chieri-768x544.jpg 768w, https:\/\/www.camminodonbosco.eu\/wp-content\/uploads\/2022\/03\/ANELLO-1_Riva-Presso-Chieri-1536x1087.jpg 1536w\" sizes=\"(max-width: 1920px) 100vw, 1920px\" \/><\/figure>\n","protected":false},"excerpt":{"rendered":"<p>D\u00e9part et arriv\u00e9e au parking du cimeti\u00e8re de Chieri, adjacent \u00e0 la via Pirandello (283 m d&rsquo;altitude).Longueur d&rsquo;environ 15 km D\u00e9nivel\u00e9 positif de +4 m. Difficult\u00e9 de randonn\u00e9e, parcours facile et plat.Eau \u00c0 Chieri, il y a 2 fontaines situ\u00e9es Via Buttigliera, entre le cimeti\u00e8re et les \u00e9coles. Fontaine \u00e0 S. Giovanni di Riva (maison [&hellip;]<\/p>\n","protected":false},"author":1,"featured_media":0,"parent":0,"menu_order":0,"comment_status":"closed","ping_status":"closed","template":"","meta":{"footnotes":""},"class_list":["post-5611","page","type-page","status-publish","hentry"],"_links":{"self":[{"href":"https:\/\/www.camminodonbosco.eu\/fr\/wp-json\/wp\/v2\/pages\/5611","targetHints":{"allow":["GET"]}}],"collection":[{"href":"https:\/\/www.camminodonbosco.eu\/fr\/wp-json\/wp\/v2\/pages"}],"about":[{"href":"https:\/\/www.camminodonbosco.eu\/fr\/wp-json\/wp\/v2\/types\/page"}],"author":[{"embeddable":true,"href":"https:\/\/www.camminodonbosco.eu\/fr\/wp-json\/wp\/v2\/users\/1"}],"replies":[{"embeddable":true,"href":"https:\/\/www.camminodonbosco.eu\/fr\/wp-json\/wp\/v2\/comments?post=5611"}],"version-history":[{"count":0,"href":"https:\/\/www.camminodonbosco.eu\/fr\/wp-json\/wp\/v2\/pages\/5611\/revisions"}],"wp:attachment":[{"href":"https:\/\/www.camminodonbosco.eu\/fr\/wp-json\/wp\/v2\/media?parent=5611"}],"curies":[{"name":"wp","href":"https:\/\/api.w.org\/{rel}","templated":true}]}}