{"id":5613,"date":"2022-07-04T14:43:39","date_gmt":"2022-07-04T12:43:39","guid":{"rendered":"https:\/\/www.camminodonbosco.eu\/les-anneaux-de-sciolze\/"},"modified":"2024-01-07T10:55:41","modified_gmt":"2024-01-07T09:55:41","slug":"les-anneaux-de-sciolze","status":"publish","type":"page","link":"https:\/\/www.camminodonbosco.eu\/fr\/les-anneaux-de-sciolze\/","title":{"rendered":"Les Anneaux de Sciolze\u200b"},"content":{"rendered":"\n<h2 class=\"has-vivid-red-color has-text-color wp-block-heading\">ANNEAU DU COLLE FAGNOUR<\/h2>\n\n<p><strong>D\u00e9part et arriv\u00e9e<\/strong> au parking du cimeti\u00e8re<br\/><strong>Longueur<\/strong> 4,00 km <strong>D\u00e9nivel\u00e9<\/strong> positif de +114 m Difficult\u00e9 du parcours facile, l\u00e9g\u00e8rement vallonn\u00e9<\/p>\n\n<div style=\"height:30px\" aria-hidden=\"true\" class=\"wp-block-spacer\"><\/div>\n\n<p>En partant du <strong>parking du cimeti\u00e8re<\/strong>, tournez \u00e0 droite sur la SP118 en direction de Bardassano. Continuez tout droit sur 540 m\u00e8tres en ignorant la d\u00e9viation \u00e0 gauche vers Montaldo T.se, puis tournez \u00e0 gauche sur 160 m\u00e8tres en direction du <strong>Colle Fagnour<\/strong> (Chapelle de Santa Lucia, vue panoramique). Revenez sur vos pas pendant 190 m\u00e8tres jusqu&rsquo;\u00e0 la SP118, tournez \u00e0 droite et continuez sur 110 m\u00e8tres, puis tournez \u00e0 droite vers Tetti Garrone. Apr\u00e8s 340 m\u00e8tres, tournez \u00e0 gauche, traversez le village sur 170 m\u00e8tres, puis continuez sur un sentier pendant 180 m\u00e8tres jusqu&rsquo;\u00e0 croiser la SP4. Tournez \u00e0 gauche ici en continuant sur 250 m\u00e8tres, puis tournez \u00e0 droite sur une jolie route panoramique offrant une vue sur le village de Sciolze (indications <strong>Collina Serra<\/strong>). Apr\u00e8s 520 m\u00e8tres, continuez sur le sentier en descendant pendant 430 m\u00e8tres jusqu&rsquo;\u00e0 rejoindre la route de la Bocchetta pr\u00e8s de la <strong>Chapelle de Sant&rsquo;Antonio<\/strong> (notez juste en dessous de la chapelle le mur de s\u00e9diments, appel\u00e9 <em><strong>sabbioni<\/strong><\/em><strong>)<\/strong>. Apr\u00e8s 100 m\u00e8tres, tournez \u00e0 gauche vers Sciolze sur la petite route adjacente au terrain de sport. Apr\u00e8s avoir parcouru 500 m\u00e8tres, continuez tout droit en mont\u00e9e pendant 250 m\u00e8tres, jusqu&rsquo;\u00e0 croiser la SP118. Tournez \u00e0 gauche pour revenir au point de d\u00e9part apr\u00e8s avoir parcouru 150 m\u00e8tres.        <\/p>\n\n<div style=\"height:100px\" aria-hidden=\"true\" class=\"wp-block-spacer\"><\/div>\n\n<h2 class=\"has-vivid-cyan-blue-color has-text-color wp-block-heading\">ANNEAU DE LA CHAPELLE TARPUSSANO<\/h2>\n\n<p><strong>D\u00e9part et arriv\u00e9e<\/strong> au parking du cimeti\u00e8re<br\/><strong>Longueur<\/strong> 2,50 km D\u00e9nivel\u00e9 positif de +60 m <strong>Difficult\u00e9<\/strong> de randonn\u00e9e, parcours facile<\/p>\n\n<div style=\"height:30px\" aria-hidden=\"true\" class=\"wp-block-spacer\"><\/div>\n\n<p>En partant du <strong>parking du cimeti\u00e8re<\/strong>, tournez \u00e0 droite sur la SP118 en direction de Bardassano. Continuez tout droit sur 380 m\u00e8tres en ignorant la d\u00e9viation \u00e0 gauche vers Montaldo T.se, puis tournez \u00e0 droite en direction de <strong>Tetti Sachero<\/strong>. Apr\u00e8s avoir parcouru 650 m\u00e8tres, restez \u00e0 droite, puis tournez imm\u00e9diatement \u00e0 gauche apr\u00e8s 90 m\u00e8tres pour traverser un grand pr\u00e9 et atteindre la <strong>Chapelle Tarpussano<\/strong>, une petite \u00e9glise noble avec un petit porche offrant un abri (vue panoramique). Revenez sur vos pas, tournez \u00e0 gauche apr\u00e8s un peu moins de 100 m\u00e8tres pour traverser la <strong>r\u00e9gion Garavaglia<\/strong>, puis apr\u00e8s avoir parcouru 460 m\u00e8tres, croisez la route qui va de Gassino \u00e0 Sciolze. Tournez \u00e0 droite en mont\u00e9e en continuant pendant 550 m\u00e8tres en faisant attention \u00e0 la circulation, jusqu&rsquo;\u00e0 atteindre la SP118. Tournez \u00e0 gauche et continuez sur 180 m\u00e8tres pour revenir au point de d\u00e9part.     <\/p>\n\n<div style=\"height:100px\" aria-hidden=\"true\" class=\"wp-block-spacer\"><\/div>\n\n<h2 class=\"has-luminous-vivid-amber-color has-text-color wp-block-heading\">PROMENADE DANS LE CENTRE HISTORIQUE<\/h2>\n\n<p><strong>D\u00e9part et arriv\u00e9e<\/strong> \u00e0 la casemate d&rsquo;eau SMAT &#8211; via Aie 2<br\/><strong>Longueur<\/strong> 0,80 km D\u00e9nivel\u00e9 positif de +35 m <strong>Difficult\u00e9<\/strong> de randonn\u00e9e, parcours facile<\/p>\n\n<div style=\"height:30px\" aria-hidden=\"true\" class=\"wp-block-spacer\"><\/div>\n\n<p>En partant de la casemate d&rsquo;eau, traversez <strong>Via Roma<\/strong> pour emprunter <strong>Via Umberto I<\/strong>, puis arrivez d&rsquo;abord \u00e0 <strong>Piazza Vittorio Veneto<\/strong>, puis \u00e0 <strong>Piazza Sismonda<\/strong> (\u00e9glise paroissiale de San Giovanni Battista). Descendez d&rsquo;ici jusqu&rsquo;\u00e0 <strong>Via General Sacchero<\/strong>, puis tournez \u00e0 droite pour rejoindre le point de d\u00e9part. <\/p>\n\n<div style=\"height:100px\" aria-hidden=\"true\" class=\"wp-block-spacer\"><\/div>\n\n<figure class=\"wp-block-image size-full is-resized\"><img fetchpriority=\"high\" decoding=\"async\" src=\"https:\/\/www.camminodonbosco.eu\/wp-content\/uploads\/2022\/03\/ANELLO-8_Sciolze.jpg\" alt=\"\" class=\"wp-image-711\" width=\"1920\" height=\"1360\" srcset=\"https:\/\/www.camminodonbosco.eu\/wp-content\/uploads\/2022\/03\/ANELLO-8_Sciolze.jpg 1920w, https:\/\/www.camminodonbosco.eu\/wp-content\/uploads\/2022\/03\/ANELLO-8_Sciolze-300x213.jpg 300w, https:\/\/www.camminodonbosco.eu\/wp-content\/uploads\/2022\/03\/ANELLO-8_Sciolze-1024x725.jpg 1024w, https:\/\/www.camminodonbosco.eu\/wp-content\/uploads\/2022\/03\/ANELLO-8_Sciolze-768x544.jpg 768w, https:\/\/www.camminodonbosco.eu\/wp-content\/uploads\/2022\/03\/ANELLO-8_Sciolze-1536x1088.jpg 1536w\" sizes=\"(max-width: 1920px) 100vw, 1920px\" \/><\/figure>\n","protected":false},"excerpt":{"rendered":"<p>ANNEAU DU COLLE FAGNOUR D\u00e9part et arriv\u00e9e au parking du cimeti\u00e8reLongueur 4,00 km D\u00e9nivel\u00e9 positif de +114 m Difficult\u00e9 du parcours facile, l\u00e9g\u00e8rement vallonn\u00e9 En partant du parking du cimeti\u00e8re, tournez \u00e0 droite sur la SP118 en direction de Bardassano. Continuez tout droit sur 540 m\u00e8tres en ignorant la d\u00e9viation \u00e0 gauche vers Montaldo T.se, [&hellip;]<\/p>\n","protected":false},"author":1,"featured_media":0,"parent":0,"menu_order":0,"comment_status":"closed","ping_status":"closed","template":"","meta":{"footnotes":""},"class_list":["post-5613","page","type-page","status-publish","hentry"],"_links":{"self":[{"href":"https:\/\/www.camminodonbosco.eu\/fr\/wp-json\/wp\/v2\/pages\/5613","targetHints":{"allow":["GET"]}}],"collection":[{"href":"https:\/\/www.camminodonbosco.eu\/fr\/wp-json\/wp\/v2\/pages"}],"about":[{"href":"https:\/\/www.camminodonbosco.eu\/fr\/wp-json\/wp\/v2\/types\/page"}],"author":[{"embeddable":true,"href":"https:\/\/www.camminodonbosco.eu\/fr\/wp-json\/wp\/v2\/users\/1"}],"replies":[{"embeddable":true,"href":"https:\/\/www.camminodonbosco.eu\/fr\/wp-json\/wp\/v2\/comments?post=5613"}],"version-history":[{"count":0,"href":"https:\/\/www.camminodonbosco.eu\/fr\/wp-json\/wp\/v2\/pages\/5613\/revisions"}],"wp:attachment":[{"href":"https:\/\/www.camminodonbosco.eu\/fr\/wp-json\/wp\/v2\/media?parent=5613"}],"curies":[{"name":"wp","href":"https:\/\/api.w.org\/{rel}","templated":true}]}}