{"id":5615,"date":"2022-07-14T16:06:13","date_gmt":"2022-07-14T14:06:13","guid":{"rendered":"https:\/\/www.camminodonbosco.eu\/arignano\/"},"modified":"2024-01-07T11:09:56","modified_gmt":"2024-01-07T10:09:56","slug":"arignano","status":"publish","type":"page","link":"https:\/\/www.camminodonbosco.eu\/fr\/arignano\/","title":{"rendered":"Arignano"},"content":{"rendered":"\n<p><strong>Arignano<\/strong> compte plus de 1 000 habitants et est situ\u00e9 \u00e0 23 km de Turin. Ses origines remontent \u00e0 l&rsquo;an Mil et elle \u00e9tait soumise \u00e0 Chieri jusqu&rsquo;au XVIIIe si\u00e8cle, avec diff\u00e9rentes familles f\u00e9odales.<em><strong><\/strong><\/em><\/p>\n\n<div style=\"height:30px\" aria-hidden=\"true\" class=\"wp-block-spacer\"><\/div>\n\n<h2 class=\"wp-block-heading\">Lieux d&rsquo;int\u00e9r\u00eat<\/h2>\n\n<p>La <strong>Rocca<\/strong> ou le <strong>Ch\u00e2teau sup\u00e9rieur<\/strong> (reconstruit au XIIIe si\u00e8cle), qui conserve une partie du donjon, une tour carr\u00e9e et la <strong>Villa dei Costa<\/strong> (XVIIIe si\u00e8cle), riche en fresques. Le <strong>Ch\u00e2teau inf\u00e9rieur<\/strong> (XVe si\u00e8cle), r\u00e9cemment restaur\u00e9 et entour\u00e9 d&rsquo;un parc.<\/p>\n\n<p>L&rsquo;<strong>\u00e9glise baroque de l&rsquo;Assomption<\/strong> (1781), avec une nef centrale et deux chapelles lat\u00e9rales.<\/p>\n\n<div style=\"height:30px\" aria-hidden=\"true\" class=\"wp-block-spacer\"><\/div>\n\n<h2 class=\"wp-block-heading\">Lac d&rsquo;Arignano<\/h2>\n\n<p>Un r\u00e9servoir artificiel d&rsquo;environ 0,3 km<sup>2<\/sup> \u00e0 la fronti\u00e8re entre les communes d&rsquo;Arignano et de Marentino, repr\u00e9sentant le plus grand plan d&rsquo;eau de la colline turinoise. R\u00e9alis\u00e9 gr\u00e2ce au comte Paolo Remigio Costa \u00e0 partir de 1840 comme bassin de collecte d&rsquo;eau destin\u00e9e \u00e0 l&rsquo;irrigation des cultures environnantes, \u00e0 la production de glace pendant l&rsquo;hiver, comme r\u00e9serve de p\u00eache et pour fournir de l&rsquo;eau aux deux moulins en aval du barrage. Le lac est aliment\u00e9 par quelques petits ruisseaux qui y affluent depuis la zone collinaire. Pr\u00e8s de la rive ouest, les comtes Costa ont cr\u00e9\u00e9 une petite \u00eele o\u00f9 poussent aujourd&rsquo;hui quelques grands arbres. Actuellement, le lac d&rsquo;Arignano est essentiellement une zone humide importante qui abrite une faune aviaire r\u00e9sidente et migratrice. En plus des nombreuses esp\u00e8ces d&rsquo;oiseaux, le bassin et ses rives fournissent un habitat important pour les reptiles, les amphibiens et les insectes propres aux zones humides, tels que les libellules.<\/p>\n\n<div style=\"height:30px\" aria-hidden=\"true\" class=\"wp-block-spacer\"><\/div>\n","protected":false},"excerpt":{"rendered":"<p>Arignano compte plus de 1 000 habitants et est situ\u00e9 \u00e0 23 km de Turin. Ses origines remontent \u00e0 l&rsquo;an Mil et elle \u00e9tait soumise \u00e0 Chieri jusqu&rsquo;au XVIIIe si\u00e8cle, avec diff\u00e9rentes familles f\u00e9odales. Lieux d&rsquo;int\u00e9r\u00eat La Rocca ou le Ch\u00e2teau sup\u00e9rieur (reconstruit au XIIIe si\u00e8cle), qui conserve une partie du donjon, une tour carr\u00e9e [&hellip;]<\/p>\n","protected":false},"author":1,"featured_media":0,"parent":0,"menu_order":0,"comment_status":"closed","ping_status":"closed","template":"","meta":{"footnotes":""},"class_list":["post-5615","page","type-page","status-publish","hentry"],"_links":{"self":[{"href":"https:\/\/www.camminodonbosco.eu\/fr\/wp-json\/wp\/v2\/pages\/5615","targetHints":{"allow":["GET"]}}],"collection":[{"href":"https:\/\/www.camminodonbosco.eu\/fr\/wp-json\/wp\/v2\/pages"}],"about":[{"href":"https:\/\/www.camminodonbosco.eu\/fr\/wp-json\/wp\/v2\/types\/page"}],"author":[{"embeddable":true,"href":"https:\/\/www.camminodonbosco.eu\/fr\/wp-json\/wp\/v2\/users\/1"}],"replies":[{"embeddable":true,"href":"https:\/\/www.camminodonbosco.eu\/fr\/wp-json\/wp\/v2\/comments?post=5615"}],"version-history":[{"count":0,"href":"https:\/\/www.camminodonbosco.eu\/fr\/wp-json\/wp\/v2\/pages\/5615\/revisions"}],"wp:attachment":[{"href":"https:\/\/www.camminodonbosco.eu\/fr\/wp-json\/wp\/v2\/media?parent=5615"}],"curies":[{"name":"wp","href":"https:\/\/api.w.org\/{rel}","templated":true}]}}