{"id":5619,"date":"2022-07-08T10:56:33","date_gmt":"2022-07-08T08:56:33","guid":{"rendered":"https:\/\/www.camminodonbosco.eu\/cambiano\/"},"modified":"2024-01-07T11:18:52","modified_gmt":"2024-01-07T10:18:52","slug":"cambiano","status":"publish","type":"page","link":"https:\/\/www.camminodonbosco.eu\/fr\/cambiano\/","title":{"rendered":"Cambiano"},"content":{"rendered":"\n<p><strong>Cambiano<\/strong> compte plus de 5 900 habitants et est situ\u00e9 \u00e0 21 km de Turin. Ce village a des origines anciennes, la d\u00e9couverte de traces d&rsquo;un ancien b\u00e2timent romain et de quelques pi\u00e8ces de monnaie en bronze laissant supposer que la zone \u00e9tait habit\u00e9e d\u00e8s le IIIe si\u00e8cle apr\u00e8s J.-C. Au Moyen \u00c2ge, son histoire se m\u00eale \u00e0 celle de Chieri, avec une soumission aux Savoie-Acaja en 1347. Au XIVe si\u00e8cle, le <strong>Ricetto<\/strong>, une fortification m\u00e9di\u00e9vale accessible par deux portes, dont l&rsquo;une est encore visible, a \u00e9t\u00e9 construit. Les Savoie ont \u00e9tendu leur domination sur la r\u00e9gion entre 1500 et 1600, et de nombreuses destructions ont eu lieu au fil des si\u00e8cles, aggrav\u00e9es par la peste de 1630. Occup\u00e9e par les Fran\u00e7ais apr\u00e8s 1640, elle a \u00e9t\u00e9 annex\u00e9e \u00e0 l&rsquo;Empire napol\u00e9onien et est revenue aux Savoie en 1815. Outre l&rsquo;impact de la peste en 1630, le territoire de Cambiano a \u00e9t\u00e9 le th\u00e9\u00e2tre de combats violents \u00e0 cette \u00e9poque. Les guerres de succession se sont succ\u00e9d\u00e9, et pendant la guerre de Trente Ans, apr\u00e8s la victoire pr\u00e8s de <em>La Rotta<\/em> di Moncalieri-Villastellone, les troupes fran\u00e7aises ont pill\u00e9 tous les villages environnants et se sont install\u00e9es \u00e0 Cambiano. Au cours de la p\u00e9riode qui a suivi, le territoire de Cambiano a chang\u00e9 de mains \u00e0 plusieurs reprises : marquis, comtesses et chevaliers se sont succ\u00e9d\u00e9s, pour revenir \u00e0 nouveau sous domination fran\u00e7aise pendant l&rsquo;Empire napol\u00e9onien. Avec la naissance du Royaume d&rsquo;Italie, Cambiano est entr\u00e9 dans une phase de d\u00e9veloppement, avec une croissance constante de la population, gr\u00e2ce \u00e0 l&rsquo;arriv\u00e9e de nombreux travailleurs attir\u00e9s par les opportunit\u00e9s d&#8217;emploi dans l&rsquo;<strong>industrie textile<\/strong> et les <strong>tuileries<\/strong>.<\/p>\n\n<div style=\"height:30px\" aria-hidden=\"true\" class=\"wp-block-spacer\"><\/div>\n\n<h2 class=\"wp-block-heading\">Lieux d&rsquo;int\u00e9r\u00eat<\/h2>\n\n<p> La <strong>Paroisse<\/strong> des Saints Vincenzo et Anastasio, reconstruite au XVIIe si\u00e8cle, avec une fa\u00e7ade remani\u00e9e en 1740 selon les plans de Vittone. La <strong>Tour-porte de l&rsquo;Ancien Ricetto<\/strong> (\u00e9galement appel\u00e9e <em>porte stellina<\/em>, remonte au XIIIe si\u00e8cle et permettait l&rsquo;acc\u00e8s \u00e0 la <em>place<\/em>, l&rsquo;actuelle Via Compajre, qui \u00e9tait la seule rue spacieuse entre les murs), le si\u00e8ge de la <strong>Societ\u00e0 Operaia di Mutuo Soccorso<\/strong> (maison natale du peintre et s\u00e9nateur du Royaume d&rsquo;Italie Giacomo Grosso), la <strong>Salle du Conseil du Palais Municipal<\/strong>, avec les \u0153uvres des artistes cambianais Giacomo Grosso, Lorenzo Vergnano et Onorio Mosso, ainsi que des contemporains Ferruccio d&rsquo;Angelo, Giovanni Borgarello et Cesario Carena, le <strong>Cimeti\u00e8re<\/strong> avec la <strong>sculpture fun\u00e9raire <\/strong> du tombeau \u00ab\u00a0Bert Nevissano\u00a0\u00bb r\u00e9alis\u00e9e par Lorenzo Vergnano.<\/p>\n\n<div style=\"height:30px\" aria-hidden=\"true\" class=\"wp-block-spacer\"><\/div>\n\n<p><strong>Piste cyclable-pi\u00e9tonne Cambiano-Pecetto Torinese.<\/strong> La piste cyclable-pi\u00e9tonne qui relie Cambiano \u00e0 la frazione Madonna della Scala et de l\u00e0, par une connexion en boucle, \u00e0 la commune de Pecetto, fait partie des itin\u00e9raires de \u00ab\u00a0Pistaaa: La Blue Way Pi\u00e9montaise\u00a0\u00bb, une piste cyclable pour r\u00e9aliser dans les r\u00e9gions de Collina Torinese, Chierese, Pianalto et Basso Monferrato une s\u00e9rie de liaisons cyclistes et pi\u00e9tonnes entre les diff\u00e9rentes villes par des routes blanches ou \u00e0 faible trafic. Les panneaux de signalisation fournissent des informations sur la r\u00e9gion via l&rsquo;application \u00ab\u00a0<em>Pistaaa<\/em>\u00ab\u00a0, t\u00e9l\u00e9chargeable gratuitement sur les t\u00e9l\u00e9phones Android ou iOS, et contiennent des images du \u00ab\u00a0Troisi\u00e8me Paradis\u00a0\u00bb de Michelangelo Pistoletto, r\u00e9alis\u00e9es par des artistes locaux. Le projet de la piste cyclable-pi\u00e9tonne a \u00e9t\u00e9 r\u00e9alis\u00e9 et con\u00e7u par l&rsquo;Association de Promotion Sociale Ci\u00f2CheVale en collaboration avec 21 administrations communales. <\/p>\n\n<div style=\"height:30px\" aria-hidden=\"true\" class=\"wp-block-spacer\"><\/div>\n\n<p><strong>MunLab &#8211; \u00c9comus\u00e9e de l&rsquo;argile. <\/strong>Le mus\u00e9e, cr\u00e9\u00e9 en 2001 pour transmettre les connaissances sur le travail de l&rsquo;argile, est situ\u00e9 dans les espaces de l&rsquo;arch\u00e9ologie industrielle d&rsquo;une tuilerie centenaire. Il m\u00e8ne des activit\u00e9s de recherche, de diffusion et de valorisation de la m\u00e9moire des lieux et du savoir-faire local, des questions environnementales, du design et de l&rsquo;art li\u00e9s au paysage et \u00e0 la terre. Il collabore avec des universit\u00e9s, des institutions artistiques et culturelles, accueille des stages, des th\u00e8ses et des programmes de formation avanc\u00e9e et de recherche. La Section Didactique est active depuis 20 ans avec des propositions en constante \u00e9volution et le fruit d&rsquo;une planification interactive entre diff\u00e9rentes figures professionnelles impliqu\u00e9es. Depuis 2007, Munlab fait partie du R\u00e9seau des \u00c9comus\u00e9es du Pi\u00e9mont. Depuis 2016, Munlab est ouvert au public avec un parcours mus\u00e9al et des ateliers dans le cadre de l&rsquo;Abonnement aux Mus\u00e9es du Pi\u00e9mont (<a href=\"http:\/\/www.munlabtorino.it\">www.munlabtorino.it<\/a>).     <\/p>\n\n<div style=\"height:30px\" aria-hidden=\"true\" class=\"wp-block-spacer\"><\/div>\n\n<div class=\"wp-block-cover is-light\" style=\"min-height:100px;aspect-ratio:unset;\"><span aria-hidden=\"true\" class=\"wp-block-cover__background has-cyan-bluish-gray-background-color has-background-dim\"><\/span><div class=\"wp-block-cover__inner-container is-layout-flow wp-block-cover-is-layout-flow\">\n<h2 class=\"wp-block-heading\">Sur les traces de Don Bosco<\/h2>\n\n\n\n<p><\/p>\n\n\n\n<p><strong>Don Bosco \u00e0 Cambiano<\/strong><\/p>\n\n\n\n<p>Dans sa jeunesse, Don Bosco avait des liens avec Don Bartolomeo Dassano (1796-1854), originaire de Cambiano (To) et cur\u00e9 de Castelnuovo d&rsquo;Asti de 1827 \u00e0 1834. Invit\u00e9 \u00e0 pr\u00eacher \u00e0 Cambiano en ao\u00fbt 1859, Giovanni Bosco a d\u00fb interrompre son voyage en train en descendant \u00e0 Trofarello pour continuer \u00e0 pied sous la pluie. Dans le m\u00eame train voyageait le d\u00e9put\u00e9 Tommaso Villa, qui a continu\u00e9 en voiture et l&rsquo;a invit\u00e9 \u00e0 monter.<em>\u00ab\u00a0L&rsquo;honorable Villa a \u00e9t\u00e9 impressionn\u00e9 par son comportement et sa r\u00e9serve, ainsi que par sa gentillesse dans la conversation, et arriv\u00e9 \u00e0 Cambiano, il lui a demand\u00e9 s&rsquo;il allait passer la nuit dans le village ou rentrer le soir m\u00eame. Apprenant qu&rsquo;il devait rentrer, il l&rsquo;a invit\u00e9 \u00e0 se rendre \u00e0 un endroit pr\u00e9cis \u00e0 une heure pr\u00e9cise pour profiter de sa voiture. Don Bosco a accept\u00e9, a remerci\u00e9 et, apr\u00e8s avoir pr\u00each\u00e9, il est arriv\u00e9 \u00e0 l&rsquo;heure au rendez-vous   <\/em>\u00ab\u00a0.<\/p>\n<\/div><\/div>\n\n<p><\/p>\n\n<p><\/p>\n","protected":false},"excerpt":{"rendered":"<p>Cambiano compte plus de 5 900 habitants et est situ\u00e9 \u00e0 21 km de Turin. Ce village a des origines anciennes, la d\u00e9couverte de traces d&rsquo;un ancien b\u00e2timent romain et de quelques pi\u00e8ces de monnaie en bronze laissant supposer que la zone \u00e9tait habit\u00e9e d\u00e8s le IIIe si\u00e8cle apr\u00e8s J.-C. Au Moyen \u00c2ge, son histoire [&hellip;]<\/p>\n","protected":false},"author":1,"featured_media":0,"parent":0,"menu_order":0,"comment_status":"closed","ping_status":"closed","template":"","meta":{"footnotes":""},"class_list":["post-5619","page","type-page","status-publish","hentry"],"_links":{"self":[{"href":"https:\/\/www.camminodonbosco.eu\/fr\/wp-json\/wp\/v2\/pages\/5619","targetHints":{"allow":["GET"]}}],"collection":[{"href":"https:\/\/www.camminodonbosco.eu\/fr\/wp-json\/wp\/v2\/pages"}],"about":[{"href":"https:\/\/www.camminodonbosco.eu\/fr\/wp-json\/wp\/v2\/types\/page"}],"author":[{"embeddable":true,"href":"https:\/\/www.camminodonbosco.eu\/fr\/wp-json\/wp\/v2\/users\/1"}],"replies":[{"embeddable":true,"href":"https:\/\/www.camminodonbosco.eu\/fr\/wp-json\/wp\/v2\/comments?post=5619"}],"version-history":[{"count":0,"href":"https:\/\/www.camminodonbosco.eu\/fr\/wp-json\/wp\/v2\/pages\/5619\/revisions"}],"wp:attachment":[{"href":"https:\/\/www.camminodonbosco.eu\/fr\/wp-json\/wp\/v2\/media?parent=5619"}],"curies":[{"name":"wp","href":"https:\/\/api.w.org\/{rel}","templated":true}]}}