{"id":5625,"date":"2022-07-08T10:56:53","date_gmt":"2022-07-08T08:56:53","guid":{"rendered":"https:\/\/www.camminodonbosco.eu\/chieri\/"},"modified":"2024-01-07T11:34:14","modified_gmt":"2024-01-07T10:34:14","slug":"chieri","status":"publish","type":"page","link":"https:\/\/www.camminodonbosco.eu\/fr\/chieri\/","title":{"rendered":"Chieri"},"content":{"rendered":"\n<p><strong>Chieri<\/strong> compte plus de 37 000 habitants et est situ\u00e9e \u00e0 16 km de Turin ; elle poss\u00e8de une histoire d&rsquo;au moins deux mill\u00e9naires : plusieurs d\u00e9couvertes arch\u00e9ologiques t\u00e9moignent que la r\u00e9gion \u00e9tait habit\u00e9e d\u00e8s la protohistoire (\u00e2ge du bronze et du fer). Au IIe si\u00e8cle av. J.-C., les Romains y \u00e9tablirent une colonie, \u00ab\u00a0<em><strong>Carrea potentia<\/strong><\/em>\u00ab\u00a0, mais ce n&rsquo;est qu&rsquo;\u00e0 partir du XIe si\u00e8cle, gr\u00e2ce aux fortifications entreprises par l&rsquo;\u00e9v\u00eaque de Turin, que Chieri s&rsquo;affirma d&rsquo;abord comme une commune libre et un important centre commercial. Possession des Savoie depuis 1046, en 1155, elle fut <strong>d\u00e9truite par l&#8217;empereur Fr\u00e9d\u00e9ric Barberousse<\/strong>, pour devenir une ville prosp\u00e8re sous la <strong>seigneurie des Savoie<\/strong> \u00e0 partir de 1437. Connu sous le nom de \u00ab\u00a0<em><strong>ville aux cent tours<\/strong><\/em>\u00ab\u00a0, en raison des importantes familles nobles qui l&rsquo;habitaient, au XVIe si\u00e8cle, elle fut r\u00e9guli\u00e8rement <strong>impliqu\u00e9e dans les guerres entre la France et l&rsquo;Espagne<\/strong>, tandis qu&rsquo;au XVIIe si\u00e8cle, une \u00e9pid\u00e9mie de peste r\u00e9duisit sa population de moiti\u00e9. Le <strong>commerce et l&rsquo;agriculture<\/strong> (chanvre, lin et houblon) ont donn\u00e9 un fort \u00e9lan au d\u00e9veloppement \u00e9conomique, renforc\u00e9 pendant le r\u00e8gne napol\u00e9onien par l&rsquo;installation d&rsquo;une premi\u00e8re grande <strong>usine textile<\/strong> et par l&rsquo;introduction ult\u00e9rieure du traitement du coton. \u00c0 partir de ce moment, un important d\u00e9veloppement \u00e9conomique, \u00e9troitement li\u00e9 \u00e0 celui de l&rsquo;industrie textile pi\u00e9montaise, a commenc\u00e9, ainsi qu&rsquo;un d\u00e9veloppement urbanistique.       <\/p>\n\n<div style=\"height:30px\" aria-hidden=\"true\" class=\"wp-block-spacer\"><\/div>\n\n<h2 class=\"wp-block-heading\">Lieux d&rsquo;int\u00e9r\u00eat<\/h2>\n\n<p>Le <strong>centre historique, de forme caract\u00e9ristique en spirale.<\/strong>. La  <strong>Cath\u00e9drale <\/strong>(Coll\u00e9giale de S. Maria della Scala), l&rsquo;une des plus grandes \u00e9glises du Pi\u00e9mont, construite dans sa structure actuelle entre 1405 et 1436, avec des \u0153uvres picturales et des statues couvrant sept si\u00e8cles d&rsquo;histoire, ainsi qu&rsquo;un extraordinaire <strong>baptist\u00e8re<\/strong> orn\u00e9 de fresques repr\u00e9sentant la Passion du Christ et un grand portail en marbre. L&rsquo;<strong>\u00e9glise de S. Giorgio<\/strong>, qui offre une vue magnifique, construite en 1037 et r\u00e9nov\u00e9e \u00e0 l&rsquo;\u00e9poque baroque (1752). Le <strong>couvent de S. Domenico<\/strong> (XIVe-XVe si\u00e8cle), avec de nombreuses chapelles patriciennes, conserve d&rsquo;anciens tr\u00e9sors, dont des \u0153uvres pr\u00e9cieuses de Moncalvo. L&rsquo;<strong>\u00e9glise baroque de San Filippo<\/strong>, datant de 1673. Le <strong>Sanctuaire de l&rsquo;Annonciation<\/strong>, qui remonte au XVIIe si\u00e8cle et a \u00e9t\u00e9 construit autour de la fresque de 1469 \u00e0 laquelle ont \u00e9t\u00e9 attribu\u00e9es des vertus miraculeuses. L&rsquo;<strong>Arc de la place<\/strong>, l&rsquo;un des symboles de la ville, construit en 1580 en l&rsquo;honneur d&rsquo;Emanuele Filiberto de Savoie. Le <strong>Ghetto des Juifs<\/strong>, avec ses fen\u00eatres gothiques, comprenant des b\u00e2timents autrefois habit\u00e9s par d&rsquo;importantes familles locales et destin\u00e9s \u00e0 la communaut\u00e9 isra\u00e9lite \u00e0 partir de 1724. Les <strong>palais m\u00e9di\u00e9vaux<\/strong> suggestifs : Albussani, Balbiano, Brea, Bruni, Mercadillo, Opesso, Tana et Valfr\u00e8, pour n&rsquo;en citer que quelques-uns.<\/p>\n\n<div style=\"height:30px\" aria-hidden=\"true\" class=\"wp-block-spacer\"><\/div>\n\n<h2 class=\"wp-block-heading\">Mus\u00e9es<\/h2>\n\n<p><strong>Casa Martini <\/strong>&#8211; Piazza Luigi Rossi, 2 Pessione &#8211; <a href=\"mailto:casamartini@bacardi.com\">casamartini@bacardi.com<\/a> <\/p>\n\n<p><strong>Centro Visite Don Bosco <\/strong>&#8211; Via V. Emanuele II, 63 &#8211; <a href=\"mailto:info@turismochieri.it\">info@turismochieri.it<\/a> <\/p>\n\n<p><strong>Imbiancheria del Vajro<\/strong> &#8211; Via Imbiancheria 12 &#8211; <a href=\"mailto:cultura@comune.chieri.to.it\">cultura@comune.chieri.to.it<\/a><\/p>\n\n<p><strong>MAC Mostra Archeologica Chieri <\/strong>&#8211; Via Palazzo di Citt\u00e0, 10 &#8211; <a href=\"mailto:cultura@comune.chieri.to.it\">cultura@comune.chieri.to.it<\/a><\/p>\n\n<p><strong>Museo del Tessile<\/strong> &#8211; Via Santa Chiara 11\/A &#8211; <a href=\"mailto:info@fmtessilchieri.org\">info@fmtessilchieri.org<\/a><\/p>\n\n<p><strong>Museo Etnografico Villa Brea <\/strong>-Villa Brea &#8211; Strada Pecetto, 14 &#8211; <a href=\"mailto:camsafa@camsafa.org\">camsafa@camsafa.org<\/a><\/p>\n","protected":false},"excerpt":{"rendered":"<p>Chieri compte plus de 37 000 habitants et est situ\u00e9e \u00e0 16 km de Turin ; elle poss\u00e8de une histoire d&rsquo;au moins deux mill\u00e9naires : plusieurs d\u00e9couvertes arch\u00e9ologiques t\u00e9moignent que la r\u00e9gion \u00e9tait habit\u00e9e d\u00e8s la protohistoire (\u00e2ge du bronze et du fer). Au IIe si\u00e8cle av. J.-C., les Romains y \u00e9tablirent une colonie, \u00ab\u00a0Carrea [&hellip;]<\/p>\n","protected":false},"author":1,"featured_media":0,"parent":0,"menu_order":0,"comment_status":"closed","ping_status":"closed","template":"","meta":{"footnotes":""},"class_list":["post-5625","page","type-page","status-publish","hentry"],"_links":{"self":[{"href":"https:\/\/www.camminodonbosco.eu\/fr\/wp-json\/wp\/v2\/pages\/5625","targetHints":{"allow":["GET"]}}],"collection":[{"href":"https:\/\/www.camminodonbosco.eu\/fr\/wp-json\/wp\/v2\/pages"}],"about":[{"href":"https:\/\/www.camminodonbosco.eu\/fr\/wp-json\/wp\/v2\/types\/page"}],"author":[{"embeddable":true,"href":"https:\/\/www.camminodonbosco.eu\/fr\/wp-json\/wp\/v2\/users\/1"}],"replies":[{"embeddable":true,"href":"https:\/\/www.camminodonbosco.eu\/fr\/wp-json\/wp\/v2\/comments?post=5625"}],"version-history":[{"count":0,"href":"https:\/\/www.camminodonbosco.eu\/fr\/wp-json\/wp\/v2\/pages\/5625\/revisions"}],"wp:attachment":[{"href":"https:\/\/www.camminodonbosco.eu\/fr\/wp-json\/wp\/v2\/media?parent=5625"}],"curies":[{"name":"wp","href":"https:\/\/api.w.org\/{rel}","templated":true}]}}