{"id":5627,"date":"2022-07-08T10:57:21","date_gmt":"2022-07-08T08:57:21","guid":{"rendered":"https:\/\/www.camminodonbosco.eu\/cinzano\/"},"modified":"2024-01-07T11:39:36","modified_gmt":"2024-01-07T10:39:36","slug":"cinzano","status":"publish","type":"page","link":"https:\/\/www.camminodonbosco.eu\/fr\/cinzano\/","title":{"rendered":"Cinzano"},"content":{"rendered":"\n<p><strong>Cinzano<\/strong> compte environ 320 habitants et est situ\u00e9 \u00e0 35 km de Turin.<\/p>\n\n<p>Surplombant les douces vall\u00e9es du Monferrato, Cinzano est nich\u00e9 dans la verdure des collines de Turin : c&rsquo;est le dernier village de la province de Turin, perch\u00e9 \u00e0 une altitude de 495 m\u00e8tres au-dessus du niveau de la mer, dans une position ouverte et abrit\u00e9e des vents, au centre de la cr\u00eate des collines qui s&rsquo;\u00e9tendent de Superga \u00e0 la Canonica di Vezzolano.<\/p>\n\n<p>Le petit noyau historique est domin\u00e9 par le puissant ch\u00e2teau qui, en 1164, fut donn\u00e9 par Fr\u00e9d\u00e9ric Barberousse aux Marquis de Montferrat, puis au Marquis Della Chiesa, tandis que sur la place principale &#8211; un point de vue qui permet de profiter de paysages \u00e0 couper le souffle &#8211; se dresse l&rsquo;\u00e9glise paroissiale de Sant&rsquo;Antonio Abate, datant du Xe si\u00e8cle.<\/p>\n\n<p>C&rsquo;est un \u00e9tablissement d&rsquo;une <strong>origine tr\u00e8s ancienne<\/strong> &#8211; comme en t\u00e9moigne une pointe de fl\u00e8che retrouv\u00e9e sur place et dat\u00e9e entre 2000 et 3000 avant J\u00e9sus-Christ &#8211; qui fut ensuite occup\u00e9 par les Romains. \u00c0 <strong>l&rsquo;\u00e9poque romaine<\/strong>, la ville \u00e9tait travers\u00e9e par une route reliant <em><strong>Industria<\/strong><\/em> (aujourd&rsquo;hui Monteu da Po, qui m\u00e9rite une visite de son site arch\u00e9ologique) \u00e0 <em><strong>Carreum Potentia<\/strong><\/em> (Chieri). Offert par Fr\u00e9d\u00e9ric Barberousse \u00e0 l&rsquo;\u00e9v\u00eaque de Chieri, il fut ensuite l&rsquo;objet de longs litiges en raison de sa position strat\u00e9gique : assujetti \u00e0 Chieri, il passa entre les mains de diff\u00e9rents seigneurs pour finalement devenir la propri\u00e9t\u00e9 du Duch\u00e9 de Savoie en 1631. Au d\u00e9but du XVIIIe si\u00e8cle, pendant la guerre entre la France et le Pi\u00e9mont, il fut <strong>occup\u00e9 par les Fran\u00e7ais<\/strong>. Quelques ann\u00e9es apr\u00e8s l&rsquo;invasion napol\u00e9onienne du Pi\u00e9mont (1796), Cinzano devint la forteresse de la  <em><strong>masse chr\u00e9tienne<\/strong><\/em>, l&rsquo;arm\u00e9e personnelle du major autrichien Branda de&rsquo; Lucioni &#8211; enr\u00f4l\u00e9 parmi la population insurg\u00e9e contre les Fran\u00e7ais &#8211; qui en 1799, avec le concours d&rsquo;autres <em>masses similaires<\/em> (Biella, Chivasso, Ivrea, Santhi\u00e0 et Novara), battit les occupants et occupa Turin.<\/p>\n\n<div style=\"height:30px\" aria-hidden=\"true\" class=\"wp-block-spacer\"><\/div>\n\n<h2 class=\"wp-block-heading\">Lieux d&rsquo;int\u00e9r\u00eat<\/h2>\n\n<p>Le <strong>ch\u00e2teau<\/strong>, une forteresse d&rsquo;origine m\u00e9di\u00e9vale dont l&rsquo;agencement des murs et des tours est t\u00e9moignage, aujourd&rsquo;hui adapt\u00e9e \u00e0 une r\u00e9sidence, avec un grand parc. Avec l&rsquo;\u00e9glise paroissiale et d&rsquo;autres b\u00e2timents adjacents, il forme aujourd&rsquo;hui un noyau s\u00e9par\u00e9 du reste de Cinzano. En 1872, les marquis Della Chiesa, d\u00e9j\u00e0 propri\u00e9taires par le pass\u00e9, rachet\u00e8rent le ch\u00e2teau en le restaurant dans un style n\u00e9o-m\u00e9di\u00e9val. Le comte Ernesto di Sambuy, \u00e9galement engag\u00e9 \u00e0 l&rsquo;\u00e9poque dans la r\u00e9alisation du village m\u00e9di\u00e9val du Valentino \u00e0 Turin, fut charg\u00e9 de d\u00e9corer l&rsquo;int\u00e9rieur et d&rsquo;am\u00e9nager les jardins. Gr\u00e2ce \u00e0 ces travaux, le ch\u00e2teau retrouva son aspect de vieille forteresse que l&rsquo;on peut voir aujourd&rsquo;hui. La grande tour centrale de base carr\u00e9e, appel\u00e9e \u00ab\u00a0<strong>tour du sel<\/strong>\u00ab\u00a0, et des parties des deux tours lat\u00e9rales sont les seules structures d&rsquo;origine encore conserv\u00e9es aujourd&rsquo;hui. Dans la seconde moiti\u00e9 du si\u00e8cle dernier, le ch\u00e2teau, endommag\u00e9 par la guerre et l&rsquo;abandon, fut vendu et restaur\u00e9 \u00e0 des fins r\u00e9sidentielles.      <\/p>\n\n<p>L&rsquo;<strong>\u00e9glise paroissiale de Sant&rsquo;Antonio Abate<\/strong> est situ\u00e9e sur une colline o\u00f9 se trouvait l&rsquo;ancien noyau habit\u00e9 de Cinzano.<br\/>La maison canonique et le th\u00e9\u00e2tre paroissial sont directement reli\u00e9s aux derni\u00e8res avanc\u00e9es du ch\u00e2teau : la fa\u00e7ade est orient\u00e9e \u00e0 l&rsquo;ouest et a une finition en cr\u00e9pi de couleur cr\u00e8me. De chaque c\u00f4t\u00e9 du portail principal se trouvent deux portes en bois surmont\u00e9es de deux fen\u00eatres en coquillage. <\/p>\n\n<p>Au-dessus du portail central se trouve une plaque comm\u00e9morative portant l&rsquo;inscription: \u201cD.O.M.\/DIVO ANTONIO ABATI COMPATRONO DICATI\/ FANI HVIVIS PROSPECTUM\/ TEMPORUM INIURIA PENE LABENTEM\/ PUBLICO SUMPTU\/ CINTIANI COMMUNITAS ELEGANTER INSTAURAT\/ ANNO SALUTIS MDCCXCII\u201d.<\/p>\n\n<p>L&rsquo;int\u00e9rieur de l&rsquo;\u00e9difice se compose d&rsquo;une seule nef avec une vo\u00fbte d&rsquo;ar\u00eates, sur laquelle donnent quatre chapelles lat\u00e9rales.<\/p>\n","protected":false},"excerpt":{"rendered":"<p>Cinzano compte environ 320 habitants et est situ\u00e9 \u00e0 35 km de Turin. Surplombant les douces vall\u00e9es du Monferrato, Cinzano est nich\u00e9 dans la verdure des collines de Turin : c&rsquo;est le dernier village de la province de Turin, perch\u00e9 \u00e0 une altitude de 495 m\u00e8tres au-dessus du niveau de la mer, dans une position [&hellip;]<\/p>\n","protected":false},"author":1,"featured_media":0,"parent":0,"menu_order":0,"comment_status":"closed","ping_status":"closed","template":"","meta":{"footnotes":""},"class_list":["post-5627","page","type-page","status-publish","hentry"],"_links":{"self":[{"href":"https:\/\/www.camminodonbosco.eu\/fr\/wp-json\/wp\/v2\/pages\/5627","targetHints":{"allow":["GET"]}}],"collection":[{"href":"https:\/\/www.camminodonbosco.eu\/fr\/wp-json\/wp\/v2\/pages"}],"about":[{"href":"https:\/\/www.camminodonbosco.eu\/fr\/wp-json\/wp\/v2\/types\/page"}],"author":[{"embeddable":true,"href":"https:\/\/www.camminodonbosco.eu\/fr\/wp-json\/wp\/v2\/users\/1"}],"replies":[{"embeddable":true,"href":"https:\/\/www.camminodonbosco.eu\/fr\/wp-json\/wp\/v2\/comments?post=5627"}],"version-history":[{"count":0,"href":"https:\/\/www.camminodonbosco.eu\/fr\/wp-json\/wp\/v2\/pages\/5627\/revisions"}],"wp:attachment":[{"href":"https:\/\/www.camminodonbosco.eu\/fr\/wp-json\/wp\/v2\/media?parent=5627"}],"curies":[{"name":"wp","href":"https:\/\/api.w.org\/{rel}","templated":true}]}}