{"id":5631,"date":"2022-07-08T11:00:20","date_gmt":"2022-07-08T09:00:20","guid":{"rendered":"https:\/\/www.camminodonbosco.eu\/pavarolo\/"},"modified":"2024-01-07T15:40:49","modified_gmt":"2024-01-07T14:40:49","slug":"pavarolo","status":"publish","type":"page","link":"https:\/\/www.camminodonbosco.eu\/fr\/pavarolo\/","title":{"rendered":"Pavarolo"},"content":{"rendered":"\n<p><strong>Pavarolo<\/strong> compte environ 1 100 habitants et est situ\u00e9 \u00e0 22 km de Turin.<\/p>\n\n<p>Compte tenu de l&rsquo;absence de donn\u00e9es historiques certaines sur la fondation de Pavarolo, on suppose que les premiers \u00e9tablissements sont survenus apr\u00e8s l&rsquo;\u00e9poque romaine. Il semble plausible de relier la naissance du village \u00e0 la construction du ch\u00e2teau, autour duquel les premi\u00e8res maisons se sont regroup\u00e9es, ou \u00e0 l&rsquo;apparition, en contrebas, de la voie de communication entre Asti et Chivasso. <\/p>\n\n<p>La <strong>premi\u00e8re mention de Pavarolo remonte \u00e0 1047<\/strong>, lorsque Henri III confirma de nombreuses terres du Chieri aux chanoines de Saint-Sauveur de Turin ; il passa ensuite entre les mains des Marquis de Monferrato, puis sous le contr\u00f4le de la commune de Chieri, dont il a suivi le destin. \u00c0 une \u00e9poque r\u00e9cente, le c\u00e9l\u00e8bre peintre du XXe si\u00e8cle, <strong>Felice Casorati<\/strong> (1883-1963), a v\u00e9cu et travaill\u00e9 \u00e0 Pavarolo. <\/p>\n\n<div style=\"height:30px\" aria-hidden=\"true\" class=\"wp-block-spacer\"><\/div>\n\n<h2 class=\"wp-block-heading\">Lieux d&rsquo;int\u00e9r\u00eat<\/h2>\n\n<p>Le <strong>ch\u00e2teau<\/strong>, d&rsquo;\u00e9poque m\u00e9di\u00e9vale, est le v\u00e9ritable symbole du village. C&rsquo;est probablement autour de l&rsquo;anc\u00eatre de cette construction que les premiers habitants du village aujourd&rsquo;hui appel\u00e9 Pavarolo se sont rassembl\u00e9s. Cit\u00e9 dans un acte en 1047, le ch\u00e2teau est le <strong>b\u00e2timent le plus ancien du village<\/strong>, avec pr\u00e8s de dix si\u00e8cles d&rsquo;histoire : remani\u00e9 au fil des si\u00e8cles, il est pass\u00e9 de poste militaire \u00e0 demeure noble puis priv\u00e9e. Situ\u00e9 au sommet de la colline sur laquelle se trouve Pavarolo, il a une forme rectangulaire, enti\u00e8rement construit en briques, et est entour\u00e9 d&rsquo;un parc et de murs de sout\u00e8nement, probablement des vestiges de l&rsquo;ancienne enceinte d\u00e9fensive. R\u00e9nov\u00e9 aux XVe et XVIe si\u00e8cles, il abrite un pr\u00e9cieux plafond \u00e0 caissons richement d\u00e9cor\u00e9 du XIVe si\u00e8cle, repr\u00e9sentant des figures altern\u00e9es avec des armoiries. B\u00e2timent priv\u00e9 occasionnellement ouvert au public lors de visites guid\u00e9es, il est la r\u00e9sidence historique du G\u00e9n\u00e9ral Guglielmo Zavattaro Ardizzi di Pavarolo. Au pied du ch\u00e2teau se dresse l&rsquo;ancienne <strong>Torre<\/strong>, transform\u00e9e en clocher au XVIIIe si\u00e8cle (Via Maestra 8 &#8211; site web: <a href=\"about:blank\">https:\/\/castellopavarolo.weebly.com\/<\/a>).      <\/p>\n\n<p>Le <strong>Studio Mus\u00e9e Felice Casorati<\/strong> \u00ab\u00a0<em>Ouvrir les fen\u00eatres et laisser entrer l&rsquo;air dans ma peinture<\/em>\u00ab\u00a0, disait ainsi Felice Casorati de son studio de Pavarolo, attenant \u00e0 la maison qui, depuis les ann\u00e9es trente, fut la r\u00e9sidence d&rsquo;\u00e9t\u00e9 de sa famille. Depuis 2016, le Studio &#8211; qui fut, \u00e0 partir de 1931, un lieu d&rsquo;inspiration pour l&rsquo;artiste et sa femme Daphne Maugham &#8211; est ouvert au public gr\u00e2ce \u00e0 la volont\u00e9 de l&rsquo;administration municipale de Pavarolo et de la famille Casorati (Via del Rubino 9 &#8211; site web: <a href=\"https:\/\/casorati.net\/pavarolo\/\">https:\/\/casorati.net\/pavarolo\/<\/a>). <\/p>\n\n<p>Le long de la Via Maestra et de la Via del Rubino, se trouve <strong>l&rsquo;itin\u00e9raire Casorati,<\/strong> compos\u00e9 de 6 reproductions en cristal d&rsquo;\u0153uvres de la famille Casorati, ainsi que de nombreux mosa\u00efques t\u00e9moignant des anciennes Biennales de peinture d\u00e9di\u00e9es \u00e0 l&rsquo;artiste.<\/p>\n\n<p>Le <strong>Jardin des artistes<\/strong>. \u00c0 proximit\u00e9 du Studio Mus\u00e9e Felice Casorati, dans un point panoramique d&rsquo;une grande valeur paysag\u00e8re, se trouve ce sentier botanique &#8211; con\u00e7u par le conservateur botanique, expert en jardins historiques et pavarolese d&rsquo;adoption, Edoardo Santoro &#8211; qui se d\u00e9roule \u00e0 travers une s\u00e9rie d&rsquo;\u00e9tapes mettant en \u00e9vidence les principales cat\u00e9gories de plantes, les associations v\u00e9g\u00e9tales et le lien fort entre l&rsquo;art et la nature.<\/p>\n\n<p>Non loin du village, vers le nord, se trouve le hameau de San Defendente (chapelle du XVIIe si\u00e8cle) : en sortant du village et en d\u00e9passant la chapelle de San Sebastiano, on atteint la chapelle de San Grato, o\u00f9 l&rsquo;on continue \u00e0 droite sur un chemin de terre et traverse une belle zone de vergers, en passant \u00e0 c\u00f4t\u00e9 du <strong>champ d&rsquo;exp\u00e9rimentation de la prune Purin-a.<\/strong>.<\/p>\n","protected":false},"excerpt":{"rendered":"<p>Pavarolo compte environ 1 100 habitants et est situ\u00e9 \u00e0 22 km de Turin. Compte tenu de l&rsquo;absence de donn\u00e9es historiques certaines sur la fondation de Pavarolo, on suppose que les premiers \u00e9tablissements sont survenus apr\u00e8s l&rsquo;\u00e9poque romaine. Il semble plausible de relier la naissance du village \u00e0 la construction du ch\u00e2teau, autour duquel les [&hellip;]<\/p>\n","protected":false},"author":1,"featured_media":0,"parent":0,"menu_order":0,"comment_status":"closed","ping_status":"closed","template":"","meta":{"footnotes":""},"class_list":["post-5631","page","type-page","status-publish","hentry"],"_links":{"self":[{"href":"https:\/\/www.camminodonbosco.eu\/fr\/wp-json\/wp\/v2\/pages\/5631","targetHints":{"allow":["GET"]}}],"collection":[{"href":"https:\/\/www.camminodonbosco.eu\/fr\/wp-json\/wp\/v2\/pages"}],"about":[{"href":"https:\/\/www.camminodonbosco.eu\/fr\/wp-json\/wp\/v2\/types\/page"}],"author":[{"embeddable":true,"href":"https:\/\/www.camminodonbosco.eu\/fr\/wp-json\/wp\/v2\/users\/1"}],"replies":[{"embeddable":true,"href":"https:\/\/www.camminodonbosco.eu\/fr\/wp-json\/wp\/v2\/comments?post=5631"}],"version-history":[{"count":0,"href":"https:\/\/www.camminodonbosco.eu\/fr\/wp-json\/wp\/v2\/pages\/5631\/revisions"}],"wp:attachment":[{"href":"https:\/\/www.camminodonbosco.eu\/fr\/wp-json\/wp\/v2\/media?parent=5631"}],"curies":[{"name":"wp","href":"https:\/\/api.w.org\/{rel}","templated":true}]}}