{"id":5633,"date":"2022-07-08T11:01:12","date_gmt":"2022-07-08T09:01:12","guid":{"rendered":"https:\/\/www.camminodonbosco.eu\/pecetto-torinese\/"},"modified":"2024-01-07T11:58:41","modified_gmt":"2024-01-07T10:58:41","slug":"pecetto-torinese","status":"publish","type":"page","link":"https:\/\/www.camminodonbosco.eu\/fr\/pecetto-torinese\/","title":{"rendered":"Pecetto Torinese"},"content":{"rendered":"\n<p><strong>Pecetto Torinese<\/strong> compte environ 4 000 habitants et se trouve \u00e0 11 km de Turin.<\/p>\n\n<p>C&rsquo;est un \u00e9tablissement d&rsquo;origine ancienne, comme en t\u00e9moignent les vestiges celtiques de l&rsquo;\u00c2ge du Fer (Bric San Viter) et de l&rsquo;\u00e9poque romaine. La fondation du village remonte au XIIIe si\u00e8cle, lorsqu&rsquo;il s&rsquo;est s\u00e9par\u00e9 de Chieri, dont les habitants de Pecetto sont revenus sous la juridiction en 1360, avant de passer sous le contr\u00f4le des Savoie et de divers seigneurs f\u00e9odaux. <\/p>\n\n<div style=\"height:30px\" aria-hidden=\"true\" class=\"wp-block-spacer\"><\/div>\n\n<h2 class=\"wp-block-heading\">Lieux d&rsquo;int\u00e9r\u00eat<\/h2>\n\n<p><strong>L&rsquo;\u00e9glise de S. Sebastiano<\/strong>, datant du d\u00e9but du XIIIe si\u00e8cle et construite en brique rouge dans un style entre le gothique et le roman, pr\u00e9sente trois nefs s\u00e9par\u00e9es par des piliers reli\u00e9s par des arcs. Les fresques des XVe et XVIe si\u00e8cles sont remarquables, notamment la prestigieuse Nativit\u00e9 de Jacopino Longo (1508) et la toile de la Vierge \u00e0 l&rsquo;Enfant parmi les saints Joseph, S\u00e9bastien, Fabien et Romuald, ainsi que &#8211; dans la vo\u00fbte en croix de la troisi\u00e8me trav\u00e9e de la nef gauche &#8211; quatre \u00e9pisodes de la L\u00e9gende du miracle de Santo Domingo de La Calzada. <\/p>\n\n<p><strong>L&rsquo;\u00e9glise de la Confr\u00e9rie du Tr\u00e8s Saint Nom de J\u00e9sus et des Battus Blancs<\/strong>, datant de la premi\u00e8re moiti\u00e9 du XVIIe si\u00e8cle, \u00e0 nef unique et ch\u0153ur rectangulaire, tire son nom de la couleur de la bure que portaient les religieux lors des c\u00e9r\u00e9monies. \u00c0 noter l&rsquo;escalier en pierre et la lourde porte en bois sculpt\u00e9 (1816). <\/p>\n\n<p><strong>L&rsquo;\u00e9glise paroissiale baroque de Santa Maria della Neve<\/strong>, construite selon les plans de Bernardo Antonio Vittone (1739), pr\u00e9sente 6 autels le long des parois lat\u00e9rales et un \u00e9l\u00e9gant ma\u00eetre-autel en marbre, provenant de l&rsquo;Ermitage des Camaldules, ainsi que plusieurs sculptures en bois. L&rsquo;orgue de 1778 est imposant et les peintures sont remarquables, notamment le tableau de Vittorio Amedeo Raptus (1783) et la toile repr\u00e9sentant Sainte Ursule. \u00c0 noter enfin la statue en papier m\u00e2ch\u00e9 de la Vierge en deuil, une \u0153uvre du XVIIIe si\u00e8cle.  <\/p>\n\n<p>L&rsquo;<strong>Ermitage des Camaldules<\/strong> a \u00e9t\u00e9 construit dans la premi\u00e8re moiti\u00e9 du XVIIe si\u00e8cle. Il abritait autrefois une grande abbaye de l&rsquo;Ordre des moines Camaldules, qui a connu une p\u00e9riode florissante, interrompue par la suppression des institutions religieuses voulue par Napol\u00e9on. Il a ensuite travers\u00e9 des si\u00e8cles d&rsquo;abandon progressif. Aujourd&rsquo;hui, ce beau plateau abrite une maison de retraite, tandis que la soi-disant Tour du Moulin est devenue la propri\u00e9t\u00e9 du SERMIG.  <\/p>\n","protected":false},"excerpt":{"rendered":"<p>Pecetto Torinese compte environ 4 000 habitants et se trouve \u00e0 11 km de Turin. C&rsquo;est un \u00e9tablissement d&rsquo;origine ancienne, comme en t\u00e9moignent les vestiges celtiques de l&rsquo;\u00c2ge du Fer (Bric San Viter) et de l&rsquo;\u00e9poque romaine. La fondation du village remonte au XIIIe si\u00e8cle, lorsqu&rsquo;il s&rsquo;est s\u00e9par\u00e9 de Chieri, dont les habitants de Pecetto [&hellip;]<\/p>\n","protected":false},"author":1,"featured_media":0,"parent":0,"menu_order":0,"comment_status":"closed","ping_status":"closed","template":"","meta":{"footnotes":""},"class_list":["post-5633","page","type-page","status-publish","hentry"],"_links":{"self":[{"href":"https:\/\/www.camminodonbosco.eu\/fr\/wp-json\/wp\/v2\/pages\/5633","targetHints":{"allow":["GET"]}}],"collection":[{"href":"https:\/\/www.camminodonbosco.eu\/fr\/wp-json\/wp\/v2\/pages"}],"about":[{"href":"https:\/\/www.camminodonbosco.eu\/fr\/wp-json\/wp\/v2\/types\/page"}],"author":[{"embeddable":true,"href":"https:\/\/www.camminodonbosco.eu\/fr\/wp-json\/wp\/v2\/users\/1"}],"replies":[{"embeddable":true,"href":"https:\/\/www.camminodonbosco.eu\/fr\/wp-json\/wp\/v2\/comments?post=5633"}],"version-history":[{"count":0,"href":"https:\/\/www.camminodonbosco.eu\/fr\/wp-json\/wp\/v2\/pages\/5633\/revisions"}],"wp:attachment":[{"href":"https:\/\/www.camminodonbosco.eu\/fr\/wp-json\/wp\/v2\/media?parent=5633"}],"curies":[{"name":"wp","href":"https:\/\/api.w.org\/{rel}","templated":true}]}}