{"id":5635,"date":"2022-07-08T11:01:35","date_gmt":"2022-07-08T09:01:35","guid":{"rendered":"https:\/\/www.camminodonbosco.eu\/pino-torinese\/"},"modified":"2024-01-07T12:03:33","modified_gmt":"2024-01-07T11:03:33","slug":"pino-torinese","status":"publish","type":"page","link":"https:\/\/www.camminodonbosco.eu\/fr\/pino-torinese\/","title":{"rendered":"Pino Torinese"},"content":{"rendered":"\n<p><strong>Pino Torinese<\/strong> se trouve \u00e0 11 km de Turin et compte environ 8 400 habitants, r\u00e9partis entre le centre-ville et divers hameaux (Cento Croci, Monte Aman, San Felice, Strada dei Colli-Panoramica, Tetti Gilardi, Tetti Menzio, Tetti Miglioretti et Valle Ceppi). Le chef-lieu est situ\u00e9 entre la colline de Montosolo et la colline <strong>appel\u00e9e<\/strong> <em><strong>Bric della Torre rotonda<\/strong><\/em>, o\u00f9 se trouvent l&rsquo;Observatoire astronomique et le Mus\u00e9e Infini-To. Sur le Colle di Montosolo se dressait autrefois un ch\u00e2teau, aujourd&rsquo;hui r\u00e9duit aux vestiges d&rsquo;une tour carr\u00e9e.  <\/p>\n\n<p>Le premier noyau habit\u00e9 remonterait au IIIe-IVe si\u00e8cle apr\u00e8s J.-C., mais les premi\u00e8res mentions document\u00e9es datent de 996, faisant r\u00e9f\u00e9rence \u00e0 une chapelle desservie par les moines de Nonantola et \u00e0 une maison forte sur la colline de Montosolo. Cette derni\u00e8re a \u00e9t\u00e9 fortifi\u00e9e par les Savoie vers 1250 et le village a commenc\u00e9 \u00e0 s&rsquo;\u00e9tendre autour d&rsquo;elle. Comme les villages voisins, Pino a connu une p\u00e9riode difficile marqu\u00e9e par les guerres contre les Fran\u00e7ais et aggrav\u00e9e par les \u00e9pid\u00e9mies de peste, jusqu&rsquo;\u00e0 sa soumission d\u00e9finitive aux Savoie. Depuis lors, il a suivi l&rsquo;histoire de Turin, d\u00e9veloppant d&rsquo;abord une \u00e9conomie principalement agricole, enrichie par les \u00ab\u00a0<em><strong>vignes<\/strong><\/em>\u00a0\u00bb estivales des familles nobles. Par la suite, il a d\u00e9velopp\u00e9 une vocation r\u00e9sidentielle appr\u00e9ci\u00e9e, conservant des caract\u00e9ristiques paysag\u00e8res particuli\u00e8res. Une partie du territoire est incluse dans le <strong>Parc Naturel de la Colline Turinoise<\/strong>. Depuis 2016, le territoire est reconnu comme un site d&rsquo;int\u00e9r\u00eat <strong>MAB de l&rsquo;Unesco<\/strong>.      <\/p>\n\n<div style=\"height:30px\" aria-hidden=\"true\" class=\"wp-block-spacer\"><\/div>\n\n<h2 class=\"wp-block-heading\">Lieux d&rsquo;int\u00e9r\u00eat<\/h2>\n\n<p>L&rsquo;<strong>\u00e9glise paroissiale de la Santissima Annunziata<\/strong> (vers 1250), situ\u00e9e dans l&rsquo;une des zones les plus \u00e9lev\u00e9es de Pino Torinese (sur le parvis se trouvent un cypr\u00e8s centenaire et un belv\u00e9d\u00e8re exceptionnel) ainsi que le <strong>Monast\u00e8re des Carm\u00e9lites<\/strong>, sont des exemples suggestifs du baroque pi\u00e9montais.<\/p>\n\n<p>Sous la direction des Carm\u00e9lites de 1490 jusqu&rsquo;\u00e0 leur suppression par Napol\u00e9on en 1802, l&rsquo;\u00e9glise &#8211; dans son architecture actuelle avec le couvent attenant &#8211; date de la seconde moiti\u00e9 du XVIIe si\u00e8cle. \u00c0 l&rsquo;int\u00e9rieur, on trouve un ch\u0153ur en bois du XVe si\u00e8cle et de nombreuses stucs r\u00e9alis\u00e9s par les m\u00eames artisans qui ont travaill\u00e9 \u00e0 la Reggia di Venaria Reale. L&rsquo;orgue Vegezzi Bossi date de 1858.<\/p>\n\n<p>La <strong>Tour de Montosolo<\/strong> \u00e0 Torre Pino, o\u00f9 se trouvait le plus ancien noyau de l&rsquo;actuel Pino Torinese. D&rsquo;origine m\u00e9di\u00e9vale, elle est situ\u00e9e dans une position strat\u00e9gique (militaire, commerciale et politique) entre Turin et Chieri. \u00c9rig\u00e9e sur un rocher de forme carr\u00e9e, la partie inf\u00e9rieure est construite en blocs de pierre, le reste en grandes briques.  <\/p>\n\n<p>Le <strong>Castelvecchio<\/strong>, un b\u00e2timent carr\u00e9 et solide, dont la fa\u00e7ade, sobrement d\u00e9cor\u00e9e d&rsquo;une corniche soutenue par des consoles, ne pr\u00e9sente pas de cr\u00e9neaux et les coins sont pourvus de belv\u00e9d\u00e8res ou de gu\u00e9rites, plus pour l&rsquo;ornement que pour la d\u00e9fense. L&rsquo;int\u00e9rieur abrite au rez-de-chauss\u00e9e une salle de style n\u00e9o-m\u00e9di\u00e9val. Les fresques de l&rsquo;escalier sont originales et datent de la fin du XVIIe si\u00e8cle et du d\u00e9but du XVIIIe si\u00e8cle. Un passage couvert relie le \u00ab\u00a0ch\u00e2teau\u00a0\u00bb aux chorales de la chapelle qui donne sur la Via S. Felice, riche en peintures baroques.   <\/p>\n\n<p><strong>Parco Astronomico Infini-TO<\/strong><\/p>\n\n<p>(Tel. 011 8118740 <a rel=\"noreferrer noopener\" href=\"http:\/\/www.planetarioditorino.it\/\" target=\"_blank\">www.planetarioditorino.it<\/a> \u2013 <a href=\"mailto:info@planetarioditorino.it\">info@planetarioditorino.it<\/a>).  <\/p>\n\n<p>Situ\u00e9 sur la colline de la Torre Rotonda \u00e0 620 m\u00e8tres d&rsquo;altitude, le <strong>Plan\u00e9tarium de Turin<\/strong> et le <strong>Mus\u00e9e de l&rsquo;Astronomie et de l&rsquo;Espace<\/strong> sont adjacents \u00e0 l&rsquo;<strong>Observatoire Astronomique<\/strong>, initialement situ\u00e9 au centre de Turin puis transf\u00e9r\u00e9 \u00e0 Pino Torinese entre 1907 et 1912. Le plan\u00e9tarium est situ\u00e9 \u00e0 l&rsquo;int\u00e9rieur du mus\u00e9e et compte 98 places. En utilisant les techniques d&rsquo;exposition modernes bas\u00e9es sur l&rsquo;interactivit\u00e9, il offre au public les connaissances les plus avanc\u00e9es sur l&rsquo;Univers. En plus de la collection du mus\u00e9e, il est possible d&rsquo;assister \u00e0 des spectacles dans le plan\u00e9tarium num\u00e9rique, de suivre des visites guid\u00e9es, des parcours de formation et de participer \u00e0 des exp\u00e9riences scientifiques en prenant part \u00e0 des ateliers.   <\/p>\n\n<p><strong>Mus\u00e9e des Fermes et de la culture mat\u00e9rielle<\/strong><\/p>\n\n<p>(Piazzale Boglione, Valle Ceppi &#8211; Tel 333 2743291 <a href=\"about:blank\">muscovol@gmail.com<\/a>)<\/p>\n\n<p>Le mus\u00e9e adopte la rotation des saisons agricoles comme crit\u00e8re d&rsquo;exposition, recueillant, restaurant et pr\u00e9sentant des objets li\u00e9s \u00e0 l&rsquo;histoire locale. Il est g\u00e9r\u00e9 par le Forum du Volontariat &#8211; Sportello Scuola Volontariato. <\/p>\n\n<p>Pr\u00e8s du mus\u00e9e se trouve l&rsquo;<strong>\u00e9glise de la Beata Vergine delle Grazie<\/strong>, construite en 1630 en reconnaissance de l&rsquo;immunit\u00e9 \u00e0 la peste. Elle abrite une pr\u00e9cieuse toile de 1752. <\/p>\n","protected":false},"excerpt":{"rendered":"<p>Pino Torinese se trouve \u00e0 11 km de Turin et compte environ 8 400 habitants, r\u00e9partis entre le centre-ville et divers hameaux (Cento Croci, Monte Aman, San Felice, Strada dei Colli-Panoramica, Tetti Gilardi, Tetti Menzio, Tetti Miglioretti et Valle Ceppi). Le chef-lieu est situ\u00e9 entre la colline de Montosolo et la colline appel\u00e9e Bric della [&hellip;]<\/p>\n","protected":false},"author":1,"featured_media":0,"parent":0,"menu_order":0,"comment_status":"closed","ping_status":"closed","template":"","meta":{"footnotes":""},"class_list":["post-5635","page","type-page","status-publish","hentry"],"_links":{"self":[{"href":"https:\/\/www.camminodonbosco.eu\/fr\/wp-json\/wp\/v2\/pages\/5635","targetHints":{"allow":["GET"]}}],"collection":[{"href":"https:\/\/www.camminodonbosco.eu\/fr\/wp-json\/wp\/v2\/pages"}],"about":[{"href":"https:\/\/www.camminodonbosco.eu\/fr\/wp-json\/wp\/v2\/types\/page"}],"author":[{"embeddable":true,"href":"https:\/\/www.camminodonbosco.eu\/fr\/wp-json\/wp\/v2\/users\/1"}],"replies":[{"embeddable":true,"href":"https:\/\/www.camminodonbosco.eu\/fr\/wp-json\/wp\/v2\/comments?post=5635"}],"version-history":[{"count":0,"href":"https:\/\/www.camminodonbosco.eu\/fr\/wp-json\/wp\/v2\/pages\/5635\/revisions"}],"wp:attachment":[{"href":"https:\/\/www.camminodonbosco.eu\/fr\/wp-json\/wp\/v2\/media?parent=5635"}],"curies":[{"name":"wp","href":"https:\/\/api.w.org\/{rel}","templated":true}]}}