{"id":5643,"date":"2022-07-08T11:03:05","date_gmt":"2022-07-08T09:03:05","guid":{"rendered":"https:\/\/www.camminodonbosco.eu\/riva-presso-chieri\/"},"modified":"2024-01-07T12:09:12","modified_gmt":"2024-01-07T11:09:12","slug":"riva-presso-chieri","status":"publish","type":"page","link":"https:\/\/www.camminodonbosco.eu\/fr\/riva-presso-chieri\/","title":{"rendered":"Riva presso Chieri"},"content":{"rendered":"\n<p><strong>Riva presso Chieri<\/strong> compte environ 4 800 habitants et se trouve \u00e0 22 km de Turin.<\/p>\n\n<p>Elle \u00e9tait la seigneurie des Biandrate d\u00e8s 1152, puis elle a suivi l&rsquo;histoire de la commune de Chieri, qu&rsquo;elle a \u00e9t\u00e9 acquise en 1223. Sous le domaine des Savoie depuis la fin du XIVe si\u00e8cle, elle a ensuite \u00e9t\u00e9 acquise par le comte Grosso de Bruzolo, incendi\u00e9e par les Fran\u00e7ais en 1691, puis, avec l&rsquo;extinction des Grosso, elle a \u00e9t\u00e9 destin\u00e9e en 1785 \u00e0 Vittorio Emanuele, duc d&rsquo;Aoste. <\/p>\n\n<div style=\"height:30px\" aria-hidden=\"true\" class=\"wp-block-spacer\"><\/div>\n\n<h2 class=\"wp-block-heading\">Lieux d&rsquo;int\u00e9r\u00eat<\/h2>\n\n<p>L&rsquo;<strong>\u00e9glise paroissiale de la Vierge Marie Assompt\u00e9e<\/strong>, agrandie en 1760 selon les plans de Bernardo Vittone, le <strong>Sanctuaire de Notre-Dame de la Fontaine<\/strong> (1777) et le <strong>Palais Grosso<\/strong>, construit au XVIIIe si\u00e8cle par les comtes Grosso de Brozolo, qui abrite de pr\u00e9cieuses fresques de la fin du XVIIIe si\u00e8cle et qui sert de si\u00e8ge \u00e0 l&rsquo;administration communale depuis 1855.<\/p>\n\n<p>Le <strong>Mus\u00e9e civil du Paysage sonore<\/strong>, dans l&rsquo;historique palais Grosso, qui conserve une collection unique et extraordinaire d&rsquo;instruments de la tradition populaire du territoire, un patrimoine constitu\u00e9 de sons, de m\u00e9lodies, de r\u00e9cits, de m\u00e9moire et de savoirs de la culture mat\u00e9rielle et immat\u00e9rielle (INFO Tel 011 5211788 \u2013 <a href=\"mailto:info@museopaesaggiosonoro.it\" target=\"_blank\" rel=\"noreferrer noopener\">info@museopaesaggiosonoro.it<\/a>)<\/p>\n","protected":false},"excerpt":{"rendered":"<p>Riva presso Chieri compte environ 4 800 habitants et se trouve \u00e0 22 km de Turin. Elle \u00e9tait la seigneurie des Biandrate d\u00e8s 1152, puis elle a suivi l&rsquo;histoire de la commune de Chieri, qu&rsquo;elle a \u00e9t\u00e9 acquise en 1223. Sous le domaine des Savoie depuis la fin du XIVe si\u00e8cle, elle a ensuite \u00e9t\u00e9 [&hellip;]<\/p>\n","protected":false},"author":1,"featured_media":0,"parent":0,"menu_order":0,"comment_status":"closed","ping_status":"closed","template":"","meta":{"footnotes":""},"class_list":["post-5643","page","type-page","status-publish","hentry"],"_links":{"self":[{"href":"https:\/\/www.camminodonbosco.eu\/fr\/wp-json\/wp\/v2\/pages\/5643","targetHints":{"allow":["GET"]}}],"collection":[{"href":"https:\/\/www.camminodonbosco.eu\/fr\/wp-json\/wp\/v2\/pages"}],"about":[{"href":"https:\/\/www.camminodonbosco.eu\/fr\/wp-json\/wp\/v2\/types\/page"}],"author":[{"embeddable":true,"href":"https:\/\/www.camminodonbosco.eu\/fr\/wp-json\/wp\/v2\/users\/1"}],"replies":[{"embeddable":true,"href":"https:\/\/www.camminodonbosco.eu\/fr\/wp-json\/wp\/v2\/comments?post=5643"}],"version-history":[{"count":0,"href":"https:\/\/www.camminodonbosco.eu\/fr\/wp-json\/wp\/v2\/pages\/5643\/revisions"}],"wp:attachment":[{"href":"https:\/\/www.camminodonbosco.eu\/fr\/wp-json\/wp\/v2\/media?parent=5643"}],"curies":[{"name":"wp","href":"https:\/\/api.w.org\/{rel}","templated":true}]}}