{"id":5645,"date":"2022-07-08T11:03:33","date_gmt":"2022-07-08T09:03:33","guid":{"rendered":"https:\/\/www.camminodonbosco.eu\/santena\/"},"modified":"2024-01-07T12:10:59","modified_gmt":"2024-01-07T11:10:59","slug":"santena","status":"publish","type":"page","link":"https:\/\/www.camminodonbosco.eu\/fr\/santena\/","title":{"rendered":"Santena"},"content":{"rendered":"\n<p><strong>Santena<\/strong> compte environ 10 500 habitants et se trouve \u00e0 22 km de Turin. C&rsquo;est un \u00e9tablissement d&rsquo;origine ancienne, comme en t\u00e9moignent des vestiges des premiers si\u00e8cles de l&rsquo;\u00e8re chr\u00e9tienne. Objet de longs litiges entre les chanoines de San Salvatore de Turin et la commune de Chieri, elle est pass\u00e9e aux Savoie en 1351 et a ensuite \u00e9t\u00e9 pill\u00e9e par les Fran\u00e7ais, puis a connu des \u00e9pid\u00e9mies de peste et des famines, avant de retourner sous la domination de la Maison de Savoie. <\/p>\n\n<div style=\"height:30px\" aria-hidden=\"true\" class=\"wp-block-spacer\"><\/div>\n\n<h2 class=\"wp-block-heading\">Lieux d&rsquo;int\u00e9r\u00eat<\/h2>\n\n<p>Le <strong>Complexe Cavourien<\/strong>, comprenant la r\u00e9sidence des marquis Benso di Cavour, riche en souvenirs historiques, biblioth\u00e8ques, archives et mobilier (XVIIIe si\u00e8cle), le <strong>parc<\/strong> \u00e0 l&rsquo;anglaise et la chapelle abritant la <strong>tombe du grand homme d&rsquo;\u00c9tat Camillo Cavour<\/strong>, construite en 1861. L&rsquo;ancien <strong>ch\u00e2teau de San Salva<\/strong> (XIIIe si\u00e8cle) de forme carr\u00e9e avec trois petites tours, qui s&rsquo;\u00e9l\u00e8ve sur une colline.<\/p>\n\n<p>Le <strong>M\u00e9morial Cavour<\/strong> (mus\u00e9e d\u00e9di\u00e9 \u00e0 l&rsquo;homme d&rsquo;\u00c9tat pi\u00e9montais et \u00e0 l&rsquo;histoire du Risorgimento) &#8211; Piazza Visconti Venosta n.2<\/p>\n\n<p>Tel 011 597373 e-mail <a href=\"mailto:info@fondazionecavour.it\">info@fondazionecavour.it<\/a><\/p>\n","protected":false},"excerpt":{"rendered":"<p>Santena compte environ 10 500 habitants et se trouve \u00e0 22 km de Turin. C&rsquo;est un \u00e9tablissement d&rsquo;origine ancienne, comme en t\u00e9moignent des vestiges des premiers si\u00e8cles de l&rsquo;\u00e8re chr\u00e9tienne. Objet de longs litiges entre les chanoines de San Salvatore de Turin et la commune de Chieri, elle est pass\u00e9e aux Savoie en 1351 et [&hellip;]<\/p>\n","protected":false},"author":1,"featured_media":0,"parent":0,"menu_order":0,"comment_status":"closed","ping_status":"closed","template":"","meta":{"footnotes":""},"class_list":["post-5645","page","type-page","status-publish","hentry"],"_links":{"self":[{"href":"https:\/\/www.camminodonbosco.eu\/fr\/wp-json\/wp\/v2\/pages\/5645","targetHints":{"allow":["GET"]}}],"collection":[{"href":"https:\/\/www.camminodonbosco.eu\/fr\/wp-json\/wp\/v2\/pages"}],"about":[{"href":"https:\/\/www.camminodonbosco.eu\/fr\/wp-json\/wp\/v2\/types\/page"}],"author":[{"embeddable":true,"href":"https:\/\/www.camminodonbosco.eu\/fr\/wp-json\/wp\/v2\/users\/1"}],"replies":[{"embeddable":true,"href":"https:\/\/www.camminodonbosco.eu\/fr\/wp-json\/wp\/v2\/comments?post=5645"}],"version-history":[{"count":0,"href":"https:\/\/www.camminodonbosco.eu\/fr\/wp-json\/wp\/v2\/pages\/5645\/revisions"}],"wp:attachment":[{"href":"https:\/\/www.camminodonbosco.eu\/fr\/wp-json\/wp\/v2\/media?parent=5645"}],"curies":[{"name":"wp","href":"https:\/\/api.w.org\/{rel}","templated":true}]}}