{"id":5647,"date":"2022-07-08T11:04:07","date_gmt":"2022-07-08T09:04:07","guid":{"rendered":"https:\/\/www.camminodonbosco.eu\/sciolze\/"},"modified":"2024-01-07T12:16:36","modified_gmt":"2024-01-07T11:16:36","slug":"sciolze","status":"publish","type":"page","link":"https:\/\/www.camminodonbosco.eu\/fr\/sciolze\/","title":{"rendered":"Sciolze"},"content":{"rendered":"\n<p><strong>Sciolze<\/strong> compte environ 1 500 habitants et est situ\u00e9e \u00e0 23 km de Turin. Le toponyme semble d\u00e9river du gentil\u00e9 latin \u00ab\u00a0<em>Sulcius<\/em>\u00ab\u00a0. Les premi\u00e8res traces d&rsquo;\u00e9tablissements humains sur le territoire vallonn\u00e9 de Sciolze &#8211; armes en pierre, haches, pointes de fl\u00e8ches &#8211; remontent au <strong>n\u00e9olithique tardif<\/strong>. Il a ensuite \u00e9t\u00e9 habit\u00e9 \u00e0 l&rsquo;<strong>\u00e9poque romaine<\/strong>, comme en t\u00e9moignent les d\u00e9couvertes arch\u00e9ologiques dans la r\u00e9gion de Castellaro. Avant l&rsquo;an 1000, le territoire a \u00e9t\u00e9 donn\u00e9 \u00e0 l&rsquo;Abbaye de Nonantola, puis en 1034, il a \u00e9t\u00e9 c\u00e9d\u00e9 aux Comtes de Biandrate, comme en t\u00e9moignent des documents conserv\u00e9s \u00e0 la Canonica di Vezzolano. Au Moyen \u00c2ge, le village se trouvait sur la <strong>colline de Fagnour<\/strong>. Au XIIIe si\u00e8cle, il est devenu une partie de la commune libre de Chieri. En 1312, le fief de Sciolze est pass\u00e9 aux Comtes Roero d&rsquo;Asti, puis en 1631, il a \u00e9t\u00e9 c\u00e9d\u00e9 au Duch\u00e9 de Savoie. En 1706, Sciolze a \u00e9t\u00e9 <strong>pill\u00e9e et partiellement d\u00e9truite par l&rsquo;arm\u00e9e fran\u00e7aise<\/strong>, avec la destruction du clocher. En 1814, \u00e0 la fin du r\u00e9gime napol\u00e9onien, elle est devenue le chef-lieu du district comprenant Avuglione, Bardassano, Cinzano, Marentino, Montaldo et Vernone.        <\/p>\n\n<p>En 1856, une foire annuelle a \u00e9t\u00e9 institu\u00e9e le premier mercredi de juin, puis d\u00e9plac\u00e9e en 1864 au lendemain de la f\u00eate de San Rocco &#8211; le 17 ao\u00fbt &#8211; date qui est rest\u00e9e inchang\u00e9e jusqu&rsquo;\u00e0 pr\u00e9sent.<\/p>\n\n<p>Au cours du XIXe si\u00e8cle, Sciolze est devenue une station baln\u00e9aire pris\u00e9e pour de nombreuses familles ais\u00e9es de Turin.<\/p>\n\n<div style=\"height:30px\" aria-hidden=\"true\" class=\"wp-block-spacer\"><\/div>\n\n<h2 class=\"wp-block-heading\">Lieux d&rsquo;int\u00e9r\u00eat<\/h2>\n\n<p>Le village de Sciolze est domin\u00e9 par une colline sur laquelle se trouvait autrefois le <strong>ch\u00e2teau de San Severino<\/strong> (autrefois si\u00e8ge des ex\u00e9cutions capitales), dont il ne reste que quelques vestiges des murs, maintenant transform\u00e9 en r\u00e9sidence noble.<\/p>\n\n<p>L&rsquo;ancienne <strong>\u00e9glise paroissiale de San Giovanni Battista<\/strong>, datant du XVe si\u00e8cle et remani\u00e9e jusqu&rsquo;en 1774 &#8211; ann\u00e9e de sa cons\u00e9cration &#8211; avec son autel majeur en pierre de Gassino, quatre sculptures sur bois du XVIIIe si\u00e8cle et une peinture repr\u00e9sentant le Bapt\u00eame de J\u00e9sus. \u00c0 proximit\u00e9 de l&rsquo;\u00e9glise paroissiale se trouve l&rsquo;<strong>\u00e9glise de la Confr\u00e9rie du Saint-Esprit<\/strong>, construite vers 1630.<\/p>\n\n<p>Depuis le sommet de la <strong>colline de Fagnour<\/strong> (480 m d&rsquo;altitude) &#8211; \u00e0 courte distance du village en direction de Bardassano &#8211; on peut profiter d&rsquo;une <strong>vue panoramique<\/strong> \u00e0 360 degr\u00e9s, offrant dans l&rsquo;ordre le Mont Rose, le Cervin, le Grand Paradis, le Rocciamelone, le Monviso jusqu&rsquo;aux Alpes ligures et \u00e0 la premi\u00e8re partie des Apennins. La <strong>chapelle de Santa Lucia<\/strong> &#8211; autrefois appel\u00e9e Santa Maria &#8211; qui \u00e9tait l&rsquo;ancienne paroisse de Sciolze jusqu&rsquo;au XVe si\u00e8cle (avec son cimeti\u00e8re adjacent) veille sur un amandier s\u00e9culaire. \u00c0 l&rsquo;int\u00e9rieur de l&rsquo;\u00e9glise, la pierre historique avec <strong>des inscriptions<\/strong> qui \u00e9tait initialement plac\u00e9e sur le parvis de l&rsquo;\u00e9glise est conserv\u00e9e.<\/p>\n\n<p>Un peu plus loin, sur la colline de Colle Fagnour, se trouve la <strong>Villa<\/strong>, une r\u00e9sidence historique rustique datant de la seconde moiti\u00e9 du XVIIe si\u00e8cle avec une magnifique salle d&rsquo;affres, une cave du XVIIe si\u00e8cle et un jardin qui lui vaut le surnom de Villa delle Rose (<a href=\"https:\/\/www.villailpalazzo.com\/\" data-type=\"URL\" data-id=\"https:\/\/www.villailpalazzo.com\/\" target=\"_blank\" rel=\"noreferrer noopener\">www.villailpalazzo.com<\/a>).<\/p>\n","protected":false},"excerpt":{"rendered":"<p>Sciolze compte environ 1 500 habitants et est situ\u00e9e \u00e0 23 km de Turin. Le toponyme semble d\u00e9river du gentil\u00e9 latin \u00ab\u00a0Sulcius\u00ab\u00a0. Les premi\u00e8res traces d&rsquo;\u00e9tablissements humains sur le territoire vallonn\u00e9 de Sciolze &#8211; armes en pierre, haches, pointes de fl\u00e8ches &#8211; remontent au n\u00e9olithique tardif. Il a ensuite \u00e9t\u00e9 habit\u00e9 \u00e0 l&rsquo;\u00e9poque romaine, comme [&hellip;]<\/p>\n","protected":false},"author":1,"featured_media":0,"parent":0,"menu_order":0,"comment_status":"closed","ping_status":"closed","template":"","meta":{"footnotes":""},"class_list":["post-5647","page","type-page","status-publish","hentry"],"_links":{"self":[{"href":"https:\/\/www.camminodonbosco.eu\/fr\/wp-json\/wp\/v2\/pages\/5647","targetHints":{"allow":["GET"]}}],"collection":[{"href":"https:\/\/www.camminodonbosco.eu\/fr\/wp-json\/wp\/v2\/pages"}],"about":[{"href":"https:\/\/www.camminodonbosco.eu\/fr\/wp-json\/wp\/v2\/types\/page"}],"author":[{"embeddable":true,"href":"https:\/\/www.camminodonbosco.eu\/fr\/wp-json\/wp\/v2\/users\/1"}],"replies":[{"embeddable":true,"href":"https:\/\/www.camminodonbosco.eu\/fr\/wp-json\/wp\/v2\/comments?post=5647"}],"version-history":[{"count":0,"href":"https:\/\/www.camminodonbosco.eu\/fr\/wp-json\/wp\/v2\/pages\/5647\/revisions"}],"wp:attachment":[{"href":"https:\/\/www.camminodonbosco.eu\/fr\/wp-json\/wp\/v2\/media?parent=5647"}],"curies":[{"name":"wp","href":"https:\/\/api.w.org\/{rel}","templated":true}]}}