{"id":5649,"date":"2023-09-08T18:12:14","date_gmt":"2023-09-08T16:12:14","guid":{"rendered":"https:\/\/www.camminodonbosco.eu\/trofarello\/"},"modified":"2024-02-26T11:57:56","modified_gmt":"2024-02-26T10:57:56","slug":"trofarello","status":"publish","type":"page","link":"https:\/\/www.camminodonbosco.eu\/fr\/trofarello\/","title":{"rendered":"Trofarello"},"content":{"rendered":"\n<p>Les attestations m\u00e9di\u00e9vales mentionnent Trofarellus, avec des variantes en Troffarellus, Trufarellus, Tropharellus, d\u00e9rivant tr\u00e8s probablement de \u00ab\u00a0truffare\u00a0\u00bb (tromper). Le toponyme fait en effet partie de cette s\u00e9rie de noms de lieu qui se r\u00e9f\u00e8rent \u00e0 des activit\u00e9s trompeuses ou de banditisme, souvent favoris\u00e9es par la position isol\u00e9e de l&rsquo;\u00e9tablissement. Ses origines sont tr\u00e8s anciennes, comme en t\u00e9moigne la d\u00e9couverte de vestiges du <a href=\"http:\/\/www.italiapedia.it\/neolitica_appr_2894_comune-di-trofarello_001-280\">N\u00e9olithique<\/a> et de fibules en bronze du IIe si\u00e8cle av. J.-C., ainsi que d&rsquo;ensembles fun\u00e9raires et de vestiges de murs t\u00e9moignant de la pr\u00e9sence romaine dans la r\u00e9gion.   Vers la fin du Xe si\u00e8cle, il est devenu partie int\u00e9grante du territoire arduinique, mais avec l&rsquo;affirmation du pouvoir des \u00e9v\u00eaques, il a \u00e9t\u00e9 donn\u00e9 \u00e0 l&rsquo;\u00e9v\u00eaque de Turin. Int\u00e9gr\u00e9 pendant longtemps dans le comt\u00e9 de Celle, au XIIIe si\u00e8cle, il a \u00e9t\u00e9 donn\u00e9 en fief aux Vagnone, qui se sont soumis \u00e0 la commune de Chieri et ont re\u00e7u leur investiture. <\/p>\n\n<div style=\"height:30px\" aria-hidden=\"true\" class=\"wp-block-spacer\"><\/div>\n\n<h2 class=\"wp-block-heading\">Lieux d&rsquo;int\u00e9r\u00eat<\/h2>\n\n<p>D&rsquo;un grand int\u00e9r\u00eat historique est le <strong>ch\u00e2teau<\/strong>, probablement construit au Xe si\u00e8cle sur une colline encore appel\u00e9e aujourd&rsquo;hui Castass (ch\u00e2teau), il a \u00e9t\u00e9 restaur\u00e9 au XVIIIe si\u00e8cle pour devenir une r\u00e9sidence noble : seule la tour en est encore intacte. Au XIXe si\u00e8cle, une partie du ch\u00e2teau appartenait au <a href=\"http:\/\/www.italiapedia.it\/conte-camillo-benso-di-cavour_appr_2878_comune-di-trofarello_001-280\">comte Camillo Benso di Cavour<\/a>, qui y a apport\u00e9 quelques modifications, comme l&rsquo;ajout du parc.  Dans le b\u00e2timent principal se trouve la chapelle de San Rocco, de la seconde moiti\u00e9 du XVIIIe si\u00e8cle, selon certains, con\u00e7ue par <a href=\"http:\/\/www.italiapedia.it\/juvarra_appr_2759_comune-di-trofarello_001-280\">Juvarra<\/a>.<\/p>\n\n<p>Il convient \u00e9galement de noter l&rsquo;ancienne <strong>\u00e9glise paroissiale des Saints Quirico et Giulitta<\/strong>, construite en 1907 sur les ruines d&rsquo;une ancienne \u00e9glise des moines Augustins, ainsi que l&rsquo;<strong>\u00e9glise Santa Croce<\/strong> (1679) et la petite <strong>\u00e9glise de San Giuseppe<\/strong>, \u00e9galement construite au d\u00e9but du XVIIIe si\u00e8cle. D&rsquo;autres b\u00e2timents dignes de mention se trouvent dans l&rsquo;ancien comt\u00e9 de Celle : le <strong>ch\u00e2teau de Rivera<\/strong>, construit au d\u00e9but du XIVe si\u00e8cle par la volont\u00e9 de la commune de Chieri, les vestiges de l&rsquo;ancienne \u00e9glise de San Pietro di Celle et le sanctuaire du XVIIIe si\u00e8cle <strong>de la Madonna di Celle<\/strong>, avec son beau clocher roman sur les murs duquel est grav\u00e9e la Croix de Tau &#8211; en forme de poin\u00e7on &#8211; semblable \u00e0 la lettre grecque Tau.<\/p>\n","protected":false},"excerpt":{"rendered":"<p>Les attestations m\u00e9di\u00e9vales mentionnent Trofarellus, avec des variantes en Troffarellus, Trufarellus, Tropharellus, d\u00e9rivant tr\u00e8s probablement de \u00ab\u00a0truffare\u00a0\u00bb (tromper). Le toponyme fait en effet partie de cette s\u00e9rie de noms de lieu qui se r\u00e9f\u00e8rent \u00e0 des activit\u00e9s trompeuses ou de banditisme, souvent favoris\u00e9es par la position isol\u00e9e de l&rsquo;\u00e9tablissement. Ses origines sont tr\u00e8s anciennes, comme [&hellip;]<\/p>\n","protected":false},"author":1,"featured_media":0,"parent":0,"menu_order":0,"comment_status":"closed","ping_status":"closed","template":"","meta":{"footnotes":""},"class_list":["post-5649","page","type-page","status-publish","hentry"],"_links":{"self":[{"href":"https:\/\/www.camminodonbosco.eu\/fr\/wp-json\/wp\/v2\/pages\/5649","targetHints":{"allow":["GET"]}}],"collection":[{"href":"https:\/\/www.camminodonbosco.eu\/fr\/wp-json\/wp\/v2\/pages"}],"about":[{"href":"https:\/\/www.camminodonbosco.eu\/fr\/wp-json\/wp\/v2\/types\/page"}],"author":[{"embeddable":true,"href":"https:\/\/www.camminodonbosco.eu\/fr\/wp-json\/wp\/v2\/users\/1"}],"replies":[{"embeddable":true,"href":"https:\/\/www.camminodonbosco.eu\/fr\/wp-json\/wp\/v2\/comments?post=5649"}],"version-history":[{"count":0,"href":"https:\/\/www.camminodonbosco.eu\/fr\/wp-json\/wp\/v2\/pages\/5649\/revisions"}],"wp:attachment":[{"href":"https:\/\/www.camminodonbosco.eu\/fr\/wp-json\/wp\/v2\/media?parent=5649"}],"curies":[{"name":"wp","href":"https:\/\/api.w.org\/{rel}","templated":true}]}}