{"id":5651,"date":"2022-07-14T16:05:37","date_gmt":"2022-07-14T14:05:37","guid":{"rendered":"https:\/\/www.camminodonbosco.eu\/albugnano\/"},"modified":"2024-02-25T17:09:14","modified_gmt":"2024-02-25T16:09:14","slug":"albugnano","status":"publish","type":"page","link":"https:\/\/www.camminodonbosco.eu\/fr\/albugnano\/","title":{"rendered":"Albugnano"},"content":{"rendered":"\n<p><strong>Albugnano<\/strong> compte plus de 530 habitants et est situ\u00e9e \u00e0 34 km de Turin. Le village a \u00e9t\u00e9 fortifi\u00e9 par les Marquis de Montferrat, mais de ses murs &#8211; d\u00e9truits par les Fran\u00e7ais &#8211; il ne reste aucune trace. L&rsquo;histoire de la commune est \u00e9troitement li\u00e9e \u00e0 celle de la Canonica di Vezzolano, qui revendiquait des droits sur le territoire, progressivement c\u00e9d\u00e9s \u00e0 divers feudataires. Pass\u00e9 aux Savoie \u00e0 partir du XVIIe si\u00e8cle, le village est devenu une seigneurie des chanoines jusqu&rsquo;en 1800, ann\u00e9e o\u00f9 les institutions religieuses ont \u00e9t\u00e9 supprim\u00e9es par Napol\u00e9on Bonaparte.<\/p>\n\n<div style=\"height:30px\" aria-hidden=\"true\" class=\"wp-block-spacer\"><\/div>\n\n<h2 class=\"wp-block-heading\">Lieux d&rsquo;int\u00e9r\u00eat<\/h2>\n\n<p>La <strong>Canonica di Vezzolano<\/strong>, un complexe religieux de style roman avec des \u00e9l\u00e9ments gothiques, est l&rsquo;un des monuments m\u00e9di\u00e9vaux les plus importants du Pi\u00e9mont. Commun\u00e9ment appel\u00e9e l&rsquo;<strong>Abbaye de Vezzolano<\/strong>, bien qu&rsquo;il s&rsquo;agisse &#8211; du moins dans la seconde partie de son histoire &#8211; d&rsquo;une <em>canonique<\/em>, o\u00f9 les membres du clerg\u00e9 s\u00e9culier &#8211; donc pas de moines &#8211; menaient une vie commune. Elle a \u00e9t\u00e9 construite entre le XIIe et le XIIIe si\u00e8cle et a ensuite \u00e9t\u00e9 remani\u00e9e. La <strong>fa\u00e7ade<\/strong> comporte trois ordres de colonnes diff\u00e9rents : les deux premiers surmont\u00e9s de linteaux, le dernier d&rsquo;arcades. Dans le tympan du portail, une sculpture repr\u00e9sente la Vierge en majest\u00e9 entre un ange et un d\u00e9vot, tandis que devant la fen\u00eatre centrale de l&rsquo;abside, dans la correspondance de la fen\u00eatre jumelle du deuxi\u00e8me ordre de colonnes, nous pouvons admirer le R\u00e9dempteur entre deux anges. La <strong>d\u00e9coration sculpturale<\/strong> contient de v\u00e9ritables chefs-d&rsquo;\u0153uvre, comme les <strong>figures de l&rsquo;Annonciation<\/strong> de chaque c\u00f4t\u00e9 de la petite fen\u00eatre centrale de l&rsquo;abside. L&rsquo;\u00e9l\u00e9ment sculptural le plus int\u00e9ressant est le <strong>grand jub\u00e9<\/strong>, une cloison d\u00e9cor\u00e9e de sculptures en haut-relief, qui s\u00e9parait \u00e0 l&rsquo;int\u00e9rieur de la nef centrale la zone r\u00e9serv\u00e9e au clerg\u00e9 de celle o\u00f9 se trouvaient les fid\u00e8les simples. Dans la <strong>d\u00e9coration picturale du clo\u00eetre<\/strong>, la <em>Vierge en majest\u00e9<\/em>, l&rsquo;<em>Adoration des Mages<\/em> et la <em>Confrontation entre trois vivants et trois morts<\/em> sont particuli\u00e8rement int\u00e9ressantes.<\/p>\n\n<p>Les services d&rsquo;ouverture et d&rsquo;accueil des visiteurs de la Canonica di Vezzolano sont assur\u00e9s par les b\u00e9n\u00e9voles du R\u00e9seau Romanique de Collina (association InCollina).<\/p>\n\n<p>L&rsquo;<strong>\u00e9glise de<\/strong> <strong>S. Giacomo Maggiore<\/strong> (XVe si\u00e8cle), qui abrite des toiles de Guglielmo Caccia, dit le Moncalvo, et un retable des Solari. Dans le cimeti\u00e8re se trouve l&rsquo;ancienne \u00e9glise romane de S. Pietro.<\/p>\n\n<p><\/p>\n","protected":false},"excerpt":{"rendered":"<p>Albugnano compte plus de 530 habitants et est situ\u00e9e \u00e0 34 km de Turin. Le village a \u00e9t\u00e9 fortifi\u00e9 par les Marquis de Montferrat, mais de ses murs &#8211; d\u00e9truits par les Fran\u00e7ais &#8211; il ne reste aucune trace. L&rsquo;histoire de la commune est \u00e9troitement li\u00e9e \u00e0 celle de la Canonica di Vezzolano, qui revendiquait [&hellip;]<\/p>\n","protected":false},"author":1,"featured_media":0,"parent":0,"menu_order":0,"comment_status":"closed","ping_status":"closed","template":"","meta":{"footnotes":""},"class_list":["post-5651","page","type-page","status-publish","hentry"],"_links":{"self":[{"href":"https:\/\/www.camminodonbosco.eu\/fr\/wp-json\/wp\/v2\/pages\/5651","targetHints":{"allow":["GET"]}}],"collection":[{"href":"https:\/\/www.camminodonbosco.eu\/fr\/wp-json\/wp\/v2\/pages"}],"about":[{"href":"https:\/\/www.camminodonbosco.eu\/fr\/wp-json\/wp\/v2\/types\/page"}],"author":[{"embeddable":true,"href":"https:\/\/www.camminodonbosco.eu\/fr\/wp-json\/wp\/v2\/users\/1"}],"replies":[{"embeddable":true,"href":"https:\/\/www.camminodonbosco.eu\/fr\/wp-json\/wp\/v2\/comments?post=5651"}],"version-history":[{"count":0,"href":"https:\/\/www.camminodonbosco.eu\/fr\/wp-json\/wp\/v2\/pages\/5651\/revisions"}],"wp:attachment":[{"href":"https:\/\/www.camminodonbosco.eu\/fr\/wp-json\/wp\/v2\/media?parent=5651"}],"curies":[{"name":"wp","href":"https:\/\/api.w.org\/{rel}","templated":true}]}}