{"id":5655,"date":"2022-07-08T10:55:42","date_gmt":"2022-07-08T08:55:42","guid":{"rendered":"https:\/\/www.camminodonbosco.eu\/baldissero-torinese\/"},"modified":"2024-01-07T13:08:53","modified_gmt":"2024-01-07T12:08:53","slug":"baldissero-torinese","status":"publish","type":"page","link":"https:\/\/www.camminodonbosco.eu\/fr\/baldissero-torinese\/","title":{"rendered":"Baldissero Torinese"},"content":{"rendered":"\n<p><strong>Baldissero Torinese<\/strong> compte plus de 3 700 habitants et est situ\u00e9e \u00e0 14 km de Turin.<\/p>\n\n<p>Le premier \u00e9tablissement, d&rsquo;origine ancienne, est situ\u00e9 sur le <em><strong>Bric Paluch<\/strong><\/em> actuel, pr\u00e9c\u00e9demment appel\u00e9 <em>Malloch<\/em> puis <em>Albacherio<\/em> ou <em>Alba Cherii<\/em>. Domin\u00e9 au Moyen \u00c2ge par l&rsquo;Ordre de S. Leonardo, il fut d\u00e9truit et les habitants se dispers\u00e8rent vers Superga, Rivodora et le centre historique actuel, o\u00f9 un ch\u00e2teau fut construit \u00e0 l&#8217;emplacement de l&rsquo;actuelle \u00e9glise de S. Maria della Spina. Dans le fief, d&rsquo;abord soumis \u00e0 Chieri et devenu commune libre en 1694, se sont succ\u00e9d\u00e9 les dynasties des Benso et des Comtes Fontanella.  <\/p>\n\n<p>Aujourd&rsquo;hui, le village est constitu\u00e9 de plusieurs hameaux avec leur propre chapelle (San Quirico, San Giuliano, San Grato, Toetto et Rivodora) et de nombreux autres hameaux appel\u00e9s <strong>Tetti<\/strong> (Barbasso, Berruto, Chiapasso, Coggiola, Collo, Colombaro, Ghirone, None, Pietraforata, Piola, Ronchi et Valentino), issus de la dispersion de la population initiale de la r\u00e9gion du Bric Paluch, cr\u00e9ant ainsi des communaut\u00e9s socio-\u00e9conomiques ind\u00e9pendantes.<\/p>\n\n<div style=\"height:30px\" aria-hidden=\"true\" class=\"wp-block-spacer\"><\/div>\n\n<h2 class=\"wp-block-heading\">Lieux d&rsquo;int\u00e9r\u00eat<\/h2>\n\n<p>L&rsquo;<strong>\u00e9glise paroissiale de S. Maria della Spina<\/strong>, un exemple suggestif du baroque pi\u00e9montais avec une plan octogonal, construite \u00e0 partir de 1717 &#8211; o\u00f9 se trouvait autrefois un ancien ch\u00e2teau &#8211; sur la demande des comtes Fontanella de Baldissero. Elle abrite deux \u0153uvres pr\u00e9cieuses datant de 1660, un crucifix en bois et un tableau repr\u00e9sentant S. Domenico et S. Chiara aux pieds de la Vierge \u00e0 l&rsquo;Enfant. \u00c0 noter l&rsquo;orgue de 636 tuyaux conserv\u00e9 dans la tribune (1851). <\/p>\n\n<p>La <strong>chapelle du Toetto<\/strong> du XVIIe si\u00e8cle &#8211; d\u00e9di\u00e9e \u00e0 la Bienheureuse Vierge des Gr\u00e2ces &#8211; datant du XVIIIe si\u00e8cle, avec un plafond d\u00e9cor\u00e9 de fresques du XIXe si\u00e8cle.<\/p>\n\n<p>L&rsquo;<strong>ancien Puits de la Communaut\u00e9<\/strong>, en forme de sablier et avec une structure ext\u00e9rieure ressemblant \u00e0 un baldaquin ; profond de plus de 42 m\u00e8tres, il a \u00e9t\u00e9 la seule source d&rsquo;approvisionnement en eau pour le centre historique de Baldissero.<\/p>\n\n<p>La <strong>Source de San Genesio<\/strong>, une source d&rsquo;eau claire et fra\u00eeche, pr\u00e8s du cimeti\u00e8re de Rivodora.<\/p>\n","protected":false},"excerpt":{"rendered":"<p>Baldissero Torinese compte plus de 3 700 habitants et est situ\u00e9e \u00e0 14 km de Turin. Le premier \u00e9tablissement, d&rsquo;origine ancienne, est situ\u00e9 sur le Bric Paluch actuel, pr\u00e9c\u00e9demment appel\u00e9 Malloch puis Albacherio ou Alba Cherii. Domin\u00e9 au Moyen \u00c2ge par l&rsquo;Ordre de S. Leonardo, il fut d\u00e9truit et les habitants se dispers\u00e8rent vers Superga, [&hellip;]<\/p>\n","protected":false},"author":1,"featured_media":0,"parent":0,"menu_order":0,"comment_status":"closed","ping_status":"closed","template":"","meta":{"footnotes":""},"class_list":["post-5655","page","type-page","status-publish","hentry"],"_links":{"self":[{"href":"https:\/\/www.camminodonbosco.eu\/fr\/wp-json\/wp\/v2\/pages\/5655","targetHints":{"allow":["GET"]}}],"collection":[{"href":"https:\/\/www.camminodonbosco.eu\/fr\/wp-json\/wp\/v2\/pages"}],"about":[{"href":"https:\/\/www.camminodonbosco.eu\/fr\/wp-json\/wp\/v2\/types\/page"}],"author":[{"embeddable":true,"href":"https:\/\/www.camminodonbosco.eu\/fr\/wp-json\/wp\/v2\/users\/1"}],"replies":[{"embeddable":true,"href":"https:\/\/www.camminodonbosco.eu\/fr\/wp-json\/wp\/v2\/comments?post=5655"}],"version-history":[{"count":0,"href":"https:\/\/www.camminodonbosco.eu\/fr\/wp-json\/wp\/v2\/pages\/5655\/revisions"}],"wp:attachment":[{"href":"https:\/\/www.camminodonbosco.eu\/fr\/wp-json\/wp\/v2\/media?parent=5655"}],"curies":[{"name":"wp","href":"https:\/\/api.w.org\/{rel}","templated":true}]}}