{"id":5661,"date":"2022-07-14T16:07:14","date_gmt":"2022-07-14T14:07:14","guid":{"rendered":"https:\/\/www.camminodonbosco.eu\/buttigliera-dasti\/"},"modified":"2024-01-07T13:11:08","modified_gmt":"2024-01-07T12:11:08","slug":"buttigliera-dasti","status":"publish","type":"page","link":"https:\/\/www.camminodonbosco.eu\/fr\/buttigliera-dasti\/","title":{"rendered":"Buttigliera d\u2019Asti"},"content":{"rendered":"\n<p><strong>Buttigliera d&rsquo;Asti<\/strong> compte plus de 2 600 habitants et est situ\u00e9e \u00e0 29 km de Turin.<\/p>\n\n<p>En 1263, la ville d&rsquo;Asti prit le ch\u00e2teau de Mercuriolo aux Biandrate et cr\u00e9a un \u00e9tablissement appel\u00e9 \u00ab\u00a0<em>Butiglaria<\/em>\u00a0\u00bb pr\u00e8s du ch\u00e2teau.<\/p>\n\n<div style=\"height:30px\" aria-hidden=\"true\" class=\"wp-block-spacer\"><\/div>\n\n<h2 class=\"wp-block-heading\">Lieux d&rsquo;int\u00e9r\u00eat<\/h2>\n\n<p>L&rsquo;<strong>\u00e9glise romane de S. Martino<\/strong>, situ\u00e9e dans le cimeti\u00e8re et document\u00e9e d\u00e8s 1034, ancienne \u00e9glise paroissiale du village de Mercuriolo. Sa fa\u00e7ade est du XIXe si\u00e8cle, de style imitant le roman, mais \u00e0 l&rsquo;int\u00e9rieur, on trouve encore des traces de fresques du XVe si\u00e8cle. <\/p>\n\n<p>L&rsquo;\u00e9glise paroissiale de <strong>S. Biagio<\/strong> (premi\u00e8re moiti\u00e9 du XVIIIe si\u00e8cle), l&rsquo;<strong>\u00e9glise de la Confr\u00e9rie de S. Michele<\/strong> (1578), con\u00e7ue par le c\u00e9l\u00e8bre architecte turinois Bernardo Antonio Vittone, et le <strong>palais des comtes Frejlino di Buttigliera<\/strong>, qui poss\u00e9dait au XVIIIe si\u00e8cle l&rsquo;un des jardins botaniques les plus importants du Pi\u00e9mont.<\/p>\n","protected":false},"excerpt":{"rendered":"<p>Buttigliera d&rsquo;Asti compte plus de 2 600 habitants et est situ\u00e9e \u00e0 29 km de Turin. En 1263, la ville d&rsquo;Asti prit le ch\u00e2teau de Mercuriolo aux Biandrate et cr\u00e9a un \u00e9tablissement appel\u00e9 \u00ab\u00a0Butiglaria\u00a0\u00bb pr\u00e8s du ch\u00e2teau. Lieux d&rsquo;int\u00e9r\u00eat L&rsquo;\u00e9glise romane de S. Martino, situ\u00e9e dans le cimeti\u00e8re et document\u00e9e d\u00e8s 1034, ancienne \u00e9glise paroissiale [&hellip;]<\/p>\n","protected":false},"author":1,"featured_media":0,"parent":0,"menu_order":0,"comment_status":"closed","ping_status":"closed","template":"","meta":{"footnotes":""},"class_list":["post-5661","page","type-page","status-publish","hentry"],"_links":{"self":[{"href":"https:\/\/www.camminodonbosco.eu\/fr\/wp-json\/wp\/v2\/pages\/5661","targetHints":{"allow":["GET"]}}],"collection":[{"href":"https:\/\/www.camminodonbosco.eu\/fr\/wp-json\/wp\/v2\/pages"}],"about":[{"href":"https:\/\/www.camminodonbosco.eu\/fr\/wp-json\/wp\/v2\/types\/page"}],"author":[{"embeddable":true,"href":"https:\/\/www.camminodonbosco.eu\/fr\/wp-json\/wp\/v2\/users\/1"}],"replies":[{"embeddable":true,"href":"https:\/\/www.camminodonbosco.eu\/fr\/wp-json\/wp\/v2\/comments?post=5661"}],"version-history":[{"count":0,"href":"https:\/\/www.camminodonbosco.eu\/fr\/wp-json\/wp\/v2\/pages\/5661\/revisions"}],"wp:attachment":[{"href":"https:\/\/www.camminodonbosco.eu\/fr\/wp-json\/wp\/v2\/media?parent=5661"}],"curies":[{"name":"wp","href":"https:\/\/api.w.org\/{rel}","templated":true}]}}