{"id":5663,"date":"2023-11-12T18:42:50","date_gmt":"2023-11-12T17:42:50","guid":{"rendered":"https:\/\/www.camminodonbosco.eu\/capriglio\/"},"modified":"2024-02-24T17:19:40","modified_gmt":"2024-02-24T16:19:40","slug":"capriglio","status":"publish","type":"page","link":"https:\/\/www.camminodonbosco.eu\/fr\/capriglio\/","title":{"rendered":"Capriglio"},"content":{"rendered":"\n<p>Zone d\u00e9j\u00e0 habit\u00e9e \u00e0 l&rsquo;\u00e9poque romaine, avec les premi\u00e8res mentions historiques remontant \u00e0 1153, lorsqu&rsquo;elle faisait partie du comt\u00e9 de Cocconato. \u00c0 partir de 1500, elle appartint aux Savoie, avec l&rsquo;alternance de divers seigneurs f\u00e9odaux. Capriglio disposait d&rsquo;un ch\u00e2teau, d\u00e9truit entre le XVe et le XVIe si\u00e8cle, dont subsistent les sous-sols qui s&rsquo;\u00e9tendent sur toute la zone centrale du village.   <\/p>\n\n<p>Capriglio est le lieu de naissance de Margherita Occhiena, surnomm\u00e9e Mamma Margherita, la m\u00e8re de saint Jean Bosco : dans le hameau de Cecca, on peut voir la maison o\u00f9 elle est n\u00e9e le 1er avril 1788 (aujourd&rsquo;hui propri\u00e9t\u00e9 priv\u00e9e), tandis que pr\u00e8s de la mairie, le Mus\u00e9e Mamma Margherita, d\u00e9di\u00e9 \u00e0 sa m\u00e9moire, est visitable.<\/p>\n\n<h2 class=\"wp-block-heading\">Lieux d&rsquo;int\u00e9r\u00eat<\/h2>\n\n<p>L&rsquo;\u00e9glise paroissiale de la Nativit\u00e9 de la Vierge Marie, probablement construite vers 1500 mais document\u00e9e seulement depuis 1656. Largement remani\u00e9e et agrandie de mani\u00e8re inhabituelle au milieu du XIXe si\u00e8cle, avec un autel en stuc de 1759, \u0153uvre de Cristofaro Solaro, ma\u00eetre de C\u00f4me. <\/p>\n\n<p>Dans l&rsquo;h\u00f4tel de ville, ainsi que dans certaines autres propri\u00e9t\u00e9s priv\u00e9es, on trouve des plafonds en pl\u00e2tre, t\u00e9moins d&rsquo;une technique de construction du XVIIe et du XVIIIe si\u00e8cle caract\u00e9ristique de la r\u00e9gion. <\/p>\n\n<p>\u00c0 noter \u00e9galement deux sources (Fonte Bacolla et Fonte Carabina) ainsi qu&rsquo;un site g\u00e9ologique pal\u00e9ontologique datant du Plioc\u00e8ne astigien.<\/p>\n\n<p>Du point de vue de la production, Capriglio est connu pour l&rsquo;\u00e9co-type \u00ab\u00a0Peperone di Capriglio\u00a0\u00bb, un produit Slow Food.<\/p>\n","protected":false},"excerpt":{"rendered":"<p>Zone d\u00e9j\u00e0 habit\u00e9e \u00e0 l&rsquo;\u00e9poque romaine, avec les premi\u00e8res mentions historiques remontant \u00e0 1153, lorsqu&rsquo;elle faisait partie du comt\u00e9 de Cocconato. \u00c0 partir de 1500, elle appartint aux Savoie, avec l&rsquo;alternance de divers seigneurs f\u00e9odaux. Capriglio disposait d&rsquo;un ch\u00e2teau, d\u00e9truit entre le XVe et le XVIe si\u00e8cle, dont subsistent les sous-sols qui s&rsquo;\u00e9tendent sur toute [&hellip;]<\/p>\n","protected":false},"author":1,"featured_media":0,"parent":0,"menu_order":0,"comment_status":"closed","ping_status":"closed","template":"","meta":{"footnotes":""},"class_list":["post-5663","page","type-page","status-publish","hentry"],"_links":{"self":[{"href":"https:\/\/www.camminodonbosco.eu\/fr\/wp-json\/wp\/v2\/pages\/5663","targetHints":{"allow":["GET"]}}],"collection":[{"href":"https:\/\/www.camminodonbosco.eu\/fr\/wp-json\/wp\/v2\/pages"}],"about":[{"href":"https:\/\/www.camminodonbosco.eu\/fr\/wp-json\/wp\/v2\/types\/page"}],"author":[{"embeddable":true,"href":"https:\/\/www.camminodonbosco.eu\/fr\/wp-json\/wp\/v2\/users\/1"}],"replies":[{"embeddable":true,"href":"https:\/\/www.camminodonbosco.eu\/fr\/wp-json\/wp\/v2\/comments?post=5663"}],"version-history":[{"count":0,"href":"https:\/\/www.camminodonbosco.eu\/fr\/wp-json\/wp\/v2\/pages\/5663\/revisions"}],"wp:attachment":[{"href":"https:\/\/www.camminodonbosco.eu\/fr\/wp-json\/wp\/v2\/media?parent=5663"}],"curies":[{"name":"wp","href":"https:\/\/api.w.org\/{rel}","templated":true}]}}