{"id":5665,"date":"2022-07-14T16:07:41","date_gmt":"2022-07-14T14:07:41","guid":{"rendered":"https:\/\/www.camminodonbosco.eu\/castelnuovo-don-bosco\/"},"modified":"2024-02-24T17:22:47","modified_gmt":"2024-02-24T16:22:47","slug":"castelnuovo-don-bosco","status":"publish","type":"page","link":"https:\/\/www.camminodonbosco.eu\/fr\/castelnuovo-don-bosco\/","title":{"rendered":"Castelnuovo Don Bosco"},"content":{"rendered":"\n<p><strong>Castelnuovo Don Bosco<\/strong> (autrefois Castelnuovo d&rsquo;Asti), qui compte plus de 3 200 habitants et est situ\u00e9 \u00e0 28 km de Turin, doit son nom \u00e0 un b\u00e2timent fortifi\u00e9 datant du XIe si\u00e8cle &#8211; dont il ne reste qu&rsquo;une tour remani\u00e9e &#8211; autour duquel s&rsquo;est d\u00e9velopp\u00e9 le centre historique.<\/p>\n\n<p><strong>Mondonio San Domenico Savio<\/strong> (150 habitants, \u00e0 34 km de Turin) est un hameau de Castelnuovo domin\u00e9 par le <strong>ch\u00e2teau m\u00e9di\u00e9val des Rivalba<\/strong>, avec une belle place et une \u00e9glise paroissiale baroque. Ce village pittoresque a accueilli S. Domenico Savio, qui y a v\u00e9cu et est mort du chol\u00e9ra dans la maison-mus\u00e9e \u00e0 l&rsquo;entr\u00e9e du village : une biblioth\u00e8que lui est d\u00e9di\u00e9e, avec des objets historiques, situ\u00e9e pr\u00e8s de l&rsquo;ancien four communal de 1746. <\/p>\n\n<p><strong>Colle Don Bosco<\/strong> (3 276 habitants, \u00e0 35 km de Turin). La colline des Becchi abrite le complexe du <strong>Sanctuaire Sal\u00e9sien<\/strong> et un centre de formation. La Basilique, comprenant l&rsquo;   <strong>\u00c9glise sup\u00e9rieure<\/strong> &#8211; rev\u00eatue de bois \u00e0 l&rsquo;int\u00e9rieur &#8211; et l&rsquo; <strong>\u00c9glise inf\u00e9rieure<\/strong>, est pr\u00e9c\u00e9d\u00e9e par une grande place entour\u00e9e de la chapelle n\u00e9ogothique de Maria Ausiliatrice, de la petite maison o\u00f9 vivait le Saint, du mus\u00e9e de la vie rurale et du mus\u00e9e ethnographique et des missions sal\u00e9siennes, avec plus de sept mille objets. Dans l&rsquo;\u00c9glise sup\u00e9rieure, l&rsquo;orgue m\u00e9canique compte 36 registres r\u00e9els et 3 328 tuyaux, ainsi qu&rsquo;une statue du Christ ressuscit\u00e9 en tilleul d&rsquo;Ortisei taill\u00e9e dans un tronc unique. Dans l&rsquo;\u00c9glise inf\u00e9rieure, l&rsquo;orgue compte 31 registres r\u00e9els et 2 500 tuyaux.  <\/p>\n","protected":false},"excerpt":{"rendered":"<p>Castelnuovo Don Bosco (autrefois Castelnuovo d&rsquo;Asti), qui compte plus de 3 200 habitants et est situ\u00e9 \u00e0 28 km de Turin, doit son nom \u00e0 un b\u00e2timent fortifi\u00e9 datant du XIe si\u00e8cle &#8211; dont il ne reste qu&rsquo;une tour remani\u00e9e &#8211; autour duquel s&rsquo;est d\u00e9velopp\u00e9 le centre historique. Mondonio San Domenico Savio (150 habitants, \u00e0 [&hellip;]<\/p>\n","protected":false},"author":1,"featured_media":0,"parent":0,"menu_order":0,"comment_status":"closed","ping_status":"closed","template":"","meta":{"footnotes":""},"class_list":["post-5665","page","type-page","status-publish","hentry"],"_links":{"self":[{"href":"https:\/\/www.camminodonbosco.eu\/fr\/wp-json\/wp\/v2\/pages\/5665","targetHints":{"allow":["GET"]}}],"collection":[{"href":"https:\/\/www.camminodonbosco.eu\/fr\/wp-json\/wp\/v2\/pages"}],"about":[{"href":"https:\/\/www.camminodonbosco.eu\/fr\/wp-json\/wp\/v2\/types\/page"}],"author":[{"embeddable":true,"href":"https:\/\/www.camminodonbosco.eu\/fr\/wp-json\/wp\/v2\/users\/1"}],"replies":[{"embeddable":true,"href":"https:\/\/www.camminodonbosco.eu\/fr\/wp-json\/wp\/v2\/comments?post=5665"}],"version-history":[{"count":0,"href":"https:\/\/www.camminodonbosco.eu\/fr\/wp-json\/wp\/v2\/pages\/5665\/revisions"}],"wp:attachment":[{"href":"https:\/\/www.camminodonbosco.eu\/fr\/wp-json\/wp\/v2\/media?parent=5665"}],"curies":[{"name":"wp","href":"https:\/\/api.w.org\/{rel}","templated":true}]}}