{"id":5667,"date":"2022-07-18T13:32:40","date_gmt":"2022-07-18T11:32:40","guid":{"rendered":"https:\/\/www.camminodonbosco.eu\/mombello-di-torino\/"},"modified":"2024-01-07T13:15:30","modified_gmt":"2024-01-07T12:15:30","slug":"mombello-di-torino","status":"publish","type":"page","link":"https:\/\/www.camminodonbosco.eu\/fr\/mombello-di-torino\/","title":{"rendered":"Mombello di Torino"},"content":{"rendered":"\n<p><strong>Mombello di Torino<\/strong> compte environ 400 habitants et est situ\u00e9e \u00e0 27 km de Turin. \u00c9tablissement document\u00e9 depuis le XIIe si\u00e8cle, anciennement d\u00e9sign\u00e9 sous le nom de Monte della Frasca. Il est pass\u00e9 des Marquis de Monferrato \u00e0 la R\u00e9publique de Chieri au XIIIe si\u00e8cle, puis sous la domination des Savoie un si\u00e8cle plus tard. Par la suite, divers seigneurs f\u00e9odaux se sont succ\u00e9d\u00e9 jusqu&rsquo;\u00e0 la fin du XVIIIe si\u00e8cle.   <\/p>\n\n<div style=\"height:20px\" aria-hidden=\"true\" class=\"wp-block-spacer\"><\/div>\n\n<h2 class=\"wp-block-heading\">Lieux d&rsquo;int\u00e9r\u00eat<\/h2>\n\n<p>L&rsquo;<strong>\u00e9glise paroissiale<\/strong> du centre historique &#8211; riche en maisons de gentilshommes bien conserv\u00e9es et r\u00e9nov\u00e9es &#8211; est d\u00e9di\u00e9e \u00e0 S. Giovanni Battista et est surplomb\u00e9e par un clocher avec une horloge. La chapelle romane de San Lorenzo, \u00e0 la fronti\u00e8re avec le hameau de Barbaso \u00e0 Moncucco T.se.<\/p>\n","protected":false},"excerpt":{"rendered":"<p>Mombello di Torino compte environ 400 habitants et est situ\u00e9e \u00e0 27 km de Turin. \u00c9tablissement document\u00e9 depuis le XIIe si\u00e8cle, anciennement d\u00e9sign\u00e9 sous le nom de Monte della Frasca. Il est pass\u00e9 des Marquis de Monferrato \u00e0 la R\u00e9publique de Chieri au XIIIe si\u00e8cle, puis sous la domination des Savoie un si\u00e8cle plus tard. [&hellip;]<\/p>\n","protected":false},"author":1,"featured_media":0,"parent":0,"menu_order":0,"comment_status":"closed","ping_status":"closed","template":"","meta":{"footnotes":""},"class_list":["post-5667","page","type-page","status-publish","hentry"],"_links":{"self":[{"href":"https:\/\/www.camminodonbosco.eu\/fr\/wp-json\/wp\/v2\/pages\/5667","targetHints":{"allow":["GET"]}}],"collection":[{"href":"https:\/\/www.camminodonbosco.eu\/fr\/wp-json\/wp\/v2\/pages"}],"about":[{"href":"https:\/\/www.camminodonbosco.eu\/fr\/wp-json\/wp\/v2\/types\/page"}],"author":[{"embeddable":true,"href":"https:\/\/www.camminodonbosco.eu\/fr\/wp-json\/wp\/v2\/users\/1"}],"replies":[{"embeddable":true,"href":"https:\/\/www.camminodonbosco.eu\/fr\/wp-json\/wp\/v2\/comments?post=5667"}],"version-history":[{"count":0,"href":"https:\/\/www.camminodonbosco.eu\/fr\/wp-json\/wp\/v2\/pages\/5667\/revisions"}],"wp:attachment":[{"href":"https:\/\/www.camminodonbosco.eu\/fr\/wp-json\/wp\/v2\/media?parent=5667"}],"curies":[{"name":"wp","href":"https:\/\/api.w.org\/{rel}","templated":true}]}}