{"id":5671,"date":"2022-07-08T10:58:35","date_gmt":"2022-07-08T08:58:35","guid":{"rendered":"https:\/\/www.camminodonbosco.eu\/montaldo-torinese\/"},"modified":"2024-01-07T13:20:07","modified_gmt":"2024-01-07T12:20:07","slug":"montaldo-torinese","status":"publish","type":"page","link":"https:\/\/www.camminodonbosco.eu\/fr\/montaldo-torinese\/","title":{"rendered":"Montaldo Torinese"},"content":{"rendered":"\n<p><strong>Montaldo Torinese<\/strong> compte environ 750 habitants et est situ\u00e9e \u00e0 24 km de Turin.<\/p>\n\n<p>La plus ancienne mention de Montaldo remonte \u00e0 1159, lorsque Federico Barberousse l&rsquo;a attribu\u00e9 \u00e0 l&rsquo;\u00e9v\u00eaque de Turin. En 1394, le condottiere de la Renaissance Facino Cane s&#8217;empara du village apr\u00e8s de lourdes pillages. Par la suite, il a \u00e9t\u00e9 soumis \u00e0 un r\u00e9gime f\u00e9odal.  <\/p>\n\n<div style=\"height:30px\" aria-hidden=\"true\" class=\"wp-block-spacer\"><\/div>\n\n<h2 class=\"wp-block-heading\">Lieux d&rsquo;int\u00e9r\u00eat<\/h2>\n\n<p>Le <strong>ch\u00e2teau<\/strong>, fond\u00e9 probablement entre 1011 et 1038 par Landolfo, \u00e9v\u00eaque de Turin, a \u00e9t\u00e9 achev\u00e9 vers 1080 par ses successeurs. \u00c0 l&rsquo;\u00e9poque m\u00e9di\u00e9vale, il se composait de deux ailes en forme de \u00ab\u00a0L\u00a0\u00bb, auxquelles furent ajout\u00e9s les premiers remparts et les tours. Aux XVIe et XVIIe si\u00e8cles, l&rsquo;aile sud a \u00e9t\u00e9 construite, et la transformation des fa\u00e7ades a commenc\u00e9. Le ch\u00e2teau a \u00e9t\u00e9 le si\u00e8ge des P\u00e8res Barnabites du Real Collegio Carlo Alberto de Moncalieri de 1861 \u00e0 1987, et il abrite actuellement un h\u00f4tel avec un spa.   <\/p>\n\n<p>L&rsquo;<strong>\u00e9glise paroissiale<\/strong> du XVIIIe si\u00e8cle d\u00e9di\u00e9e aux <strong>Santi Vittore e Corona<\/strong> compl\u00e8te et embellit le centre historique du village.<\/p>\n\n<p>La <strong>chapelle du cimeti\u00e8re<\/strong> est l&rsquo;\u00e9glise la plus ancienne de la r\u00e9gion et le centre le plus ancien de Montaldo ; elle a \u00e9t\u00e9 construite pr\u00e8s du cimeti\u00e8re actuel et reconstruite en 1741. La particularit\u00e9 de cette \u00e9glise r\u00e9side dans son plan : une partie carr\u00e9e destin\u00e9e aux fid\u00e8les et une partie circulaire &#8211; avec l&rsquo;abside &#8211; destin\u00e9e au pr\u00eatre c\u00e9l\u00e9brant. <\/p>\n\n<p>Le <strong>Puits de Napol\u00e9on<\/strong>. L&rsquo;histoire raconte que ce puits &#8211; jamais \u00e0 sec, m\u00eame en p\u00e9riode de s\u00e9cheresse &#8211; remonte \u00e0 juin 1800, lorsque les troupes de Napol\u00e9on ont camp\u00e9 ici avant la bataille de Marengo. Certains soldats, atteints de pneumonie, auraient gu\u00e9ri apr\u00e8s avoir bu son eau, qui \u00e9tait \u00e9galement utilis\u00e9e pour ses propri\u00e9t\u00e9s diur\u00e9tiques. Ce site fait partie d&rsquo;un projet de sentier cyclable et p\u00e9destre en cours de r\u00e9alisation : le Sentier Napol\u00e9onien.   <\/p>\n\n<p>Le <strong>ch\u00eane de Barberousse<\/strong>. Sur le <strong>Bric Andio<\/strong> &#8211; juste au-dessus du cimeti\u00e8re actuel et \u00e0 la fronti\u00e8re avec Andezeno &#8211; se trouve un gros ch\u00eane plant\u00e9 en 1800, comme rep\u00e8re pour les voyageurs se rendant \u00e0 Montaldo. En 1158, une <strong>bataille<\/strong> mettant en sc\u00e8ne Fr\u00e9d\u00e9ric Barberousse (Waiblingen, vers 1122 \u2013 Saleph, 10 juin 1190), Empereur du Saint-Empire romain germanique et Roi d&rsquo;Italie, aurait eu lieu \u00e0 cet endroit. La l\u00e9gende raconte qu&rsquo;un <strong>tr\u00e9sor<\/strong> serait toujours cach\u00e9 sur la colline &#8211; pr\u00e8s du ch\u00eane &#8211; dans un r\u00e9cipient en terre cuite contenant des pi\u00e8ces d&rsquo;or.   <\/p>\n","protected":false},"excerpt":{"rendered":"<p>Montaldo Torinese compte environ 750 habitants et est situ\u00e9e \u00e0 24 km de Turin. La plus ancienne mention de Montaldo remonte \u00e0 1159, lorsque Federico Barberousse l&rsquo;a attribu\u00e9 \u00e0 l&rsquo;\u00e9v\u00eaque de Turin. En 1394, le condottiere de la Renaissance Facino Cane s&#8217;empara du village apr\u00e8s de lourdes pillages. Par la suite, il a \u00e9t\u00e9 soumis [&hellip;]<\/p>\n","protected":false},"author":1,"featured_media":0,"parent":0,"menu_order":0,"comment_status":"closed","ping_status":"closed","template":"","meta":{"footnotes":""},"class_list":["post-5671","page","type-page","status-publish","hentry"],"_links":{"self":[{"href":"https:\/\/www.camminodonbosco.eu\/fr\/wp-json\/wp\/v2\/pages\/5671","targetHints":{"allow":["GET"]}}],"collection":[{"href":"https:\/\/www.camminodonbosco.eu\/fr\/wp-json\/wp\/v2\/pages"}],"about":[{"href":"https:\/\/www.camminodonbosco.eu\/fr\/wp-json\/wp\/v2\/types\/page"}],"author":[{"embeddable":true,"href":"https:\/\/www.camminodonbosco.eu\/fr\/wp-json\/wp\/v2\/users\/1"}],"replies":[{"embeddable":true,"href":"https:\/\/www.camminodonbosco.eu\/fr\/wp-json\/wp\/v2\/comments?post=5671"}],"version-history":[{"count":0,"href":"https:\/\/www.camminodonbosco.eu\/fr\/wp-json\/wp\/v2\/pages\/5671\/revisions"}],"wp:attachment":[{"href":"https:\/\/www.camminodonbosco.eu\/fr\/wp-json\/wp\/v2\/media?parent=5671"}],"curies":[{"name":"wp","href":"https:\/\/api.w.org\/{rel}","templated":true}]}}