{"id":5675,"date":"2022-07-14T16:09:17","date_gmt":"2022-07-14T14:09:17","guid":{"rendered":"https:\/\/www.camminodonbosco.eu\/villanova-dasti\/"},"modified":"2024-01-07T15:06:19","modified_gmt":"2024-01-07T14:06:19","slug":"villanova-dasti","status":"publish","type":"page","link":"https:\/\/www.camminodonbosco.eu\/fr\/villanova-dasti\/","title":{"rendered":"Villanova d\u2019Asti"},"content":{"rendered":"\n<p><strong>Villanova d&rsquo;Asti<\/strong> est situ\u00e9e \u00e0 33 km de Turin et compte plus de 5 800 habitants. Sa fondation remonte \u00e0 l&rsquo;ann\u00e9e 1248, mais des \u00e9tablissements sont attest\u00e9s d\u00e8s l&rsquo;\u00e9poque romaine. Vers Poirino, dans le hameau de Corveglia, autour des ruines lombardes appel\u00e9es \u00ab\u00a0corte vecchia\u00a0\u00bb, des moniales b\u00e9n\u00e9dictines cr\u00e9\u00e8rent un monast\u00e8re &#8211; aujourd&rsquo;hui une structure d&rsquo;accueil &#8211; r\u00e9cemment restaur\u00e9 dans son ancienne splendeur. La r\u00e9gion autour de Villanova a \u00e9t\u00e9 le th\u00e9\u00e2tre de violents affrontements entre Fran\u00e7ais et Espagnols au XVIIe si\u00e8cle, mais les puissants remparts en \u00e9toile l&rsquo;ont toujours prot\u00e9g\u00e9e.   <\/p>\n\n<div style=\"height:30px\" aria-hidden=\"true\" class=\"wp-block-spacer\"><\/div>\n\n<h2 class=\"wp-block-heading\">Lieux d&rsquo;int\u00e9r\u00eat<\/h2>\n\n<p>Le <strong>Sanctuaire de la<\/strong> <strong>Madonna delle Grazie<\/strong>, de style n\u00e9oclassique avec une plan circulaire et deux corps lat\u00e9raux, a \u00e9t\u00e9 construit \u00e0 partir de 1860 \u00e0 l&rsquo;endroit o\u00f9 la Vierge est apparue \u00e0 Maria Baj, une jeune femme de dix-huit ans de Villanova, en 1802, alors qu&rsquo;elle faisait pa\u00eetre son b\u00e9tail pr\u00e8s d&rsquo;une source, ensuite r\u00e9put\u00e9e efficace contre les fi\u00e8vres palud\u00e9ennes et la cro\u00fbte de lait chez les enfants. Une petite chapelle a \u00e9t\u00e9 construite sur la source, toujours connue aujourd&rsquo;hui sous le nom de <strong>Fontanino<\/strong>.  <\/p>\n\n<p>Le <strong>Sanctuaire de la<\/strong> <strong>Madonna di Serra<\/strong>, un b\u00e2timent de style baroque pi\u00e9montais situ\u00e9 sur le territoire de San Paolo Solbrito, a une croix latine, une abside profonde et deux chapelles lat\u00e9rales.<\/p>\n","protected":false},"excerpt":{"rendered":"<p>Villanova d&rsquo;Asti est situ\u00e9e \u00e0 33 km de Turin et compte plus de 5 800 habitants. Sa fondation remonte \u00e0 l&rsquo;ann\u00e9e 1248, mais des \u00e9tablissements sont attest\u00e9s d\u00e8s l&rsquo;\u00e9poque romaine. Vers Poirino, dans le hameau de Corveglia, autour des ruines lombardes appel\u00e9es \u00ab\u00a0corte vecchia\u00a0\u00bb, des moniales b\u00e9n\u00e9dictines cr\u00e9\u00e8rent un monast\u00e8re &#8211; aujourd&rsquo;hui une structure d&rsquo;accueil [&hellip;]<\/p>\n","protected":false},"author":1,"featured_media":0,"parent":0,"menu_order":0,"comment_status":"closed","ping_status":"closed","template":"","meta":{"footnotes":""},"class_list":["post-5675","page","type-page","status-publish","hentry"],"_links":{"self":[{"href":"https:\/\/www.camminodonbosco.eu\/fr\/wp-json\/wp\/v2\/pages\/5675","targetHints":{"allow":["GET"]}}],"collection":[{"href":"https:\/\/www.camminodonbosco.eu\/fr\/wp-json\/wp\/v2\/pages"}],"about":[{"href":"https:\/\/www.camminodonbosco.eu\/fr\/wp-json\/wp\/v2\/types\/page"}],"author":[{"embeddable":true,"href":"https:\/\/www.camminodonbosco.eu\/fr\/wp-json\/wp\/v2\/users\/1"}],"replies":[{"embeddable":true,"href":"https:\/\/www.camminodonbosco.eu\/fr\/wp-json\/wp\/v2\/comments?post=5675"}],"version-history":[{"count":0,"href":"https:\/\/www.camminodonbosco.eu\/fr\/wp-json\/wp\/v2\/pages\/5675\/revisions"}],"wp:attachment":[{"href":"https:\/\/www.camminodonbosco.eu\/fr\/wp-json\/wp\/v2\/media?parent=5675"}],"curies":[{"name":"wp","href":"https:\/\/api.w.org\/{rel}","templated":true}]}}