{"id":5761,"date":"2022-08-05T13:22:32","date_gmt":"2022-08-05T11:22:32","guid":{"rendered":"https:\/\/www.camminodonbosco.eu\/le-reseau-des-musees-dissemines\/"},"modified":"2024-02-25T11:51:03","modified_gmt":"2024-02-25T10:51:03","slug":"le-reseau-des-musees-dissemines","status":"publish","type":"page","link":"https:\/\/www.camminodonbosco.eu\/fr\/le-reseau-des-musees-dissemines\/","title":{"rendered":"Le R\u00e9seau des Mus\u00e9es diss\u00e9min\u00e9s."},"content":{"rendered":"\n<h2 class=\"wp-block-heading\"><strong>Cambiano<\/strong><\/h2>\n\n<p><a rel=\"noreferrer noopener\" href=\"https:\/\/www.munlabtorino.it\/\" data-type=\"URL\" data-id=\"https:\/\/www.munlabtorino.it\/\" target=\"_blank\">Mun lab &#8211; Ecomuseo dell&rsquo;argilla<\/a><\/p>\n\n<div style=\"height:30px\" aria-hidden=\"true\" class=\"wp-block-spacer\"><\/div>\n\n<h2 class=\"wp-block-heading\"><strong>Castelnuovo Don Bosco<\/strong><\/h2>\n\n<p><a href=\"http:\/\/colledonbosco.org\/home\/museo-della-civilta-contadina-dellottocento\/\" data-type=\"URL\" data-id=\"http:\/\/colledonbosco.org\/home\/museo-della-civilta-contadina-dellottocento\/\" target=\"_blank\" rel=\"noreferrer noopener\">Museo della civilt\u00e0 contadina dell&rsquo;Ottocento<\/a><\/p>\n\n<p><\/p>\n\n<p><a href=\"https:\/\/colledonbosco.org\/home\/museo-etnologico-missionario-don-bosco\/\" data-type=\"URL\" data-id=\"https:\/\/colledonbosco.org\/home\/museo-etnologico-missionario-don-bosco\/\" target=\"_blank\" rel=\"noreferrer noopener\">Museo etnologico missionario Don Bosco<\/a><\/p>\n\n<p><\/p>\n\n<div style=\"height:30px\" aria-hidden=\"true\" class=\"wp-block-spacer\"><\/div>\n\n<h2 class=\"wp-block-heading\"><strong>Chieri<\/strong><\/h2>\n\n<p><a href=\"https:\/\/www.comune.chieri.to.it\/cultura-turismo\/museo-archeologico\" data-type=\"link\" data-id=\"https:\/\/www.comune.chieri.to.it\/cultura-turismo\/museo-archeologico\" target=\"_blank\" rel=\"noreferrer noopener\">MAC Mostra Archeologica Chieri<\/a><\/p>\n\n<p><a href=\"https:\/\/www.fmtessilchieri.org\/\" data-type=\"URL\" data-id=\"https:\/\/www.fmtessilchieri.org\/\" target=\"_blank\" rel=\"noreferrer noopener\">Museo del tessile<\/a><\/p>\n\n<p><\/p>\n\n<p><a href=\"https:\/\/www.martini.com\/casa-martini\/\" data-type=\"URL\" data-id=\"https:\/\/www.martini.com\/casa-martini\/\" target=\"_blank\" rel=\"noreferrer noopener\">Museo Martini <\/a>(frazione Pessione)<\/p>\n\n<p><\/p>\n\n<div style=\"height:30px\" aria-hidden=\"true\" class=\"wp-block-spacer\"><\/div>\n\n<h2 class=\"wp-block-heading\"><strong>Moncucco T.se<\/strong><\/h2>\n\n<p><a href=\"https:\/\/www.comune.moncucco.asti.it\/\" data-type=\"URL\" data-id=\"https:\/\/www.comune.moncucco.asti.it\/\" target=\"_blank\" rel=\"noreferrer noopener\">Museo del gesso <\/a><\/p>\n\n<p><\/p>\n\n<div style=\"height:30px\" aria-hidden=\"true\" class=\"wp-block-spacer\"><\/div>\n\n<h2 class=\"wp-block-heading\"><strong>Pino T.se<\/strong><\/h2>\n\n<p><a href=\"https:\/\/www.planetarioditorino.it\/it\/\" data-type=\"URL\" data-id=\"https:\/\/www.planetarioditorino.it\/it\/\" target=\"_blank\" rel=\"noreferrer noopener\">InfiniTO-parco astronomico<\/a><\/p>\n\n<p><\/p>\n\n<p><a href=\"http:\/\/www.comune.pinotorinese.to.it\/index.php\/turismo\/279-museo-delle-contadinerie\" data-type=\"URL\" data-id=\"http:\/\/www.comune.pinotorinese.to.it\/index.php\/turismo\/279-museo-delle-contadinerie\" target=\"_blank\" rel=\"noreferrer noopener\">Museo delle contadinerie<\/a><\/p>\n\n<p><\/p>\n\n<div style=\"height:30px\" aria-hidden=\"true\" class=\"wp-block-spacer\"><\/div>\n\n<h2 class=\"wp-block-heading\"><strong>Riva presso Chieri<\/strong><\/h2>\n\n<p><a href=\"http:\/\/museopaesaggiosonoro.org\/\" data-type=\"URL\" data-id=\"http:\/\/museopaesaggiosonoro.org\/\" target=\"_blank\" rel=\"noreferrer noopener\">Museo del paesaggio sonoro <\/a><\/p>\n","protected":false},"excerpt":{"rendered":"<p>Cambiano Mun lab &#8211; Ecomuseo dell&rsquo;argilla Castelnuovo Don Bosco Museo della civilt\u00e0 contadina dell&rsquo;Ottocento Museo etnologico missionario Don Bosco Chieri MAC Mostra Archeologica Chieri Museo del tessile Museo Martini (frazione Pessione) Moncucco T.se Museo del gesso Pino T.se InfiniTO-parco astronomico Museo delle contadinerie Riva presso Chieri Museo del paesaggio sonoro<\/p>\n","protected":false},"author":1,"featured_media":0,"parent":0,"menu_order":0,"comment_status":"closed","ping_status":"closed","template":"","meta":{"footnotes":""},"class_list":["post-5761","page","type-page","status-publish","hentry"],"_links":{"self":[{"href":"https:\/\/www.camminodonbosco.eu\/fr\/wp-json\/wp\/v2\/pages\/5761","targetHints":{"allow":["GET"]}}],"collection":[{"href":"https:\/\/www.camminodonbosco.eu\/fr\/wp-json\/wp\/v2\/pages"}],"about":[{"href":"https:\/\/www.camminodonbosco.eu\/fr\/wp-json\/wp\/v2\/types\/page"}],"author":[{"embeddable":true,"href":"https:\/\/www.camminodonbosco.eu\/fr\/wp-json\/wp\/v2\/users\/1"}],"replies":[{"embeddable":true,"href":"https:\/\/www.camminodonbosco.eu\/fr\/wp-json\/wp\/v2\/comments?post=5761"}],"version-history":[{"count":0,"href":"https:\/\/www.camminodonbosco.eu\/fr\/wp-json\/wp\/v2\/pages\/5761\/revisions"}],"wp:attachment":[{"href":"https:\/\/www.camminodonbosco.eu\/fr\/wp-json\/wp\/v2\/media?parent=5761"}],"curies":[{"name":"wp","href":"https:\/\/api.w.org\/{rel}","templated":true}]}}