{"id":5773,"date":"2022-07-26T13:03:11","date_gmt":"2022-07-26T11:03:11","guid":{"rendered":"https:\/\/www.camminodonbosco.eu\/ou-dormir\/"},"modified":"2024-03-09T17:56:13","modified_gmt":"2024-03-09T16:56:13","slug":"ou-dormir","status":"publish","type":"page","link":"https:\/\/www.camminodonbosco.eu\/fr\/ou-dormir\/","title":{"rendered":"O\u00f9 dormir"},"content":{"rendered":"\t\t<div data-elementor-type=\"wp-page\" data-elementor-id=\"5773\" class=\"elementor elementor-5773 elementor-2139\" data-elementor-post-type=\"page\">\n\t\t\t\t\t\t<section class=\"elementor-section elementor-top-section elementor-element elementor-element-1508fe43 elementor-section-boxed elementor-section-height-default elementor-section-height-default\" data-id=\"1508fe43\" data-element_type=\"section\">\n\t\t\t\t\t\t<div class=\"elementor-container elementor-column-gap-default\">\n\t\t\t\t\t<div class=\"elementor-column elementor-col-100 elementor-top-column elementor-element elementor-element-1644e695\" data-id=\"1644e695\" data-element_type=\"column\">\n\t\t\t<div class=\"elementor-widget-wrap elementor-element-populated\">\n\t\t\t\t\t\t<div class=\"elementor-element elementor-element-adea982 elementor-widget elementor-widget-text-editor\" data-id=\"adea982\" data-element_type=\"widget\" data-widget_type=\"text-editor.default\">\n\t\t\t\t<div class=\"elementor-widget-container\">\n\t\t\t\t\t\t\t\t\t<p><\/p>\n<p>La liste des \u00e9tablissements d&rsquo;h\u00e9bergement comprend des h\u00f4tels, des chambres d&rsquo;h\u00f4tes, des g\u00eetes ruraux, des auberges et des maisons d&rsquo;h\u00f4tes qui peuvent offrir un h\u00e9bergement aux randonneurs parcourant le Chemin de Don Bosco. Cette liste est r\u00e9guli\u00e8rement mise \u00e0 jour et toutes observations ou signalements peuvent \u00eatre envoy\u00e9s \u00e0 <a href=\"mailto:info@camminodonbosco.eu\" target=\"_blank\" rel=\"noreferrer noopener\">info@camminodonbosco.eu<\/a><\/p>\n<p><\/p>\t\t\t\t\t\t\t\t<\/div>\n\t\t\t\t<\/div>\n\t\t\t\t\t<\/div>\n\t\t<\/div>\n\t\t\t\t\t<\/div>\n\t\t<\/section>\n\t\t\t\t<section class=\"elementor-section elementor-top-section elementor-element elementor-element-50ee9a0 elementor-section-boxed elementor-section-height-default elementor-section-height-default\" data-id=\"50ee9a0\" data-element_type=\"section\">\n\t\t\t\t\t\t<div class=\"elementor-container elementor-column-gap-default\">\n\t\t\t\t\t<div class=\"elementor-column elementor-col-100 elementor-top-column elementor-element elementor-element-0fd01c4\" data-id=\"0fd01c4\" data-element_type=\"column\">\n\t\t\t<div class=\"elementor-widget-wrap elementor-element-populated\">\n\t\t\t\t\t\t<div class=\"elementor-element elementor-element-fd63f03 elementor-widget elementor-widget-text-editor\" data-id=\"fd63f03\" data-element_type=\"widget\" data-widget_type=\"text-editor.default\">\n\t\t\t\t<div class=\"elementor-widget-container\">\n\t\t\t\t\t\t\t\t\t<h2><strong>Avertissements<\/strong><\/h2>\n\t\t\t\t\t\t\t\t<\/div>\n\t\t\t\t<\/div>\n\t\t\t\t\t<\/div>\n\t\t<\/div>\n\t\t\t\t\t<\/div>\n\t\t<\/section>\n\t\t\t\t<section class=\"elementor-section elementor-top-section elementor-element elementor-element-3b73534 elementor-section-boxed elementor-section-height-default elementor-section-height-default\" data-id=\"3b73534\" data-element_type=\"section\">\n\t\t\t\t\t\t<div class=\"elementor-container elementor-column-gap-default\">\n\t\t\t\t\t<div class=\"elementor-column elementor-col-100 elementor-top-column elementor-element elementor-element-7531861\" data-id=\"7531861\" data-element_type=\"column\">\n\t\t\t<div class=\"elementor-widget-wrap elementor-element-populated\">\n\t\t\t\t\t\t<div class=\"elementor-element elementor-element-66d450e elementor-widget elementor-widget-text-editor\" data-id=\"66d450e\" data-element_type=\"widget\" data-widget_type=\"text-editor.default\">\n\t\t\t\t<div class=\"elementor-widget-container\">\n\t\t\t\t\t\t\t\t\t<p>Dans la liste, les \u00e9tablissements d&rsquo;h\u00e9bergement ne sont pas inclus (\u00e0 l&rsquo;exception de ceux g\u00e9r\u00e9s par des ordres religieux).<\/p>\n<p><span style=\"background-color: var( --e-global-color-764183d ); color: var( --e-global-color-text ); font-family: var( --e-global-typography-text-font-family ), Sans-serif; font-size: var( --e-global-typography-text-font-size ); font-style: var( --e-global-typography-text-font-style ); font-weight: var( --e-global-typography-text-font-weight ); letter-spacing: var( --e-global-typography-text-letter-spacing ); text-transform: var( --e-global-typography-text-text-transform );\">&#8211; de la ville de TURIN, pour lesquels nous renvoyons au site<\/span><a style=\"font-family: var( --e-global-typography-text-font-family ), Sans-serif; font-size: var( --e-global-typography-text-font-size ); font-style: var( --e-global-typography-text-font-style ); letter-spacing: var( --e-global-typography-text-letter-spacing ); text-transform: var( --e-global-typography-text-text-transform );\" href=\"https:\/\/www.turismotorino.org\/it\" target=\"_blank\" rel=\"noopener\">turismotorino.org<\/a><br \/><span style=\"background-color: var( --e-global-color-764183d ); color: var( --e-global-color-text ); font-family: var( --e-global-typography-text-font-family ), Sans-serif; font-size: var( --e-global-typography-text-font-size ); font-style: var( --e-global-typography-text-font-style ); font-weight: var( --e-global-typography-text-font-weight ); letter-spacing: var( --e-global-typography-text-letter-spacing ); text-transform: var( --e-global-typography-text-text-transform );\">&#8211; de la ville de CHIERI, pour lesquels nous renvoyons au site<\/span><a style=\"font-family: var( --e-global-typography-text-font-family ), Sans-serif; font-size: var( --e-global-typography-text-font-size ); font-style: var( --e-global-typography-text-font-style ); letter-spacing: var( --e-global-typography-text-letter-spacing ); text-transform: var( --e-global-typography-text-text-transform );\" href=\"http:\/\/www.turismochieri.it\/\" target=\"_blank\" rel=\"noopener\">turismochieri.it<\/a><span style=\"background-color: var( --e-global-color-764183d ); color: var( --e-global-color-text ); font-family: var( --e-global-typography-text-font-family ), Sans-serif; font-size: var( --e-global-typography-text-font-size ); font-style: var( --e-global-typography-text-font-style ); font-weight: var( --e-global-typography-text-font-weight ); letter-spacing: var( --e-global-typography-text-letter-spacing ); text-transform: var( --e-global-typography-text-text-transform );\"> \u00e0 la rubrique h\u00e9bergement et ensuite \u00e0 la rubrique <\/span><span style=\"color: var( --e-global-color-text ); font-family: var( --e-global-typography-text-font-family ), Sans-serif; font-size: var( --e-global-typography-text-font-size ); font-style: var( --e-global-typography-text-font-style ); letter-spacing: var( --e-global-typography-text-letter-spacing ); text-transform: var( --e-global-typography-text-text-transform );\"><b>dove dormire<\/b> <br \/><\/span><span style=\"background-color: var( --e-global-color-764183d ); color: var( --e-global-color-text ); font-family: var( --e-global-typography-text-font-family ), Sans-serif; font-size: var( --e-global-typography-text-font-size ); font-style: var( --e-global-typography-text-font-style ); font-weight: var( --e-global-typography-text-font-weight ); letter-spacing: var( --e-global-typography-text-letter-spacing ); text-transform: var( --e-global-typography-text-text-transform );\">&#8211; de la ville de PINO TORINESE, pour lesquels nous renvoyons au site<\/span><a style=\"font-family: var( --e-global-typography-text-font-family ), Sans-serif; font-size: var( --e-global-typography-text-font-size ); font-style: var( --e-global-typography-text-font-style ); letter-spacing: var( --e-global-typography-text-letter-spacing ); text-transform: var( --e-global-typography-text-text-transform );\" href=\"http:\/\/www.comune.pinotorinese.to.it\/index.php\/turismo\" target=\"_blank\" rel=\"noopener\">comune.pinotorinese.to.it\/index.php\/turismo<\/a><\/p>\n\t\t\t\t\t\t\t\t<\/div>\n\t\t\t\t<\/div>\n\t\t\t\t\t<\/div>\n\t\t<\/div>\n\t\t\t\t\t<\/div>\n\t\t<\/section>\n\t\t\t\t<section class=\"elementor-section elementor-top-section elementor-element elementor-element-3385076 elementor-section-boxed elementor-section-height-default elementor-section-height-default\" data-id=\"3385076\" data-element_type=\"section\">\n\t\t\t\t\t\t<div class=\"elementor-container elementor-column-gap-default\">\n\t\t\t\t\t<div class=\"elementor-column elementor-col-100 elementor-top-column elementor-element elementor-element-47032e8\" data-id=\"47032e8\" data-element_type=\"column\">\n\t\t\t<div class=\"elementor-widget-wrap elementor-element-populated\">\n\t\t\t\t\t\t<div class=\"elementor-element elementor-element-2fda7a2 elementor-widget elementor-widget-spacer\" data-id=\"2fda7a2\" data-element_type=\"widget\" data-widget_type=\"spacer.default\">\n\t\t\t\t<div class=\"elementor-widget-container\">\n\t\t\t\t\t\t\t<div class=\"elementor-spacer\">\n\t\t\t<div class=\"elementor-spacer-inner\"><\/div>\n\t\t<\/div>\n\t\t\t\t\t\t<\/div>\n\t\t\t\t<\/div>\n\t\t\t\t\t<\/div>\n\t\t<\/div>\n\t\t\t\t\t<\/div>\n\t\t<\/section>\n\t\t\t\t<section class=\"elementor-section elementor-top-section elementor-element elementor-element-eca07d6 elementor-section-boxed elementor-section-height-default elementor-section-height-default\" data-id=\"eca07d6\" data-element_type=\"section\">\n\t\t\t\t\t\t<div class=\"elementor-container elementor-column-gap-default\">\n\t\t\t\t\t<div class=\"elementor-column elementor-col-100 elementor-top-column elementor-element elementor-element-6978b11\" data-id=\"6978b11\" data-element_type=\"column\">\n\t\t\t<div class=\"elementor-widget-wrap elementor-element-populated\">\n\t\t\t\t\t\t<div class=\"elementor-element elementor-element-380d5a6 elementor-widget elementor-widget-text-editor\" data-id=\"380d5a6\" data-element_type=\"widget\" data-widget_type=\"text-editor.default\">\n\t\t\t\t<div class=\"elementor-widget-container\">\n\t\t\t\t\t\t\t\t\t<p style=\"text-align: center;\"><strong>T\u00e9l\u00e9chargement<\/strong> : <a href=\"https:\/\/www.camminodonbosco.eu\/wp-content\/uploads\/2024\/03\/StruttureRicettiveCDB9marzo2024.pdf\" target=\"_blank\" rel=\"noopener\">Liste des \u00e9tablissements d&rsquo;h\u00e9bergement<\/a><\/p>\n\t\t\t\t\t\t\t\t<\/div>\n\t\t\t\t<\/div>\n\t\t\t\t\t<\/div>\n\t\t<\/div>\n\t\t\t\t\t<\/div>\n\t\t<\/section>\n\t\t\t\t<section class=\"elementor-section elementor-top-section elementor-element elementor-element-8d5e9e8 elementor-section-boxed elementor-section-height-default elementor-section-height-default\" data-id=\"8d5e9e8\" data-element_type=\"section\">\n\t\t\t\t\t\t<div class=\"elementor-container elementor-column-gap-default\">\n\t\t\t\t\t<div class=\"elementor-column elementor-col-100 elementor-top-column elementor-element elementor-element-721c76a\" data-id=\"721c76a\" data-element_type=\"column\">\n\t\t\t<div class=\"elementor-widget-wrap elementor-element-populated\">\n\t\t\t\t\t\t<div class=\"elementor-element elementor-element-9f6d9ec elementor-widget elementor-widget-spacer\" data-id=\"9f6d9ec\" data-element_type=\"widget\" data-widget_type=\"spacer.default\">\n\t\t\t\t<div class=\"elementor-widget-container\">\n\t\t\t\t\t\t\t<div class=\"elementor-spacer\">\n\t\t\t<div class=\"elementor-spacer-inner\"><\/div>\n\t\t<\/div>\n\t\t\t\t\t\t<\/div>\n\t\t\t\t<\/div>\n\t\t\t\t\t<\/div>\n\t\t<\/div>\n\t\t\t\t\t<\/div>\n\t\t<\/section>\n\t\t\t\t<\/div>\n\t\t","protected":false},"excerpt":{"rendered":"<p>La liste des \u00e9tablissements d&rsquo;h\u00e9bergement comprend des h\u00f4tels, des chambres d&rsquo;h\u00f4tes, des g\u00eetes ruraux, des auberges et des maisons d&rsquo;h\u00f4tes qui peuvent offrir un h\u00e9bergement aux randonneurs parcourant le Chemin de Don Bosco. Cette liste est r\u00e9guli\u00e8rement mise \u00e0 jour et toutes observations ou signalements peuvent \u00eatre envoy\u00e9s \u00e0 info@camminodonbosco.eu Avertissements Dans la liste, les [&hellip;]<\/p>\n","protected":false},"author":1,"featured_media":0,"parent":0,"menu_order":0,"comment_status":"closed","ping_status":"closed","template":"","meta":{"footnotes":""},"class_list":["post-5773","page","type-page","status-publish","hentry"],"_links":{"self":[{"href":"https:\/\/www.camminodonbosco.eu\/fr\/wp-json\/wp\/v2\/pages\/5773","targetHints":{"allow":["GET"]}}],"collection":[{"href":"https:\/\/www.camminodonbosco.eu\/fr\/wp-json\/wp\/v2\/pages"}],"about":[{"href":"https:\/\/www.camminodonbosco.eu\/fr\/wp-json\/wp\/v2\/types\/page"}],"author":[{"embeddable":true,"href":"https:\/\/www.camminodonbosco.eu\/fr\/wp-json\/wp\/v2\/users\/1"}],"replies":[{"embeddable":true,"href":"https:\/\/www.camminodonbosco.eu\/fr\/wp-json\/wp\/v2\/comments?post=5773"}],"version-history":[{"count":0,"href":"https:\/\/www.camminodonbosco.eu\/fr\/wp-json\/wp\/v2\/pages\/5773\/revisions"}],"wp:attachment":[{"href":"https:\/\/www.camminodonbosco.eu\/fr\/wp-json\/wp\/v2\/media?parent=5773"}],"curies":[{"name":"wp","href":"https:\/\/api.w.org\/{rel}","templated":true}]}}