{"id":5903,"date":"2022-07-20T10:12:47","date_gmt":"2022-07-20T08:12:47","guid":{"rendered":"https:\/\/www.camminodonbosco.eu\/cookie-policy\/"},"modified":"2024-01-12T18:46:08","modified_gmt":"2024-01-12T17:46:08","slug":"cookie-policy","status":"publish","type":"page","link":"https:\/\/www.camminodonbosco.eu\/fr\/cookie-policy\/","title":{"rendered":"Cookie Policy"},"content":{"rendered":"\n<p>Ce document contient des informations sur les technologies qui permettent \u00e0 ce site web d&rsquo;atteindre les objectifs d\u00e9crits ci-dessous. Ces technologies permettent au responsable du traitement de collecter et de stocker des informations (par exemple, en utilisant des cookies) ou d&rsquo;utiliser des ressources (par exemple, en ex\u00e9cutant un script) sur le dispositif de l&rsquo;utilisateur lorsqu&rsquo;il interagit avec ce site web.<\/p>\n\n<p>Pour simplifier, dans ce document, ces technologies sont bri\u00e8vement d\u00e9finies comme des \u00ab\u00a0Outils de suivi\u00a0\u00bb, sauf s&rsquo;il y a une raison de les diff\u00e9rencier.<br\/>Par exemple, bien que les cookies puissent \u00eatre utilis\u00e9s \u00e0 la fois dans les navigateurs web et les applications mobiles, il serait inappropri\u00e9 de parler de cookies dans le contexte des applications mobiles, car ils s&rsquo;agit d&rsquo;outils de suivi qui n\u00e9cessitent la pr\u00e9sence d&rsquo;un navigateur. Pour cette raison, \u00e0 l&rsquo;int\u00e9rieur de ce document, le terme \u00ab\u00a0cookie\u00a0\u00bb est utilis\u00e9 uniquement pour d\u00e9signer de mani\u00e8re sp\u00e9cifique ce type particulier d&rsquo;outil de suivi.<\/p>\n\n<p>Certaines des finalit\u00e9s pour lesquelles les outils de suivi sont utilis\u00e9s pourraient \u00e9galement n\u00e9cessiter le consentement de l&rsquo;utilisateur. Si le consentement est donn\u00e9, il peut \u00eatre retir\u00e9 librement \u00e0 tout moment en suivant les instructions contenues dans ce document.<\/p>\n\n<p>Ce site web utilise des outils de suivi g\u00e9r\u00e9s directement par le responsable du traitement (commun\u00e9ment appel\u00e9s \u00ab\u00a0outils de suivi de premi\u00e8re partie\u00a0\u00bb) ainsi que des outils de suivi qui permettent des services fournis par des tiers (commun\u00e9ment appel\u00e9s \u00ab\u00a0outils de suivi de tiers\u00a0\u00bb). Sauf indication contraire dans ce document, ces tiers ont acc\u00e8s \u00e0 leurs propres outils de suivi.<br\/>La dur\u00e9e et la date d&rsquo;expiration des cookies et d&rsquo;autres outils de suivi similaires peuvent varier en fonction de ce qui est d\u00e9fini par le responsable du traitement ou par chaque fournisseur tiers. Certains d&rsquo;entre eux expirent \u00e0 la fin de la session de navigation de l&rsquo;utilisateur.<br\/>En plus de ce qui est sp\u00e9cifi\u00e9 dans la description de chacune des cat\u00e9gories ci-dessous, les utilisateurs peuvent obtenir des informations plus d\u00e9taill\u00e9es et \u00e0 jour sur la dur\u00e9e, ainsi que toute autre information pertinente, telle que la pr\u00e9sence d&rsquo;autres outils de suivi, dans les politiques de confidentialit\u00e9 des fournisseurs tiers respectifs (via les liens fournis) ou en contactant le responsable du traitement.<\/p>\n\n<h3 class=\"wp-block-heading\">Activit\u00e9s strictement n\u00e9cessaires pour assurer le fonctionnement de ce site web et la fourniture du service.<\/h3>\n\n<p>Ce site web utilise des cookies couramment appel\u00e9s \u00ab\u00a0techniques\u00a0\u00bb ou d&rsquo;autres outils de suivi similaires pour effectuer des activit\u00e9s strictement n\u00e9cessaires pour assurer le fonctionnement ou la fourniture du service.<\/p>\n\n<h3 class=\"wp-block-heading\">D&rsquo;autres activit\u00e9s qui impliquent l&rsquo;utilisation d&rsquo;outils de suivi.<\/h3>\n\n<h4 class=\"wp-block-heading\">Exp\u00e9rience<\/h4>\n\n<p>Ce site web utilise des outils de suivi pour am\u00e9liorer la qualit\u00e9 de l&rsquo;exp\u00e9rience utilisateur et permettre des interactions avec des contenus, des r\u00e9seaux et des plateformes externes.<\/p>\n\n<h3 class=\"wp-block-heading\">Affichage de contenu \u00e0 partir de plates-formes externes<\/h3>\n\n<p>Ce type de service permet d&rsquo;afficher du contenu h\u00e9berg\u00e9 sur des plates-formes externes directement depuis les pages de ce site web et d&rsquo;interagir avec lui.<br\/>Ce type de service peut tout de m\u00eame collecter des donn\u00e9es sur le trafic web relatif aux pages o\u00f9 le service est install\u00e9, m\u00eame lorsque les utilisateurs ne l&rsquo;utilisent pas.<\/p>\n\n<h4 class=\"wp-block-heading\">Google Fonts<\/h4>\n\n<p>Google Fonts est un service d&rsquo;affichage de styles de caract\u00e8res g\u00e9r\u00e9 par Google LLC ou par Google Ireland Limited, selon la mani\u00e8re dont le responsable g\u00e8re le traitement des donn\u00e9es, qui permet \u00e0 ce site web d&rsquo;int\u00e9grer ces contenus dans ses pages.<\/p>\n\n<p>Donn\u00e9es personnelles trait\u00e9es : Donn\u00e9es d&rsquo;utilisation et Outils de suivi.<\/p>\n\n<p>Lieu de traitement : \u00c9tats-Unis &#8211; <a href=\"https:\/\/policies.google.com\/privacy\" target=\"_blank\" rel=\"noreferrer noopener\">Privacy Policy<\/a> ; Irlande &#8211; <a href=\"https:\/\/policies.google.com\/privacy\" target=\"_blank\" rel=\"noreferrer noopener\">Privacy Policy<\/a>.<\/p>\n\n<h4 class=\"wp-block-heading\">Widget Video YouTube<\/h4>\n\n<p>YouTube est un service de visualisation de contenus vid\u00e9o g\u00e9r\u00e9 par Google LLC ou par Google Ireland Limited, selon la mani\u00e8re dont le responsable g\u00e8re le traitement des donn\u00e9es, qui permet \u00e0 ce site web d&rsquo;int\u00e9grer ces contenus dans ses pages.<\/p>\n\n<p>Donn\u00e9es personnelles trait\u00e9es : Donn\u00e9es d&rsquo;utilisation et Outils de suivi.<\/p>\n\n<p>Lieu de traitement : \u00c9tats-Unis &#8211; <a href=\"https:\/\/policies.google.com\/privacy\" target=\"_blank\" rel=\"noreferrer noopener\">Privacy Policy<\/a> ; Irlande &#8211; <a href=\"https:\/\/policies.google.com\/privacy\" target=\"_blank\" rel=\"noreferrer noopener\">Privacy Policy<\/a>.<\/p>\n\n<p>Dur\u00e9e de conservation :<\/p>\n\n<ul class=\"wp-block-list\">\n<li>PREF : 8 mois<\/li>\n\n\n\n<li>VISITOR_INFO1_LIVE: 8 mois<\/li>\n\n\n\n<li>YSC : dur\u00e9e de la session<\/li>\n<\/ul>\n\n<h3 class=\"wp-block-heading\"><a><\/a>Comment g\u00e9rer les pr\u00e9f\u00e9rences et donner ou retirer votre consentement<\/h3>\n\n<p>Il existe plusieurs fa\u00e7ons de g\u00e9rer les pr\u00e9f\u00e9rences concernant les outils de suivi et de donner ou retirer votre consentement, le cas \u00e9ch\u00e9ant :<\/p>\n\n<p>Les utilisateurs peuvent g\u00e9rer leurs pr\u00e9f\u00e9rences concernant les outils de suivi directement via les param\u00e8tres de leurs appareils, par exemple, en emp\u00eachant l&rsquo;utilisation ou le stockage des outils de suivi.<\/p>\n\n<p>De plus, chaque fois que l&rsquo;utilisation d&rsquo;outils de suivi d\u00e9pend du consentement, l&rsquo;utilisateur peut donner ou retirer ce consentement en d\u00e9finissant ses pr\u00e9f\u00e9rences dans la politique de cookies ou en mettant \u00e0 jour ces pr\u00e9f\u00e9rences via le widget de confidentialit\u00e9 pour les pr\u00e9f\u00e9rences de consentement, s&rsquo;il est disponible.<\/p>\n\n<p>Gr\u00e2ce \u00e0 des fonctionnalit\u00e9s sp\u00e9cifiques du navigateur ou de l&rsquo;appareil, il est \u00e9galement possible de supprimer les outils de suivi pr\u00e9c\u00e9demment enregistr\u00e9s, y compris ceux utilis\u00e9s pour enregistrer les pr\u00e9f\u00e9rences de consentement initialement exprim\u00e9es par l&rsquo;utilisateur.<\/p>\n\n<p>D&rsquo;autres outils de suivi pr\u00e9sents dans la m\u00e9moire locale du navigateur peuvent \u00eatre supprim\u00e9s en effa\u00e7ant l&rsquo;historique de navigation.<\/p>\n\n<p>En ce qui concerne les outils de suivi tiers, les utilisateurs peuvent g\u00e9rer leurs pr\u00e9f\u00e9rences en visitant le lien de d\u00e9sinscription correspondant (s&rsquo;il est disponible), en utilisant les outils d\u00e9crits dans la politique de confidentialit\u00e9 du tiers, ou en contactant directement ce tiers.<\/p>\n\n<h4 class=\"wp-block-heading\">Pour trouver les param\u00e8tres relatifs aux outils de suivi<\/h4>\n\n<p>Les utilisateurs peuvent, par exemple, trouver des informations sur la gestion des cookies dans certains des navigateurs les plus courants aux adresses suivantes :<\/p>\n\n<ul class=\"wp-block-list\">\n<li><a href=\"https:\/\/support.google.com\/chrome\/answer\/95647?hl=it&amp;p=cpn_cookies\" target=\"_blank\" rel=\"noreferrer noopener\">Google Chrome<\/a><\/li>\n\n\n\n<li><a href=\"https:\/\/support.mozilla.org\/it\/kb\/Attivare%20e%20disattivare%20i%20cookie\" target=\"_blank\" rel=\"noreferrer noopener\">Mozilla Firefox<\/a><\/li>\n\n\n\n<li><a href=\"https:\/\/support.apple.com\/it-it\/guide\/safari\/manage-cookies-and-website-data-sfri11471\/\" target=\"_blank\" rel=\"noreferrer noopener\">Apple Safari<\/a><\/li>\n\n\n\n<li><a href=\"http:\/\/windows.microsoft.com\/it-it\/windows-vista\/block-or-allow-cookies\" target=\"_blank\" rel=\"noreferrer noopener\">Microsoft Internet Explorer<\/a><\/li>\n\n\n\n<li><a href=\"https:\/\/support.microsoft.com\/it-it\/help\/4027947\" target=\"_blank\" rel=\"noreferrer noopener\">Microsoft Edge<\/a><\/li>\n\n\n\n<li><a href=\"https:\/\/support.brave.com\/hc\/articles\/360022806212-How-do-I-use-Shields-while-browsing\" target=\"_blank\" rel=\"noreferrer noopener\">Brave<\/a><\/li>\n\n\n\n<li><a href=\"https:\/\/help.opera.com\/latest\/web-preferences\/#cookies\" target=\"_blank\" rel=\"noreferrer noopener\">Opera<\/a><\/li>\n<\/ul>\n\n<p>Les utilisateurs peuvent \u00e9galement g\u00e9rer certains outils de suivi pour les applications mobiles en les d\u00e9sactivant via les param\u00e8tres appropri\u00e9s de leur appareil, tels que les param\u00e8tres de publicit\u00e9 pour les appareils mobiles ou les param\u00e8tres de suivi en g\u00e9n\u00e9ral (les utilisateurs peuvent consulter les param\u00e8tres de leur appareil pour trouver ceux pertinents).<\/p>\n\n<h4 class=\"wp-block-heading\">Cons\u00e9quences li\u00e9es au refus de l&rsquo;utilisation des outils de suivi<\/h4>\n\n<p>Les utilisateurs sont libres de d\u00e9cider s&rsquo;ils autorisent ou non l&rsquo;utilisation des outils de suivi. Cependant, il convient de noter que les outils de suivi permettent \u00e0 ce site web d&rsquo;offrir aux utilisateurs une exp\u00e9rience am\u00e9lior\u00e9e et des fonctionnalit\u00e9s avanc\u00e9es (conform\u00e9ment aux objectifs \u00e9nonc\u00e9s dans le pr\u00e9sent document). Par cons\u00e9quent, si l&rsquo;utilisateur d\u00e9cide de bloquer l&rsquo;utilisation des outils de suivi, le responsable du traitement pourrait ne pas \u00eatre en mesure de fournir les fonctionnalit\u00e9s associ\u00e9es.<\/p>\n\n<h3 class=\"wp-block-heading\"><a><\/a>Responsable du traitement des donn\u00e9es<\/h3>\n\n<p>Association sportive amateur<br\/>NORDIC WALKING ANDRATE<br\/>Piazza Fraschetto<br\/>10010 &#8211; Andrate (TO)<\/p>\n\n<p><strong>Adresse e-mail du responsable :<\/strong> info@camminodonbosco.eu<\/p>\n\n<p>\u00c9tant donn\u00e9 que l&rsquo;utilisation d&rsquo;outils de suivi tiers sur ce site web ne peut pas \u00eatre enti\u00e8rement contr\u00f4l\u00e9e par le responsable du traitement, toute r\u00e9f\u00e9rence sp\u00e9cifique \u00e0 des outils de suivi tiers est \u00e0 consid\u00e9rer comme indicative. Pour obtenir des informations compl\u00e8tes, les utilisateurs sont invit\u00e9s \u00e0 consulter la politique de confidentialit\u00e9 des services tiers respectifs r\u00e9pertori\u00e9s dans ce document.<\/p>\n\n<p>\u00c9tant donn\u00e9 la complexit\u00e9 objective de l&rsquo;identification des technologies de suivi, les utilisateurs sont invit\u00e9s \u00e0 contacter le responsable du traitement s&rsquo;ils souhaitent obtenir des informations suppl\u00e9mentaires sur l&rsquo;utilisation de ces technologies sur ce site web.<\/p>\n\n<h3 class=\"wp-block-heading\">D\u00e9finitions et r\u00e9f\u00e9rences l\u00e9gales<\/h3>\n\n<h4 class=\"wp-block-heading\">Donn\u00e9es personnelles (ou donn\u00e9es)<\/h4>\n\n<p>Constitue une donn\u00e9e personnelle toute information qui, directement ou indirectement, m\u00eame en relation avec toute autre information, y compris un num\u00e9ro d&rsquo;identification personnel, permet d&rsquo;identifier ou de rendre identifiable une personne physique.<\/p>\n\n<h4 class=\"wp-block-heading\">Donn\u00e9es d&rsquo;utilisation<\/h4>\n\n<p>Ce sont les informations collect\u00e9es automatiquement via ce site web (y compris les applications tierces int\u00e9gr\u00e9es \u00e0 ce site web), notamment : les adresses IP ou les noms de domaine des ordinateurs utilis\u00e9s par l&rsquo;utilisateur se connectant \u00e0 ce site web, les adresses en notation URI (Uniform Resource Identifier), l&rsquo;heure de la demande, la m\u00e9thode utilis\u00e9e pour transmettre la demande au serveur, la taille du fichier obtenu en r\u00e9ponse, le code num\u00e9rique indiquant l&rsquo;\u00e9tat de la r\u00e9ponse du serveur (r\u00e9ussite, erreur, etc.), le pays d&rsquo;origine, les caract\u00e9ristiques du navigateur et du syst\u00e8me d&rsquo;exploitation utilis\u00e9s par le visiteur, les diff\u00e9rentes indications temporelles de la visite (comme la dur\u00e9e de consultation de chaque page) et les d\u00e9tails relatifs au parcours suivi \u00e0 l&rsquo;int\u00e9rieur de l&rsquo;application, en particulier la s\u00e9quence des pages consult\u00e9es, les param\u00e8tres relatifs au syst\u00e8me d&rsquo;exploitation et \u00e0 l&rsquo;environnement informatique de l&rsquo;utilisateur.<\/p>\n\n<h4 class=\"wp-block-heading\">Utilisateur<\/h4>\n\n<p>La personne qui utilise ce site web, sauf indication contraire, correspond \u00e0 la personne concern\u00e9e.<\/p>\n\n<h4 class=\"wp-block-heading\">La personne concern\u00e9e<\/h4>\n\n<p>La personne physique \u00e0 laquelle se r\u00e9f\u00e8rent les donn\u00e9es personnelles.<\/p>\n\n<h4 class=\"wp-block-heading\">Responsable du traitement (ou Responsable)<\/h4>\n\n<p>La personne physique, morale, l&rsquo;administration publique et toute autre entit\u00e9 qui traite des donn\u00e9es personnelles pour le compte du responsable, conform\u00e9ment \u00e0 ce qui est expos\u00e9 dans la pr\u00e9sente politique de confidentialit\u00e9.<\/p>\n\n<h4 class=\"wp-block-heading\">Responsable du traitement (ou Titulaire)<\/h4>\n\n<p>La personne physique ou morale, l&rsquo;autorit\u00e9 publique, le service ou tout autre organisme qui, individuellement ou conjointement avec d&rsquo;autres, d\u00e9termine les finalit\u00e9s et les moyens du traitement des donn\u00e9es personnelles ainsi que les outils utilis\u00e9s, y compris les mesures de s\u00e9curit\u00e9 relatives au fonctionnement et \u00e0 l&rsquo;utilisation de ce site web. Le responsable du traitement, sauf indication contraire, est le propri\u00e9taire de ce site web.<\/p>\n\n<h4 class=\"wp-block-heading\">Ce site web (ou cette application)<\/h4>\n\n<p>L&rsquo;outil mat\u00e9riel ou logiciel par lequel les donn\u00e9es personnelles des utilisateurs sont collect\u00e9es et trait\u00e9es.<\/p>\n\n<h4 class=\"wp-block-heading\">Service<\/h4>\n\n<p>Le service fourni par ce site web, tel que d\u00e9fini dans les termes et conditions correspondants (le cas \u00e9ch\u00e9ant) sur ce site\/application.<\/p>\n\n<h4 class=\"wp-block-heading\">Union Europ\u00e9enne (ou UE)<\/h4>\n\n<p>Sauf indication contraire, toute r\u00e9f\u00e9rence \u00e0 l&rsquo;Union europ\u00e9enne dans ce document est r\u00e9put\u00e9e englober tous les \u00c9tats membres actuels de l&rsquo;Union europ\u00e9enne et de l&rsquo;Espace \u00e9conomique europ\u00e9en.<\/p>\n\n<h4 class=\"wp-block-heading\">Cookie<\/h4>\n\n<p>Les cookies sont des outils de suivi qui consistent en de petites portions de donn\u00e9es stock\u00e9es \u00e0 l&rsquo;int\u00e9rieur du navigateur de l&rsquo;utilisateur.<\/p>\n\n<h4 class=\"wp-block-heading\">Outil de suivi<\/h4>\n\n<p>Par \u00ab\u00a0outil de suivi\u00a0\u00bb, on entend toute technologie, telle que les cookies, les identifiants uniques, les balises web, les scripts int\u00e9gr\u00e9s, les E-tag et le fingerprinting, qui permet de suivre les utilisateurs en collectant ou en stockant des informations sur le dispositif de l&rsquo;utilisateur.<\/p>\n\n<hr class=\"wp-block-separator has-alpha-channel-opacity\"\/>\n\n<h4 class=\"wp-block-heading\">R\u00e9f\u00e9rences l\u00e9gales<\/h4>\n\n<p>Sauf indication contraire, cette politique de confidentialit\u00e9 concerne exclusivement ce site web.<\/p>\n\n<p>Derni\u00e8re modification : 10 janvier 2024<\/p>\n","protected":false},"excerpt":{"rendered":"<p>Ce document contient des informations sur les technologies qui permettent \u00e0 ce site web d&rsquo;atteindre les objectifs d\u00e9crits ci-dessous. Ces technologies permettent au responsable du traitement de collecter et de stocker des informations (par exemple, en utilisant des cookies) ou d&rsquo;utiliser des ressources (par exemple, en ex\u00e9cutant un script) sur le dispositif de l&rsquo;utilisateur lorsqu&rsquo;il [&hellip;]<\/p>\n","protected":false},"author":1,"featured_media":0,"parent":0,"menu_order":0,"comment_status":"closed","ping_status":"closed","template":"","meta":{"footnotes":""},"class_list":["post-5903","page","type-page","status-publish","hentry"],"_links":{"self":[{"href":"https:\/\/www.camminodonbosco.eu\/fr\/wp-json\/wp\/v2\/pages\/5903","targetHints":{"allow":["GET"]}}],"collection":[{"href":"https:\/\/www.camminodonbosco.eu\/fr\/wp-json\/wp\/v2\/pages"}],"about":[{"href":"https:\/\/www.camminodonbosco.eu\/fr\/wp-json\/wp\/v2\/types\/page"}],"author":[{"embeddable":true,"href":"https:\/\/www.camminodonbosco.eu\/fr\/wp-json\/wp\/v2\/users\/1"}],"replies":[{"embeddable":true,"href":"https:\/\/www.camminodonbosco.eu\/fr\/wp-json\/wp\/v2\/comments?post=5903"}],"version-history":[{"count":0,"href":"https:\/\/www.camminodonbosco.eu\/fr\/wp-json\/wp\/v2\/pages\/5903\/revisions"}],"wp:attachment":[{"href":"https:\/\/www.camminodonbosco.eu\/fr\/wp-json\/wp\/v2\/media?parent=5903"}],"curies":[{"name":"wp","href":"https:\/\/api.w.org\/{rel}","templated":true}]}}